{"id":1837,"date":"2025-11-04T20:52:19","date_gmt":"2025-11-04T20:52:19","guid":{"rendered":"https:\/\/multiclinicadoalgarve.com\/?page_id=1837"},"modified":"2025-11-04T20:53:55","modified_gmt":"2025-11-04T20:53:55","slug":"cookie-policy","status":"publish","type":"page","link":"https:\/\/multiclinicadoalgarve.com\/en\/politica-de-cookies\/","title":{"rendered":"Cookie Policy"},"content":{"rendered":"<div data-elementor-type=\"wp-page\" data-elementor-id=\"1837\" class=\"elementor elementor-1837\" data-elementor-post-type=\"page\">\n\t\t\t\t<div class=\"elementor-element elementor-element-10bdc015 e-flex e-con-boxed e-con e-parent\" data-id=\"10bdc015\" data-element_type=\"container\" data-e-type=\"container\">\n\t\t\t\t\t<div class=\"e-con-inner\">\n\t\t\t\t<div class=\"elementor-element elementor-element-55a02771 elementor-widget elementor-widget-heading\" data-id=\"55a02771\" data-element_type=\"widget\" data-e-type=\"widget\" data-widget_type=\"heading.default\">\n\t\t\t\t\t<h2 class=\"elementor-heading-title elementor-size-default\">Multicl\u00ednica do Algarve Cookie Policy<\/h2>\t\t\t\t<\/div>\n\t\t\t\t\t<\/div>\n\t\t\t\t<\/div>\n\t\t<div class=\"elementor-element elementor-element-68680fb6 e-flex e-con-boxed e-con e-parent\" data-id=\"68680fb6\" data-element_type=\"container\" data-e-type=\"container\">\n\t\t\t\t\t<div class=\"e-con-inner\">\n\t\t\t\t<div class=\"elementor-element elementor-element-4ce205f1 elementor-widget elementor-widget-text-editor\" data-id=\"4ce205f1\" data-element_type=\"widget\" data-e-type=\"widget\" data-widget_type=\"text-editor.default\">\n\t\t\t\t\t\t\t\t\t<p data-start=\"2861\" data-end=\"2948\"><br data-start=\"2911\" data-end=\"2914\" \/>Last updated: 04\/11\/2025<\/p><p data-start=\"2950\" data-end=\"3077\">This Cookie Policy explains what cookies are, what types we use, what they are used for and how you can manage or deactivate them.<\/p><h3 data-start=\"3079\" data-end=\"3105\">1. What cookies are<\/h3><p data-start=\"3106\" data-end=\"3279\">Cookies are small text files stored on your device when you visit our website. They allow us to improve your experience and understand how the site is used.<\/p><h3 data-start=\"3281\" data-end=\"3317\">2. Types of cookies used<\/h3><p data-start=\"3318\" data-end=\"3676\"><strong data-start=\"3318\" data-end=\"3344\">a) Essential cookies:<\/strong> necessary for the operation of the site.<br data-start=\"3386\" data-end=\"3389\" \/><strong data-start=\"3389\" data-end=\"3418\">b) Performance cookies:<\/strong> collect information about how you use the site in order to improve its operation.<br data-start=\"3500\" data-end=\"3503\" \/><strong data-start=\"3503\" data-end=\"3529\">c) Functional cookies:<\/strong> save preferences such as language or region.<br data-start=\"3573\" data-end=\"3576\" \/><strong data-start=\"3576\" data-end=\"3604\">d) Marketing cookies:<\/strong> help show relevant adverts (only with consent).<\/p><h3 data-start=\"3678\" data-end=\"3707\">3. Third-party cookies<\/h3><p data-start=\"3708\" data-end=\"3867\">We may use service cookies such as <strong data-start=\"3750\" data-end=\"3770\">Google Analytics<\/strong> or <strong data-start=\"3774\" data-end=\"3793\">Meta (Facebook)<\/strong> for statistical or advertising purposes, only with your consent.<\/p><h3 data-start=\"3869\" data-end=\"3900\">4. How to control cookies<\/h3><p data-start=\"3901\" data-end=\"4154\">You can accept, refuse or personalise cookies via our <strong data-start=\"3964\" data-end=\"3991\">consent banner<\/strong> or the <strong data-start=\"4004\" data-end=\"4023\">\u201cManage cookies\u201d<\/strong> available in the footer.<br data-start=\"4053\" data-end=\"4056\" \/>You can also set your browser to delete or block cookies.<br data-start=\"4129\" data-end=\"4132\" \/>More information at:<\/p><ul data-start=\"4155\" data-end=\"4763\"><li data-start=\"4155\" data-end=\"4263\"><p data-start=\"4157\" data-end=\"4263\">Chrome: <a class=\"decorated-link cursor-pointer\" target=\"_new\" rel=\"noopener\" data-start=\"4165\" data-end=\"4261\">https:\/\/support.google.com\/chrome\/answer\/95647<\/a><\/p><\/li><li data-start=\"4264\" data-end=\"4461\"><p data-start=\"4266\" data-end=\"4461\">Firefox: <a class=\"decorated-link cursor-pointer\" target=\"_new\" rel=\"noopener\" data-start=\"4275\" data-end=\"4459\">https:\/\/support.mozilla.org\/pt-PT\/kb\/cookies-informacoes-sites-armazenam-no-seu-computador<\/a><\/p><\/li><li data-start=\"4462\" data-end=\"4594\"><p data-start=\"4464\" data-end=\"4594\">Safari: <a class=\"decorated-link cursor-pointer\" target=\"_new\" rel=\"noopener\" data-start=\"4472\" data-end=\"4592\">https:\/\/support.apple.com\/pt-pt\/guide\/safari\/sfri11471\/mac<\/a><\/p><\/li><li data-start=\"4595\" data-end=\"4763\"><p data-start=\"4597\" data-end=\"4763\">Edge: <a class=\"decorated-link cursor-pointer\" target=\"_new\" rel=\"noopener\" data-start=\"4603\" data-end=\"4763\">https:\/\/support.microsoft.com\/pt-pt\/help\/4027947\/microsoft-edge-delete-cookies<\/a><\/p><\/li><\/ul><h3 data-start=\"4765\" data-end=\"4795\">5. Changes to the policy<\/h3><p data-start=\"4796\" data-end=\"4952\">Multicl\u00ednica do Algarve reserves the right to update this Cookie Policy at any time. We recommend that you check this page regularly.<\/p>\t\t\t\t\t\t\t\t<\/div>\n\t\t\t\t\t<\/div>\n\t\t\t\t<\/div>\n\t\t\t\t<\/div>","protected":false},"excerpt":{"rendered":"<p>Pol\u00edtica de Cookies da Multicl\u00ednica do Algarve \u00daltima atualiza\u00e7\u00e3o:04\/11\/2025 Esta Pol\u00edtica de Cookies explica o que s\u00e3o cookies, que tipos utilizamos, para que servem e como pode geri-los ou desativ\u00e1-los. 1. O que s\u00e3o cookies Cookies s\u00e3o pequenos ficheiros de texto armazenados no seu dispositivo quando visita o nosso site. Permitem melhorar a sua experi\u00eancia [&hellip;]<\/p>\n","protected":false},"author":1,"featured_media":0,"parent":0,"menu_order":0,"comment_status":"closed","ping_status":"closed","template":"elementor_header_footer","meta":{"footnotes":""},"class_list":["post-1837","page","type-page","status-publish","hentry"],"_links":{"self":[{"href":"https:\/\/multiclinicadoalgarve.com\/en\/wp-json\/wp\/v2\/pages\/1837","targetHints":{"allow":["GET"]}}],"collection":[{"href":"https:\/\/multiclinicadoalgarve.com\/en\/wp-json\/wp\/v2\/pages"}],"about":[{"href":"https:\/\/multiclinicadoalgarve.com\/en\/wp-json\/wp\/v2\/types\/page"}],"author":[{"embeddable":true,"href":"https:\/\/multiclinicadoalgarve.com\/en\/wp-json\/wp\/v2\/users\/1"}],"replies":[{"embeddable":true,"href":"https:\/\/multiclinicadoalgarve.com\/en\/wp-json\/wp\/v2\/comments?post=1837"}],"version-history":[{"count":0,"href":"https:\/\/multiclinicadoalgarve.com\/en\/wp-json\/wp\/v2\/pages\/1837\/revisions"}],"wp:attachment":[{"href":"https:\/\/multiclinicadoalgarve.com\/en\/wp-json\/wp\/v2\/media?parent=1837"}],"curies":[{"name":"wp","href":"https:\/\/api.w.org\/{rel}","templated":true}]}}