{"id":3530,"date":"2026-03-11T17:48:26","date_gmt":"2026-03-11T17:48:26","guid":{"rendered":"https:\/\/multiclinicadoalgarve.com\/?page_id=3530"},"modified":"2026-03-15T12:31:59","modified_gmt":"2026-03-15T12:31:59","slug":"work-with-us","status":"publish","type":"page","link":"https:\/\/multiclinicadoalgarve.com\/en\/trabalhe-connosco\/","title":{"rendered":"Work with us"},"content":{"rendered":"\t\t<div data-elementor-type=\"wp-page\" data-elementor-id=\"3530\" class=\"elementor elementor-3530\" data-elementor-post-type=\"page\">\n\t\t\t\t<div class=\"elementor-element elementor-element-a8ee67f e-con-full e-flex e-con e-parent\" data-id=\"a8ee67f\" data-element_type=\"container\" data-e-type=\"container\">\n\t\t\t\t<div class=\"elementor-element elementor-element-47012a2 elementor-widget elementor-widget-html\" data-id=\"47012a2\" data-element_type=\"widget\" data-e-type=\"widget\" data-widget_type=\"html.default\">\n\t\t\t\t\t<style>\r\n    \/* === HERO PREMIUM: VERSI\u00d3N FINAL EQUILIBRADA === *\/\r\n    \r\n    \/* 1. CONTENEDOR PRINCIPAL *\/\r\n    #mg-premium-hero {\r\n        position: relative;\r\n        width: 100%;\r\n        \/* VOLVEMOS A UNA ALTURA SENSATA *\/\r\n        min-height: 70vh; \/* Ni muy grande ni muy peque\u00f1o *\/\r\n        display: flex;\r\n        align-items: center; \r\n        justify-content: flex-start;\r\n        overflow: hidden;\r\n        font-family: 'Montserrat', sans-serif;\r\n        box-sizing: border-box;\r\n    }\r\n\r\n    \/* 2. IMAGEN DE FONDO (LA CLAVE) *\/\r\n    #mg-premium-hero .mg-bg-image {\r\n        position: absolute;\r\n        top: 0; \r\n        left: 0; \r\n        width: 100%; \r\n        height: 100%;\r\n        \r\n        object-fit: cover; \r\n        \r\n        \/* FORZAMOS ALINEACI\u00d3N SUPERIOR *\/\r\n        \/* \"center top\" intenta salvar la cabeza lo m\u00e1ximo posible *\/\r\n        object-position: right 50%; \r\n        \r\n        z-index: 0;\r\n    }\r\n\r\n    \/* 3. OVERLAY *\/\r\n    #mg-premium-hero .mg-overlay {\r\n        position: absolute;\r\n        top: 0; left: 0; width: 100%; height: 100%;\r\n        background: linear-gradient(90deg, rgba(12, 46, 69, 0.95) 0%, rgba(12, 46, 69, 0.7) 50%, rgba(12, 46, 69, 0.1) 100%);\r\n        z-index: 1;\r\n    }\r\n\r\n    \/* 4. CONTENIDO (TEXTO IZQUIERDA) *\/\r\n    #mg-premium-hero .mg-content {\r\n        position: relative;\r\n        z-index: 2;\r\n        width: 100%;\r\n        max-width: 1140px;\r\n        margin: 0 auto;\r\n        padding: 40px 20px;\r\n        color: #ffffff;\r\n        display: flex;\r\n        flex-direction: column;\r\n        align-items: flex-start;\r\n    }\r\n\r\n    \/* Migas de Pan *\/\r\n    #mg-premium-hero .mg-breadcrumbs {\r\n        font-size: 13px; text-transform: uppercase; letter-spacing: 1.5px;\r\n        margin-bottom: 24px; opacity: 0.9; font-weight: 500; display: block; line-height: 1;\r\n    }\r\n    #mg-premium-hero .mg-breadcrumbs a { color: #ffffff; text-decoration: none; }\r\n\r\n    \/* T\u00edtulo H1 (ANCHO LIMITADO) *\/\r\n    #mg-premium-hero h1.mg-title {\r\n        font-size: 3.5rem; \r\n        font-weight: 700;\r\n        line-height: 1.1;\r\n        margin: 0 0 25px 0;\r\n        color: #ffffff;\r\n        max-width: 650px; \/* Texto a la izquierda *\/\r\n        \r\n        animation: fadeUp 0.8s ease-out forwards;\r\n        opacity: 0; transform: translateY(30px);\r\n    }\r\n\r\n    \/* Subt\u00edtulo H2 (ANCHO LIMITADO) *\/\r\n    #mg-premium-hero h2.mg-subtitle {\r\n        font-size: 1.25rem; \r\n        font-weight: 300;\r\n        letter-spacing: 0.8px;\r\n        line-height: 1.6;\r\n        margin: 0 0 35px 0;\r\n        color: #f0f4f8;\r\n        max-width: 600px; \/* Texto a la izquierda *\/\r\n        border-left: 4px solid #7aa294;\r\n        padding-left: 25px;\r\n        \r\n        animation: fadeUp 0.8s ease-out 0.2s forwards;\r\n        opacity: 0; transform: translateY(30px);\r\n    }\r\n\r\n    \/* Bot\u00f3n *\/\r\n    #mg-premium-hero .mg-hero-btn {\r\n        display: inline-block;\r\n        padding: 15px 35px;\r\n        background-color: #7aa294; color: #fff;\r\n        font-weight: 700; text-transform: uppercase; text-decoration: none;\r\n        border-radius: 50px;\r\n        transition: transform 0.3s ease;\r\n        \r\n        animation: fadeUp 0.8s ease-out 0.4s forwards;\r\n        opacity: 0; transform: translateY(30px);\r\n    }\r\n    #mg-premium-hero .mg-hero-btn:hover { \r\n        transform: translateY(-3px);\r\n        background-color:white;\r\n        color: #1c3f58;\r\n        }\r\n\r\n    @keyframes fadeUp { to { opacity: 1; transform: translateY(0); } }\r\n\r\n\/* --- RESPONSIVE M\u00d3VIL (ARREGLO DEFINITIVO) --- *\/\r\n    @media (max-width: 767px) {\r\n        \/* 1. Altura controlada en m\u00f3vil *\/\r\n        #mg-premium-hero { \r\n            min-height: 85vh; \/* Bastante alto para que quepa todo *\/\r\n            padding: 100px 0 60px 0; \r\n            align-items: flex-start; \/* Texto arriba *\/\r\n        }\r\n\r\n        \/* 2. IMAGEN: Centrada para que salga la cara del doctor *\/\r\n        #mg-premium-hero .mg-bg-image { \r\n            object-position: center top; \/* Centrado horizontal, pegado arriba *\/\r\n        }\r\n\r\n        \/* 3. OVERLAY: M\u00e1s oscuro para que el texto blanco se lea sobre la cara *\/\r\n        #mg-premium-hero .mg-overlay {\r\n            background: linear-gradient(180deg, rgba(12, 46, 69, 0.95) 0%, rgba(12, 46, 69, 0.6) 60%, rgba(12, 46, 69, 0.2) 100%); \r\n        }\r\n\r\n        \/* 4. TEXTO: Ancho completo *\/\r\n        #mg-premium-hero h1.mg-title {\r\n            font-size: 2.2rem; \r\n            line-height: 1.2;\r\n            margin-bottom: 20px;\r\n            max-width: 100%;\r\n            text-align: left; \/* O center si prefieres *\/\r\n        }\r\n\r\n        #mg-premium-hero h2.mg-subtitle {\r\n            font-size: 1.1rem; \r\n            line-height: 1.5;\r\n            padding-left: 15px;\r\n            border-left-width: 3px;\r\n            max-width: 100%;\r\n            text-align: left;\r\n        }\r\n        \r\n        \/* 5. CONTENIDO: Aseguramos que el texto est\u00e9 arriba *\/\r\n        #mg-premium-hero .mg-content {\r\n            padding-top: 20px;\r\n        }\r\n    }\r\n<\/style>\r\n\r\n<section id=\"mg-premium-hero\">\r\n    \r\n    <img decoding=\"async\" src=\"https:\/\/multiclinicadoalgarve.com\/wp-content\/uploads\/2026\/02\/medicina-geral-quarteira-multiclinica-do-algarve-1.webp\" \r\n         class=\"mg-bg-image\" \r\n         alt=\"M\u00e9dico sorridente na Multicl\u00ednica do Algarve em Quarteira representando a equipa de profissionais de sa\u00fade\">\r\n\r\n    <div class=\"mg-overlay\"><\/div>\r\n    \r\n    <div class=\"mg-content\">\r\n        <nav class=\"mg-breadcrumbs\"><nav aria-label=\"breadcrumbs\" class=\"rank-math-breadcrumb\"><p><span class=\"last\">Home<\/span><\/p><\/nav><\/nav>\r\n        \r\n        <h1 class=\"mg-title\">\r\n           Candidaturas \u2013 Trabalhe Connosco na Multicl\u00ednica do Algarve\r\n        <\/h1>\r\n\r\n        <h2 class=\"mg-subtitle\">\r\n           Na Multicl\u00ednica do Algarve acreditamos num atendimento humano, profissional e focado no bem-estar dos nossos pacientes. \r\nSe \u00e9 um profissional da \u00e1rea da sa\u00fade e procura um ambiente de trabalho s\u00e9rio, colaborativo e em crescimento, convidamo-lo a enviar a sua candidatura.\r\n        <\/h2>\r\n\r\n        <a href=\"#formulario-candidatura\" class=\"mg-hero-btn \">Enviar Candidatura<\/a>\r\n    <\/div>\r\n\r\n\r\n<\/section>\t\t\t\t<\/div>\n\t\t\t\t<\/div>\n\t\t<div class=\"elementor-element elementor-element-ee21e08 e-con-full e-flex e-con e-parent\" data-id=\"ee21e08\" data-element_type=\"container\" data-e-type=\"container\">\n\t\t\t\t<div class=\"elementor-element elementor-element-133fc25 elementor-widget elementor-widget-html\" data-id=\"133fc25\" data-element_type=\"widget\" data-e-type=\"widget\" data-widget_type=\"html.default\">\n\t\t\t\t\t<style>\r\n  :root {\r\n    \/* Elementor Global Colors with Fallbacks *\/\r\n    --ews-primary: var(--e-global-color-primary, #0A4B6E);\r\n    --ews-accent: var(--e-global-color-accent, #00B4D8);\r\n    --ews-text-dark: var(--e-global-color-text, #334155);\r\n    --ews-text-muted: #64748B;\r\n    --ews-bg-light: #F8FAFC;\r\n    --ews-font-main: var(--e-global-typography-primary-font-family, 'Inter', system-ui, sans-serif);\r\n  }\r\n\r\n  \/* Section Structure *\/\r\n  .ews-areas-list {\r\n    padding: 5rem 1.5rem;\r\n    background-color: var(--ews-bg-light);\r\n    font-family: var(--ews-font-main);\r\n  }\r\n\r\n  .ews-areas-list__container {\r\n    max-width: 900px; \/* Reducido para una lista de texto, mejora la lectura *\/\r\n    margin: 0 auto;\r\n  }\r\n\r\n  \/* Header Section *\/\r\n  .ews-areas-list__header {\r\n    text-align: center;\r\n    margin: 0 auto 3rem auto;\r\n  }\r\n\r\n  .ews-areas-list__title {\r\n    color: var(--ews-primary);\r\n    font-size: clamp(2rem, 4vw, 2.5rem);\r\n    font-weight: 800;\r\n    margin: 0 0 1rem 0;\r\n    letter-spacing: -0.02em;\r\n  }\r\n\r\n  .ews-areas-list__desc {\r\n    color: var(--ews-text-muted);\r\n    font-size: clamp(1rem, 1.2vw, 1.125rem);\r\n    line-height: 1.6;\r\n    margin: 0;\r\n  }\r\n\r\n  \/* Simple Checklist Grid *\/\r\n  .ews-checklist {\r\n    list-style: none;\r\n    padding: 0;\r\n    margin: 0;\r\n    display: grid;\r\n    grid-template-columns: 1fr;\r\n    gap: 1.25rem 2rem;\r\n  }\r\n\r\n  \/* CSS-Only Checkmark Design *\/\r\n  .ews-checklist__item {\r\n    position: relative;\r\n    padding-left: 2rem;\r\n    color: var(--ews-text-dark);\r\n    font-size: 1.125rem;\r\n    font-weight: 500;\r\n    line-height: 1.5;\r\n    display: flex;\r\n    align-items: center;\r\n  }\r\n\r\n  .ews-checklist__item::before {\r\n    content: '';\r\n    position: absolute;\r\n    left: 0;\r\n    top: 50%;\r\n    \/* Create a checkmark with borders *\/\r\n    width: 6px;\r\n    height: 12px;\r\n    border: solid var(--ews-accent);\r\n    border-width: 0 2px 2px 0;\r\n    transform: translateY(-60%) rotate(45deg);\r\n  }\r\n\r\n  \/* --- ANIMATION LOGIC (FAIL-SAFE) --- *\/\r\n  .ews-anim-fade-up {\r\n    opacity: 1;\r\n    transform: translateY(0);\r\n    transition: opacity 0.6s cubic-bezier(0.16, 1, 0.3, 1), transform 0.6s cubic-bezier(0.16, 1, 0.3, 1);\r\n  }\r\n\r\n  .ews-anim-fade-up.js-ready {\r\n    opacity: 0;\r\n    transform: translateY(20px);\r\n  }\r\n\r\n  .ews-anim-fade-up.is-visible {\r\n    opacity: 1;\r\n    transform: translateY(0);\r\n  }\r\n\r\n  \/* Responsive Adjustments *\/\r\n  @media (min-width: 600px) {\r\n    .ews-checklist {\r\n      grid-template-columns: repeat(2, 1fr);\r\n    }\r\n  }\r\n<\/style>\r\n\r\n<section id=\"vagas\" class=\"ews-areas-list\">\r\n  <div class=\"ews-areas-list__container\">\r\n    \r\n    <header class=\"ews-areas-list__header ews-anim-fade-up\">\r\n      <h2 class=\"ews-areas-list__title\">\u00c1reas de interesse<\/h2>\r\n      <p class=\"ews-areas-list__desc\">Aceitamos candidaturas de profissionais qualificados das seguintes \u00e1reas de sa\u00fade:<\/p>\r\n    <\/header>\r\n\r\n    <ul class=\"ews-checklist\">\r\n      <li class=\"ews-checklist__item ews-anim-fade-up\" style=\"transition-delay: 0.0s;\">Cardiologia<\/li>\r\n      <li class=\"ews-checklist__item ews-anim-fade-up\" style=\"transition-delay: 0.1s;\">Gastroenterologia<\/li>\r\n      <li class=\"ews-checklist__item ews-anim-fade-up\" style=\"transition-delay: 0.2s;\">Dermatologia<\/li>\r\n      <li class=\"ews-checklist__item ews-anim-fade-up\" style=\"transition-delay: 0.3s;\">Otorrinolaringologia<\/li>\r\n      <li class=\"ews-checklist__item ews-anim-fade-up\" style=\"transition-delay: 0.0s;\">Pediatria<\/li>\r\n      <li class=\"ews-checklist__item ews-anim-fade-up\" style=\"transition-delay: 0.1s;\">Endocrinologia<\/li>\r\n      <li class=\"ews-checklist__item ews-anim-fade-up\" style=\"transition-delay: 0.2s;\">Psiquiatria<\/li>\r\n      <li class=\"ews-checklist__item ews-anim-fade-up\" style=\"transition-delay: 0.3s;\">E outras especialidades m\u00e9dicas.<\/li>\r\n    <\/ul>\r\n\r\n  <\/div>\r\n<\/section>\r\n\r\n<script>\r\n  (function() {\r\n    const initScrollAnim = () => {\r\n      const elements = document.querySelectorAll('.ews-anim-fade-up');\r\n      if (!elements.length) return;\r\n\r\n      \/\/ Enable JS-driven animation state\r\n      elements.forEach(el => el.classList.add('js-ready'));\r\n\r\n      const observer = new IntersectionObserver((entries, obs) => {\r\n        entries.forEach(entry => {\r\n          if (entry.isIntersecting) {\r\n            entry.target.classList.add('is-visible');\r\n            obs.unobserve(entry.target);\r\n          }\r\n        });\r\n      }, { rootMargin: '0px', threshold: 0.1 });\r\n\r\n      elements.forEach(el => observer.observe(el));\r\n    };\r\n\r\n    if (document.readyState === 'loading') {\r\n      document.addEventListener(\"DOMContentLoaded\", initScrollAnim);\r\n    } else {\r\n      initScrollAnim();\r\n    }\r\n  })();\r\n<\/script>\t\t\t\t<\/div>\n\t\t\t\t<\/div>\n\t\t<div class=\"elementor-element elementor-element-32621b5 e-con-full e-flex e-con e-parent\" data-id=\"32621b5\" data-element_type=\"container\" data-e-type=\"container\" id=\"formulario-candidatura\">\n\t\t\t\t<div class=\"elementor-element elementor-element-9c64a3e elementor-widget elementor-widget-html\" data-id=\"9c64a3e\" data-element_type=\"widget\" data-e-type=\"widget\" data-widget_type=\"html.default\">\n\t\t\t\t\t<style>\r\n  :root {\r\n    \/* Elementor Global Colors with Fallbacks *\/\r\n    --ews-primary: var(--e-global-color-primary, #0A4B6E);\r\n    --ews-text-dark: var(--e-global-color-text, #334155);\r\n    --ews-text-muted: #64748B;\r\n    --ews-bg-white: #FFFFFF;\r\n    --ews-border: #E2E8F0;\r\n    --ews-font-main: var(--e-global-typography-primary-font-family, 'Inter', system-ui, sans-serif);\r\n  }\r\n\r\n  \/* Section Structure *\/\r\n  .ews-apply {\r\n    padding: 5rem 1.5rem;\r\n    background-color: var(--ews-bg-white);\r\n    font-family: var(--ews-font-main);\r\n  }\r\n\r\n  .ews-apply__container {\r\n    max-width: 800px; \/* Ancho optimizado para formularios *\/\r\n    margin: 0 auto;\r\n  }\r\n\r\n  \/* Header Section *\/\r\n  .ews-apply__header {\r\n    text-align: center;\r\n    margin-bottom: -2rem;\r\n  }\r\n\r\n  .ews-apply__title {\r\n    color: var(--ews-primary);\r\n    font-size: clamp(2rem, 4vw, 2.5rem);\r\n    font-weight: 800;\r\n    margin: 0 0 1.2rem 0;\r\n    letter-spacing: -0.02em;\r\n  }\r\n\r\n  .ews-apply__desc {\r\n    color: var(--ews-text-muted);\r\n    font-size: clamp(1rem, 1.2vw, 1.125rem);\r\n    line-height: 1.6;\r\n    margin: 0;\r\n    text-wrap: pretty;\r\n  }\r\n\r\n  \/* Slot para el Formulario de Elementor *\/\r\n  .ews-apply__form-slot {\r\n    background-color: var(--ews-bg-white);\r\n    border: 1px dashed var(--ews-border);\r\n    border-radius: 12px;\r\n    padding: 2rem;\r\n    text-align: center;\r\n    color: var(--ews-text-muted);\r\n    font-size: 0.875rem;\r\n    \/* Sombras sutiles preparadas para cuando insertes el formulario real *\/\r\n    box-shadow: 0 10px 25px -5px rgba(0, 0, 0, 0.05), 0 8px 10px -6px rgba(0, 0, 0, 0.01);\r\n  }\r\n\r\n  \/* --- ANIMATION LOGIC (FAIL-SAFE) --- *\/\r\n  .ews-anim-fade-up {\r\n    opacity: 1;\r\n    transform: translateY(0);\r\n    transition: opacity 0.8s cubic-bezier(0.16, 1, 0.3, 1), transform 0.8s cubic-bezier(0.16, 1, 0.3, 1);\r\n  }\r\n\r\n  .ews-anim-fade-up.js-ready {\r\n    opacity: 0;\r\n    transform: translateY(30px);\r\n  }\r\n\r\n  .ews-anim-fade-up.is-visible {\r\n    opacity: 1;\r\n    transform: translateY(0);\r\n  }\r\n<\/style>\r\n\r\n<section id=\"candidatura\" class=\"ews-apply\">\r\n  <div class=\"ews-apply__container\">\r\n    \r\n    <header class=\"ews-apply__header ews-anim-fade-up\">\r\n      <h2 class=\"ews-apply__title\">Envie a sua candidatura<\/h2>\r\n      <p class=\"ews-apply__desc\">\r\n        Se deseja colaborar connosco, preencha o formul\u00e1rio abaixo e envie o seu curr\u00edculo. A nossa equipa analisar\u00e1 a sua candidatura e entraremos em contacto caso exista uma oportunidade adequada ao seu perfil.\r\n      <\/p>\r\n    <\/header>\r\n\r\n  <\/div>\r\n<\/section>\r\n\r\n\t\t\t\t<\/div>\n\t\t<div class=\"elementor-element elementor-element-4ed0949 e-con-full e-flex e-con e-child\" data-id=\"4ed0949\" data-element_type=\"container\" data-e-type=\"container\">\n\t\t<div class=\"elementor-element elementor-element-e3eda48 e-flex e-con-boxed e-con e-child\" data-id=\"e3eda48\" data-element_type=\"container\" data-e-type=\"container\">\n\t\t\t\t\t<div class=\"e-con-inner\">\n\t\t\t\t<div class=\"elementor-element elementor-element-7ab6031 elementor-button-align-center elementor-widget elementor-widget-form\" data-id=\"7ab6031\" data-element_type=\"widget\" data-e-type=\"widget\" data-settings=\"{&quot;step_next_label&quot;:&quot;Next&quot;,&quot;step_previous_label&quot;:&quot;Previous&quot;,&quot;button_width&quot;:&quot;100&quot;,&quot;step_type&quot;:&quot;number_text&quot;,&quot;step_icon_shape&quot;:&quot;circle&quot;}\" data-widget_type=\"form.default\">\n\t\t\t\t\t\t\t<form class=\"elementor-form\" method=\"post\" name=\"Form enviar CV\" aria-label=\"Form enviar CV\">\r\n\t\t\t<input type=\"hidden\" name=\"post_id\" value=\"3530\"\/>\r\n\t\t\t<input type=\"hidden\" name=\"form_id\" value=\"7ab6031\"\/>\r\n\t\t\t<input type=\"hidden\" name=\"referer_title\" value=\"Trabalhe Connosco | Candidaturas \u2013 Multicl\u00ednica do Algarve\" \/>\r\n\r\n\t\t\t\t\t\t\t<input type=\"hidden\" name=\"queried_id\" value=\"3530\"\/>\r\n\t\t\t\r\n\t\t\t<div class=\"elementor-form-fields-wrapper elementor-labels-above\">\r\n\t\t\t\t\t\t\t\t<div class=\"elementor-field-type-text elementor-field-group elementor-column elementor-field-group-name elementor-col-50 elementor-field-required elementor-mark-required\">\r\n\t\t\t\t\t\t\t\t\t\t\t\t<label for=\"form-field-name\" class=\"elementor-field-label\">\r\n\t\t\t\t\t\t\t\tNome Completo\t\t\t\t\t\t\t<\/label>\r\n\t\t\t\t\t\t\t\t\t\t\t\t\t\t<input size=\"1\" type=\"text\" name=\"form_fields[name]\" id=\"form-field-name\" class=\"elementor-field elementor-size-md  elementor-field-textual\" placeholder=\"Ex: Jo\u00e3o Silva\" required=\"required\">\r\n\t\t\t\t\t\t\t\t\t\t\t<\/div>\r\n\t\t\t\t\t\t\t\t<div class=\"elementor-field-type-email elementor-field-group elementor-column elementor-field-group-email elementor-col-50 elementor-field-required elementor-mark-required\">\r\n\t\t\t\t\t\t\t\t\t\t\t\t<label for=\"form-field-email\" class=\"elementor-field-label\">\r\n\t\t\t\t\t\t\t\tEmail\t\t\t\t\t\t\t<\/label>\r\n\t\t\t\t\t\t\t\t\t\t\t\t\t\t<input size=\"1\" type=\"email\" name=\"form_fields[email]\" id=\"form-field-email\" class=\"elementor-field elementor-size-md  elementor-field-textual\" placeholder=\"EX: joao@email.com\" required=\"required\">\r\n\t\t\t\t\t\t\t\t\t\t\t<\/div>\r\n\t\t\t\t\t\t\t\t<div class=\"elementor-field-type-tel elementor-field-group elementor-column elementor-field-group-telefone elementor-col-50 elementor-field-required elementor-mark-required\">\r\n\t\t\t\t\t\t\t\t\t\t\t\t<label for=\"form-field-telefone\" class=\"elementor-field-label\">\r\n\t\t\t\t\t\t\t\tTelefone \/ Telem\u00f3vel \t\t\t\t\t\t\t<\/label>\r\n\t\t\t\t\t\t\t\t<input size=\"1\" type=\"tel\" name=\"form_fields[telefone]\" id=\"form-field-telefone\" class=\"elementor-field elementor-size-md  elementor-field-textual\" placeholder=\"EX: 999 999 999\" required=\"required\" pattern=\"[0-9()#&amp;+*-=.]+\" title=\"S\u00f3 s\u00e3o aceites n\u00fameros e caracteres de telefone (#, -, *, etc.).\">\r\n\r\n\t\t\t\t\t\t<\/div>\r\n\t\t\t\t\t\t\t\t<div class=\"elementor-field-type-select elementor-field-group elementor-column elementor-field-group-perfil_candidatura elementor-col-50 elementor-field-required elementor-mark-required\">\r\n\t\t\t\t\t\t\t\t\t\t\t\t<label for=\"form-field-perfil_candidatura\" class=\"elementor-field-label\">\r\n\t\t\t\t\t\t\t\tPerfil a que se candidata\t\t\t\t\t\t\t<\/label>\r\n\t\t\t\t\t\t\t\t<div class=\"elementor-field elementor-select-wrapper remove-before \">\r\n\t\t\t<div class=\"select-caret-down-wrapper\">\r\n\t\t\t\t<svg aria-hidden=\"true\" class=\"e-font-icon-svg e-eicon-caret-down\" viewBox=\"0 0 571.4 571.4\" xmlns=\"http:\/\/www.w3.org\/2000\/svg\"><path d=\"M571 393Q571 407 561 418L311 668Q300 679 286 679T261 668L11 418Q0 407 0 393T11 368 36 357H536Q550 357 561 368T571 393Z\"><\/path><\/svg>\t\t\t<\/div>\r\n\t\t\t<select name=\"form_fields[perfil_candidatura]\" id=\"form-field-perfil_candidatura\" class=\"elementor-field-textual elementor-size-md\" required=\"required\">\r\n\t\t\t\t\t\t\t\t\t<option value=\"\">\u2014 Selecione o Perfil \u2014 <\/option>\r\n\t\t\t\t\t\t\t\t\t<option value=\"\u2022 Dermatologia\">\u2022 Dermatologia<\/option>\r\n\t\t\t\t\t\t\t\t\t<option value=\"\u2022 Pediatria\">\u2022 Pediatria<\/option>\r\n\t\t\t\t\t\t\t\t\t<option value=\"\u2022 Endocrinologia\">\u2022 Endocrinologia<\/option>\r\n\t\t\t\t\t\t\t\t\t<option value=\"\u2022 Cardiologia (consulta)\">\u2022 Cardiologia (consulta)<\/option>\r\n\t\t\t\t\t\t\t\t\t<option value=\"\u2022 Psiquiatria\">\u2022 Psiquiatria<\/option>\r\n\t\t\t\t\t\t\t\t\t<option value=\"\u2022 Nutri\u00e7\u00e3o\">\u2022 Nutri\u00e7\u00e3o<\/option>\r\n\t\t\t\t\t\t\t\t\t<option value=\"\u2022 Psicologia\">\u2022 Psicologia<\/option>\r\n\t\t\t\t\t\t\t\t\t<option value=\"\u2022 Gastroenterologia (consulta)\">\u2022 Gastroenterologia (consulta)<\/option>\r\n\t\t\t\t\t\t\t\t\t<option value=\"\u2022 Outras especialidades m\u00e9dicas\">\u2022 Outras especialidades m\u00e9dicas<\/option>\r\n\t\t\t\t\t\t\t<\/select>\r\n\t\t<\/div>\r\n\t\t\t\t\t\t<\/div>\r\n\t\t\t\t\t\t\t\t<div class=\"elementor-field-type-textarea elementor-field-group elementor-column elementor-field-group-message elementor-col-100\">\r\n\t\t\t\t\t\t\t\t\t\t\t\t<label for=\"form-field-message\" class=\"elementor-field-label\">\r\n\t\t\t\t\t\t\t\tMensagem \/ Apresenta\u00e7\u00e3o (Opcional)\t\t\t\t\t\t\t<\/label>\r\n\t\t\t\t\t\t<textarea class=\"elementor-field-textual elementor-field  elementor-size-md\" name=\"form_fields[message]\" id=\"form-field-message\" rows=\"5\" placeholder=\"Fale-nos um pouco sobre si e a sua experiencia...\"><\/textarea>\t\t\t\t<\/div>\r\n\t\t\t\t\t\t\t\t<div class=\"elementor-field-type-upload elementor-field-group elementor-column elementor-field-group-Upload_file elementor-col-100 elementor-field-required elementor-mark-required\">\r\n\t\t\t\t\t\t\t\t\t\t\t\t<label for=\"form-field-Upload_file\" class=\"elementor-field-label\">\r\n\t\t\t\t\t\t\t\tAnexar Curr\u00edculo (PDF) \t\t\t\t\t\t\t<\/label>\r\n\t\t\t\t\t\t\t\t<input type=\"file\" name=\"form_fields[Upload_file]\" id=\"form-field-Upload_file\" class=\"elementor-field elementor-size-md  elementor-upload-field\" required=\"required\" data-maxsize=\"5\" data-maxsize-message=\"Este ficheiro excede o tamanho m\u00e1ximo permitido.\">\r\n\r\n\t\t\t\t\t\t<\/div>\r\n\t\t\t\t\t\t\t\t<div class=\"elementor-field-type-html elementor-field-group elementor-column elementor-field-group-field_1be2e58 elementor-col-100\">\r\n\t\t\t\t\t<p><span style=\"color: #999999;\">Tamanho m&aacute;ximo recomendado: 5MB. Apenas formato PDF.<\/span><\/p>\t\t\t\t<\/div>\r\n\t\t\t\t\t\t\t\t<div class=\"elementor-field-type-acceptance elementor-field-group elementor-column elementor-field-group-gdpr elementor-col-100 elementor-field-required elementor-mark-required\">\r\n\t\t\t\t\t\t\t\t\t\t\t\t<label for=\"form-field-gdpr\" class=\"elementor-field-label\">\r\n\t\t\t\t\t\t\t\tConsentimento de Privacidade (GDPR) \t\t\t\t\t\t\t<\/label>\r\n\t\t\t\t\t\t\t\t<div class=\"elementor-field-subgroup\">\r\n\t\t\t<span class=\"elementor-field-option\">\r\n\t\t\t\t<input type=\"checkbox\" name=\"form_fields[gdpr]\" id=\"form-field-gdpr\" class=\"elementor-field elementor-size-md  elementor-acceptance-field\" required=\"required\">\r\n\t\t\t\t<label for=\"form-field-gdpr\">Li e aceito a <a href=\"\/politica-privacidade\/\" target=\"_blank\">Pol\u00edtica de Privacidade<\/a> e autorizo o tratamento dos meus dados pessoais para efeitos de an\u00e1lise da minha candidatura.<\/label>\t\t\t<\/span>\r\n\t\t<\/div>\r\n\t\t\t\t\t\t<\/div>\r\n\t\t\t\t\t\t\t\t<div class=\"elementor-field-type-html elementor-field-group elementor-column elementor-field-group-field_b4d8bbc elementor-col-100\">\r\n\t\t\t\t\t<p><br\/><\/p>\t\t\t\t<\/div>\r\n\t\t\t\t\t\t\t\t<div class=\"elementor-field-type-recaptcha_v3 elementor-field-group elementor-column elementor-field-group-field_d9d97fa elementor-col-100 recaptcha_v3-inline\">\r\n\t\t\t\t\t<div class=\"elementor-field\" id=\"form-field-field_d9d97fa\"><div class=\"elementor-g-recaptcha\" data-sitekey=\"6LdMfUQsAAAAABYFU4RoTJnbUMwsmQKx9nrXsb7l\" data-type=\"v3\" data-action=\"Form\" data-badge=\"inline\" data-size=\"invisible\"><\/div><\/div>\t\t\t\t<\/div>\r\n\t\t\t\t\t\t\t\t<div class=\"elementor-field-group elementor-column elementor-field-type-submit elementor-col-100 e-form__buttons\">\r\n\t\t\t\t\t<button class=\"elementor-button elementor-size-lg\" type=\"submit\">\r\n\t\t\t\t\t\t<span class=\"elementor-button-content-wrapper\">\r\n\t\t\t\t\t\t\t\t\t\t\t\t\t\t\t\t\t\t\t\t\t\t<span class=\"elementor-button-text\">Enviar Candidatura<\/span>\r\n\t\t\t\t\t\t\t\t\t\t\t\t\t<\/span>\r\n\t\t\t\t\t<\/button>\r\n\t\t\t\t<\/div>\r\n\t\t\t<\/div>\r\n\t\t<\/form>\r\n\t\t\t\t\t\t<\/div>\n\t\t\t\t\t<\/div>\n\t\t\t\t<\/div>\n\t\t\t\t<\/div>\n\t\t\t\t<\/div>\n\t\t\t\t<\/div>\n\t\t","protected":false},"excerpt":{"rendered":"<p>Candidaturas \u2013 Trabalhe Connosco na Multicl\u00ednica do Algarve Na Multicl\u00ednica do Algarve acreditamos num atendimento humano, profissional e focado no bem-estar dos nossos pacientes. Se \u00e9 um profissional da \u00e1rea da sa\u00fade e procura um ambiente de trabalho s\u00e9rio, colaborativo e em crescimento, convidamo-lo a enviar a sua candidatura. Enviar Candidatura \u00c1reas de interesse Aceitamos [&hellip;]<\/p>\n","protected":false},"author":1,"featured_media":0,"parent":0,"menu_order":0,"comment_status":"closed","ping_status":"closed","template":"elementor_header_footer","meta":{"footnotes":""},"class_list":["post-3530","page","type-page","status-publish","hentry"],"_links":{"self":[{"href":"https:\/\/multiclinicadoalgarve.com\/en\/wp-json\/wp\/v2\/pages\/3530","targetHints":{"allow":["GET"]}}],"collection":[{"href":"https:\/\/multiclinicadoalgarve.com\/en\/wp-json\/wp\/v2\/pages"}],"about":[{"href":"https:\/\/multiclinicadoalgarve.com\/en\/wp-json\/wp\/v2\/types\/page"}],"author":[{"embeddable":true,"href":"https:\/\/multiclinicadoalgarve.com\/en\/wp-json\/wp\/v2\/users\/1"}],"replies":[{"embeddable":true,"href":"https:\/\/multiclinicadoalgarve.com\/en\/wp-json\/wp\/v2\/comments?post=3530"}],"version-history":[{"count":0,"href":"https:\/\/multiclinicadoalgarve.com\/en\/wp-json\/wp\/v2\/pages\/3530\/revisions"}],"wp:attachment":[{"href":"https:\/\/multiclinicadoalgarve.com\/en\/wp-json\/wp\/v2\/media?parent=3530"}],"curies":[{"name":"wp","href":"https:\/\/api.w.org\/{rel}","templated":true}]}}