{"id":689,"date":"2025-07-24T20:13:19","date_gmt":"2025-07-24T20:13:19","guid":{"rendered":"https:\/\/multiclinicadoalgarve.com\/?page_id=689"},"modified":"2026-01-14T16:03:48","modified_gmt":"2026-01-14T16:03:48","slug":"traditional-chinese-medicine","status":"publish","type":"page","link":"https:\/\/multiclinicadoalgarve.com\/en\/medicina-tradicional-chinesa\/","title":{"rendered":"Traditional Chinese Medicine in Quarteira"},"content":{"rendered":"<div data-elementor-type=\"wp-page\" data-elementor-id=\"689\" class=\"elementor elementor-689\" data-elementor-post-type=\"page\">\n\t\t\t\t\t\t<section class=\"elementor-section elementor-top-section elementor-element elementor-element-3edcfb34 elementor-section-boxed elementor-section-height-default elementor-section-height-default\" data-id=\"3edcfb34\" data-element_type=\"section\" data-e-type=\"section\" data-settings=\"{&quot;background_background&quot;:&quot;gradient&quot;}\">\n\t\t\t\t\t\t\t<div class=\"elementor-background-overlay\"><\/div>\n\t\t\t\t\t\t\t<div class=\"elementor-container elementor-column-gap-default\">\n\t\t\t\t\t<div class=\"elementor-column elementor-col-100 elementor-top-column elementor-element elementor-element-73782f59\" data-id=\"73782f59\" data-element_type=\"column\" data-e-type=\"column\">\n\t\t\t<div class=\"elementor-widget-wrap elementor-element-populated\">\n\t\t\t\t\t\t<div class=\"elementor-element elementor-element-305fdb6d elementor-widget elementor-widget-heading\" data-id=\"305fdb6d\" data-element_type=\"widget\" data-e-type=\"widget\" data-widget_type=\"heading.default\">\n\t\t\t\t\t<h1 class=\"elementor-heading-title elementor-size-default\">Traditional Chinese Medicine in Quarteira<\/h1>\t\t\t\t<\/div>\n\t\t\t\t<div class=\"elementor-element elementor-element-c4239fe elementor-icon-list--layout-inline elementor-align-center elementor-list-item-link-full_width elementor-widget elementor-widget-icon-list\" data-id=\"c4239fe\" data-element_type=\"widget\" data-e-type=\"widget\" data-widget_type=\"icon-list.default\">\n\t\t\t\t\t\t\t<ul class=\"elementor-icon-list-items elementor-inline-items\">\n\t\t\t\t\t\t\t<li class=\"elementor-icon-list-item elementor-inline-item\">\n\t\t\t\t\t\t\t\t\t\t\t<a href=\"https:\/\/multiclinicadoalgarve.com\/\">\n\n\t\t\t\t\t\t\t\t\t\t\t\t<span class=\"elementor-icon-list-icon\">\n\t\t\t\t\t\t\t<i aria-hidden=\"true\" class=\"icon icon-home\"><\/i>\t\t\t\t\t\t<\/span>\n\t\t\t\t\t\t\t\t\t\t<span class=\"elementor-icon-list-text\">Home<\/span>\n\t\t\t\t\t\t\t\t\t\t\t<\/a>\n\t\t\t\t\t\t\t\t\t<\/li>\n\t\t\t\t\t\t\t\t<li class=\"elementor-icon-list-item elementor-inline-item\">\n\t\t\t\t\t\t\t\t\t\t\t<a href=\"https:\/\/multiclinicadoalgarve.com\/pt_pt\/consultas-medicas-em-quarteira\/\">\n\n\t\t\t\t\t\t\t\t\t\t\t\t<span class=\"elementor-icon-list-icon\">\n\t\t\t\t\t\t\t<svg aria-hidden=\"true\" class=\"e-font-icon-svg e-fas-chevron-right\" viewbox=\"0 0 320 512\" xmlns=\"http:\/\/www.w3.org\/2000\/svg\"><path d=\"M285.476 272.971L91.132 467.314c-9.373 9.373-24.569 9.373-33.941 0l-22.667-22.667c-9.357-9.357-9.375-24.522-.04-33.901L188.505 256 34.484 101.255c-9.335-9.379-9.317-24.544.04-33.901l22.667-22.667c9.373-9.373 24.569-9.373 33.941 0L285.475 239.03c9.373 9.372 9.373 24.568.001 33.941z\"><\/path><\/svg>\t\t\t\t\t\t<\/span>\n\t\t\t\t\t\t\t\t\t\t<span class=\"elementor-icon-list-text\">Medical Consultations in Quarteira<\/span>\n\t\t\t\t\t\t\t\t\t\t\t<\/a>\n\t\t\t\t\t\t\t\t\t<\/li>\n\t\t\t\t\t\t\t\t<li class=\"elementor-icon-list-item elementor-inline-item\">\n\t\t\t\t\t\t\t\t\t\t\t<span class=\"elementor-icon-list-icon\">\n\t\t\t\t\t\t\t<svg aria-hidden=\"true\" class=\"e-font-icon-svg e-fas-chevron-right\" viewbox=\"0 0 320 512\" xmlns=\"http:\/\/www.w3.org\/2000\/svg\"><path d=\"M285.476 272.971L91.132 467.314c-9.373 9.373-24.569 9.373-33.941 0l-22.667-22.667c-9.357-9.357-9.375-24.522-.04-33.901L188.505 256 34.484 101.255c-9.335-9.379-9.317-24.544.04-33.901l22.667-22.667c9.373-9.373 24.569-9.373 33.941 0L285.475 239.03c9.373 9.372 9.373 24.568.001 33.941z\"><\/path><\/svg>\t\t\t\t\t\t<\/span>\n\t\t\t\t\t\t\t\t\t\t<span class=\"elementor-icon-list-text\">Traditional Chinese Medicine in Quarteira<\/span>\n\t\t\t\t\t\t\t\t\t<\/li>\n\t\t\t\t\t\t<\/ul>\n\t\t\t\t\t\t<\/div>\n\t\t\t\t\t<\/div>\n\t\t<\/div>\n\t\t\t\t\t<\/div>\n\t\t<\/section>\n\t\t\t\t<section class=\"elementor-section elementor-top-section elementor-element elementor-element-3c373ff2 elementor-section-boxed elementor-section-height-default elementor-section-height-default\" data-id=\"3c373ff2\" data-element_type=\"section\" data-e-type=\"section\" data-settings=\"{&quot;background_background&quot;:&quot;classic&quot;}\">\n\t\t\t\t\t\t\t<div class=\"elementor-background-overlay\"><\/div>\n\t\t\t\t\t\t\t<div class=\"elementor-container elementor-column-gap-default\">\n\t\t\t\t\t<div class=\"elementor-column elementor-col-50 elementor-top-column elementor-element elementor-element-791e7aa4\" data-id=\"791e7aa4\" data-element_type=\"column\" data-e-type=\"column\">\n\t\t\t<div class=\"elementor-widget-wrap elementor-element-populated\">\n\t\t\t\t\t\t<div class=\"elementor-element elementor-element-77447848 elementor-widget-tablet__width-initial elementor-widget elementor-widget-text-editor\" data-id=\"77447848\" data-element_type=\"widget\" data-e-type=\"widget\" data-widget_type=\"text-editor.default\">\n\t\t\t\t\t\t\t\t\t<p>At Multicl\u00ednica do Algarve, we offer natural and ancient treatments from Traditional Chinese Medicine (TCM), with a focus on balancing body and mind. Through techniques such as acupuncture, herbal medicine and moxibustion, we help our patients relieve pain, reduce stress and improve their quality of life in a holistic way.<\/p>\t\t\t\t\t\t\t\t<\/div>\n\t\t\t\t<div class=\"elementor-element elementor-element-1caf9350 elementor-widget-tablet__width-initial elementor-widget elementor-widget-heading\" data-id=\"1caf9350\" data-element_type=\"widget\" data-e-type=\"widget\" data-widget_type=\"heading.default\">\n\t\t\t\t\t<h2 class=\"elementor-heading-title elementor-size-default\">Benefits and Approach<\/h2>\t\t\t\t<\/div>\n\t\t\t\t<div class=\"elementor-element elementor-element-13733df7 elementor-widget-tablet__width-initial elementor-widget elementor-widget-text-editor\" data-id=\"13733df7\" data-element_type=\"widget\" data-e-type=\"widget\" data-widget_type=\"text-editor.default\">\n\t\t\t\t\t\t\t\t\t<p>With over two thousand years of history, TCM is a complete health system that aims to restore the body's energy balance. Recognised by <a href=\"https:\/\/www.who.int\/traditional-complementary-integrative-medicine\" target=\"_blank\" rel=\"noopener\">World Health Organisation<\/a>Traditional Chinese Medicine integrates practices such as:<\/p><ul><li><strong>Acupuncture:<\/strong> It stimulates specific points to relieve pain, anxiety and promote well-being.<\/li><li><strong>Chinese herbal medicine:<\/strong> Use of medicinal herbs to treat internal imbalances.<\/li><li><strong>Moxibustion:<\/strong> Heating energy points with moxa to increase vitality.<\/li><li><strong>Suction cups:<\/strong> Technique that improves circulation and reduces muscle tension.<\/li><\/ul><p>These therapies are adapted to the individual needs of each patient, working both to prevent and treat illnesses.<\/p>\t\t\t\t\t\t\t\t<\/div>\n\t\t\t\t<div class=\"elementor-element elementor-element-4cc3041d elementor-widget-tablet__width-initial elementor-widget elementor-widget-heading\" data-id=\"4cc3041d\" data-element_type=\"widget\" data-e-type=\"widget\" data-widget_type=\"heading.default\">\n\t\t\t\t\t<h2 class=\"elementor-heading-title elementor-size-default\"> What we treat with Traditional Chinese Medicine <\/h2>\t\t\t\t<\/div>\n\t\t\t\t<div class=\"elementor-element elementor-element-15f9c990 elementor-widget-tablet__width-initial elementor-widget elementor-widget-text-editor\" data-id=\"15f9c990\" data-element_type=\"widget\" data-e-type=\"widget\" data-widget_type=\"text-editor.default\">\n\t\t\t\t\t\t\t\t\t<p>TCM therapies are effective for a wide range of clinical conditions. Here are some of the conditions treated:<\/p><ul><li>\u2714\ufe0f Chronic pain (lumbar, cervical, joints)<\/li><li>\u2714\ufe0f Anxiety, insomnia and stress<\/li><li>\u2714\ufe0f Digestive problems (reflux, stuck bowels)<\/li><li>\u2714\ufe0f Migraines and headaches<\/li><li>\u2714\ufe0f Fatigue, low immunity and lack of energy<\/li><\/ul>\t\t\t\t\t\t\t\t<\/div>\n\t\t\t\t<div class=\"elementor-element elementor-element-799dd43 elementor-widget-tablet__width-initial elementor-widget elementor-widget-heading\" data-id=\"799dd43\" data-element_type=\"widget\" data-e-type=\"widget\" data-widget_type=\"heading.default\">\n\t\t\t\t\t<h2 class=\"elementor-heading-title elementor-size-default\">Why choose Traditional Chinese Medicine?<\/h2>\t\t\t\t<\/div>\n\t\t\t\t<div class=\"elementor-element elementor-element-3ac89af elementor-widget-tablet__width-initial elementor-widget elementor-widget-text-editor\" data-id=\"3ac89af\" data-element_type=\"widget\" data-e-type=\"widget\" data-widget_type=\"text-editor.default\">\n\t\t\t\t\t\t\t\t\t<div class=\"vc_row wpb_row vc_row-fluid page-margin-top-section-vlarge\"><div class=\"wpb_column vc_column_container vc_col-sm-6\"><div class=\"wpb_wrapper\"><div class=\"wpb_text_column wpb_content_element large margin-top-10\"><div class=\"wpb_wrapper\"><p data-start=\"1547\" data-end=\"1655\">\u2705\u00a0<strong data-start=\"1549\" data-end=\"1591\">Anti-inflammatory and antioxidant action:<\/strong>\u00a0Reduces oxidative stress and helps prevent chronic diseases.<\/p><p data-start=\"1658\" data-end=\"1767\">\u2705\u00a0<strong data-start=\"1660\" data-end=\"1683\">Hormonal regulation:<\/strong>\u00a0It stimulates the balanced production of cortisol, insulin, oestrogen and testosterone.<\/p><p data-start=\"1770\" data-end=\"1878\">\u2705\u00a0<strong data-start=\"1772\" data-end=\"1806\">Stress and anxiety reduction:<\/strong>\u00a0Improves sleep, lowers blood pressure and increases vital energy.<\/p><p data-start=\"1881\" data-end=\"1980\">\u2705\u00a0<strong data-start=\"1883\" data-end=\"1903\">Pain relief:<\/strong>\u00a0Effective against muscle and joint pain, headaches and other conditions.<\/p><p><em data-start=\"1985\" data-end=\"2143\">The WHO recognises the effectiveness of TCM in treating more than 40 conditions, including bronchitis, hypertension, anxiety, infertility, menopause and many more.<\/em><\/p><\/div><\/div><\/div><\/div><\/div><div class=\"vc_row wpb_row vc_row-fluid padding-top-89 padding-bottom-100 vc_custom_1750869404951 vc_row-has-fill page-margin-top-section full-width\"><div class=\"wpb_column vc_column_container vc_col-sm-12\"><div class=\"wpb_wrapper\">\u00a0<\/div><\/div><\/div>\t\t\t\t\t\t\t\t<\/div>\n\t\t\t\t<div class=\"elementor-element elementor-element-5389d47e elementor-widget-tablet__width-initial elementor-widget elementor-widget-heading\" data-id=\"5389d47e\" data-element_type=\"widget\" data-e-type=\"widget\" data-widget_type=\"heading.default\">\n\t\t\t\t\t<h2 class=\"elementor-heading-title elementor-size-default\">Why choose Multicl\u00ednica do Algarve?<\/h2>\t\t\t\t<\/div>\n\t\t\t\t<div class=\"elementor-element elementor-element-69246e96 elementor-widget-tablet__width-initial elementor-widget elementor-widget-text-editor\" data-id=\"69246e96\" data-element_type=\"widget\" data-e-type=\"widget\" data-widget_type=\"text-editor.default\">\n\t\t\t\t\t\t\t\t\t<p>\u2705 <strong>Specialised professionals:<\/strong> The team is trained in TCM and has extensive clinical experience.<\/p><p>\u2705 <strong>Personalised approach:<\/strong> Individual assessment to offer the most appropriate treatment.<\/p><p>\u2705 <strong>Cosy atmosphere:<\/strong> A peaceful space that favours relaxation and recovery.<\/p><p>\u2705 <strong>Integration with other therapies:<\/strong> Possibility of combining with nutrition, psychology and physiotherapy.<\/p>\t\t\t\t\t\t\t\t<\/div>\n\t\t\t\t\t<\/div>\n\t\t<\/div>\n\t\t\t\t<div class=\"elementor-column elementor-col-50 elementor-top-column elementor-element elementor-element-3bc02cad\" data-id=\"3bc02cad\" data-element_type=\"column\" data-e-type=\"column\">\n\t\t\t<div class=\"elementor-widget-wrap elementor-element-populated\">\n\t\t\t\t<div class=\"elementor-element elementor-element-3180bbf e-grid e-con-boxed e-con e-parent\" data-id=\"3180bbf\" data-element_type=\"container\" data-e-type=\"container\">\n\t\t\t\t\t<div class=\"e-con-inner\">\n\t\t\t\t<div class=\"elementor-element elementor-element-56f34114 elementor-widget elementor-widget-image\" data-id=\"56f34114\" data-element_type=\"widget\" data-e-type=\"widget\" data-widget_type=\"image.default\">\n\t\t\t\t\t\t\t\t\t\t\t\t\t\t\t<img fetchpriority=\"high\" decoding=\"async\" width=\"800\" height=\"800\" src=\"https:\/\/multiclinicadoalgarve.com\/wp-content\/uploads\/2025\/07\/Acupuntura-terapeutica-em-Quarteira---Multiclinica-do-Algarve.webp\" class=\"attachment-large size-large wp-image-727\" alt=\"Traditional Chinese Medicine in Quarteira, Acupuncture technique applied by a therapist specialising in Traditional Chinese Medicine\" srcset=\"\" sizes=\"(max-width: 800px) 100vw, 800px\" data-srcset=\"\" \/>\t\t\t\t\t\t\t\t\t\t\t\t\t\t\t<\/div>\n\t\t\t\t<div class=\"elementor-element elementor-element-1330e8d5 elementor-widget elementor-widget-image\" data-id=\"1330e8d5\" data-element_type=\"widget\" data-e-type=\"widget\" data-widget_type=\"image.default\">\n\t\t\t\t\t\t\t\t\t\t\t\t\t\t\t<img decoding=\"async\" width=\"800\" height=\"800\" src=\"https:\/\/multiclinicadoalgarve.com\/wp-content\/uploads\/2025\/07\/Sesion-de-Acupuntura-Tradicional-China-para-el-Alivio-del-Estres-y-Dolor.webp\" class=\"attachment-large size-large wp-image-728\" alt=\"Therapist applying acupuncture to a patient&#039;s ear during a traditional Chinese medicine session at a wellness clinic\" srcset=\"https:\/\/multiclinicadoalgarve.com\/wp-content\/uploads\/2025\/07\/Sesion-de-Acupuntura-Tradicional-China-para-el-Alivio-del-Estres-y-Dolor.webp 1024w, https:\/\/multiclinicadoalgarve.com\/wp-content\/uploads\/2025\/07\/Sesion-de-Acupuntura-Tradicional-China-para-el-Alivio-del-Estres-y-Dolor-300x300.webp 300w, https:\/\/multiclinicadoalgarve.com\/wp-content\/uploads\/2025\/07\/Sesion-de-Acupuntura-Tradicional-China-para-el-Alivio-del-Estres-y-Dolor-150x150.webp 150w, https:\/\/multiclinicadoalgarve.com\/wp-content\/uploads\/2025\/07\/Sesion-de-Acupuntura-Tradicional-China-para-el-Alivio-del-Estres-y-Dolor-768x768.webp 768w, https:\/\/multiclinicadoalgarve.com\/wp-content\/uploads\/2025\/07\/Sesion-de-Acupuntura-Tradicional-China-para-el-Alivio-del-Estres-y-Dolor-700x700.webp 700w, https:\/\/multiclinicadoalgarve.com\/wp-content\/uploads\/2025\/07\/Sesion-de-Acupuntura-Tradicional-China-para-el-Alivio-del-Estres-y-Dolor-800x800.webp 800w, https:\/\/multiclinicadoalgarve.com\/wp-content\/uploads\/2025\/07\/Sesion-de-Acupuntura-Tradicional-China-para-el-Alivio-del-Estres-y-Dolor-500x500.webp 500w\" sizes=\"(max-width: 800px) 100vw, 800px\" \/>\t\t\t\t\t\t\t\t\t\t\t\t\t\t\t<\/div>\n\t\t\t\t<div class=\"elementor-element elementor-element-67ffa8b0 elementor-widget elementor-widget-image\" data-id=\"67ffa8b0\" data-element_type=\"widget\" data-e-type=\"widget\" data-widget_type=\"image.default\">\n\t\t\t\t\t\t\t\t\t\t\t\t\t\t\t<img decoding=\"async\" width=\"800\" height=\"800\" src=\"https:\/\/multiclinicadoalgarve.com\/wp-content\/uploads\/2025\/07\/Terapia-de-Ventosas-na-Multiclinica-do-Algarve.webp\" class=\"attachment-large size-large wp-image-731\" alt=\"Traditional Chinese cupping therapy session to relieve muscle pain.\" srcset=\"https:\/\/multiclinicadoalgarve.com\/wp-content\/uploads\/2025\/07\/Terapia-de-Ventosas-na-Multiclinica-do-Algarve.webp 1024w, https:\/\/multiclinicadoalgarve.com\/wp-content\/uploads\/2025\/07\/Terapia-de-Ventosas-na-Multiclinica-do-Algarve-300x300.webp 300w, https:\/\/multiclinicadoalgarve.com\/wp-content\/uploads\/2025\/07\/Terapia-de-Ventosas-na-Multiclinica-do-Algarve-150x150.webp 150w, https:\/\/multiclinicadoalgarve.com\/wp-content\/uploads\/2025\/07\/Terapia-de-Ventosas-na-Multiclinica-do-Algarve-768x768.webp 768w, https:\/\/multiclinicadoalgarve.com\/wp-content\/uploads\/2025\/07\/Terapia-de-Ventosas-na-Multiclinica-do-Algarve-700x700.webp 700w, https:\/\/multiclinicadoalgarve.com\/wp-content\/uploads\/2025\/07\/Terapia-de-Ventosas-na-Multiclinica-do-Algarve-800x800.webp 800w, https:\/\/multiclinicadoalgarve.com\/wp-content\/uploads\/2025\/07\/Terapia-de-Ventosas-na-Multiclinica-do-Algarve-500x500.webp 500w\" sizes=\"(max-width: 800px) 100vw, 800px\" \/>\t\t\t\t\t\t\t\t\t\t\t\t\t\t\t<\/div>\n\t\t\t\t<div class=\"elementor-element elementor-element-e93ace7 elementor-widget elementor-widget-image\" data-id=\"e93ace7\" data-element_type=\"widget\" data-e-type=\"widget\" data-widget_type=\"image.default\">\n\t\t\t\t\t\t\t\t\t\t\t\t\t\t\t<img loading=\"lazy\" decoding=\"async\" width=\"800\" height=\"800\" src=\"https:\/\/multiclinicadoalgarve.com\/wp-content\/uploads\/2025\/07\/Acupuntura-e-Moxabustao-na-Multiclinica-do-Algarve.webp\" class=\"attachment-large size-large wp-image-729\" alt=\"Traditional Chinese acupuncture session with moxibustion in Quarteira\" srcset=\"https:\/\/multiclinicadoalgarve.com\/wp-content\/uploads\/2025\/07\/Acupuntura-e-Moxabustao-na-Multiclinica-do-Algarve.webp 1024w, https:\/\/multiclinicadoalgarve.com\/wp-content\/uploads\/2025\/07\/Acupuntura-e-Moxabustao-na-Multiclinica-do-Algarve-300x300.webp 300w, https:\/\/multiclinicadoalgarve.com\/wp-content\/uploads\/2025\/07\/Acupuntura-e-Moxabustao-na-Multiclinica-do-Algarve-150x150.webp 150w, https:\/\/multiclinicadoalgarve.com\/wp-content\/uploads\/2025\/07\/Acupuntura-e-Moxabustao-na-Multiclinica-do-Algarve-768x768.webp 768w, https:\/\/multiclinicadoalgarve.com\/wp-content\/uploads\/2025\/07\/Acupuntura-e-Moxabustao-na-Multiclinica-do-Algarve-700x700.webp 700w, https:\/\/multiclinicadoalgarve.com\/wp-content\/uploads\/2025\/07\/Acupuntura-e-Moxabustao-na-Multiclinica-do-Algarve-800x800.webp 800w, https:\/\/multiclinicadoalgarve.com\/wp-content\/uploads\/2025\/07\/Acupuntura-e-Moxabustao-na-Multiclinica-do-Algarve-500x500.webp 500w\" sizes=\"(max-width: 800px) 100vw, 800px\" \/>\t\t\t\t\t\t\t\t\t\t\t\t\t\t\t<\/div>\n\t\t\t\t<div class=\"elementor-element elementor-element-14fcba7 elementor-widget elementor-widget-image\" data-id=\"14fcba7\" data-element_type=\"widget\" data-e-type=\"widget\" data-widget_type=\"image.default\">\n\t\t\t\t\t\t\t\t\t\t\t\t\t\t\t<img loading=\"lazy\" decoding=\"async\" width=\"800\" height=\"800\" src=\"https:\/\/multiclinicadoalgarve.com\/wp-content\/uploads\/2025\/07\/Tratamiento-de-Acupuntura-Auricular-en-Clinica-de-Medicina-Tradicional-China.webp\" class=\"attachment-large size-large wp-image-730\" alt=\"Chinese medicine specialist placing acupuncture needles on the arm of a patient undergoing treatment\" srcset=\"https:\/\/multiclinicadoalgarve.com\/wp-content\/uploads\/2025\/07\/Tratamiento-de-Acupuntura-Auricular-en-Clinica-de-Medicina-Tradicional-China.webp 1024w, https:\/\/multiclinicadoalgarve.com\/wp-content\/uploads\/2025\/07\/Tratamiento-de-Acupuntura-Auricular-en-Clinica-de-Medicina-Tradicional-China-300x300.webp 300w, https:\/\/multiclinicadoalgarve.com\/wp-content\/uploads\/2025\/07\/Tratamiento-de-Acupuntura-Auricular-en-Clinica-de-Medicina-Tradicional-China-150x150.webp 150w, https:\/\/multiclinicadoalgarve.com\/wp-content\/uploads\/2025\/07\/Tratamiento-de-Acupuntura-Auricular-en-Clinica-de-Medicina-Tradicional-China-768x768.webp 768w, https:\/\/multiclinicadoalgarve.com\/wp-content\/uploads\/2025\/07\/Tratamiento-de-Acupuntura-Auricular-en-Clinica-de-Medicina-Tradicional-China-700x700.webp 700w, https:\/\/multiclinicadoalgarve.com\/wp-content\/uploads\/2025\/07\/Tratamiento-de-Acupuntura-Auricular-en-Clinica-de-Medicina-Tradicional-China-800x800.webp 800w, https:\/\/multiclinicadoalgarve.com\/wp-content\/uploads\/2025\/07\/Tratamiento-de-Acupuntura-Auricular-en-Clinica-de-Medicina-Tradicional-China-500x500.webp 500w\" sizes=\"(max-width: 800px) 100vw, 800px\" \/>\t\t\t\t\t\t\t\t\t\t\t\t\t\t\t<\/div>\n\t\t\t\t<div class=\"elementor-element elementor-element-55951ff1 elementor-align-center elementor-mobile-align-center elementor-widget elementor-widget-button\" data-id=\"55951ff1\" data-element_type=\"widget\" data-e-type=\"widget\" data-widget_type=\"button.default\">\n\t\t\t\t\t\t\t\t\t\t<a class=\"elementor-button elementor-button-link elementor-size-lg elementor-animation-float\" href=\"https:\/\/multiclinicadoalgarve.com\/marcacao-de-consultas-quarteira\/?area=medica\">\n\t\t\t\t\t\t<span class=\"elementor-button-content-wrapper\">\n\t\t\t\t\t\t\t\t\t<span class=\"elementor-button-text\">Book an appointment<\/span>\n\t\t\t\t\t<\/span>\n\t\t\t\t\t<\/a>\n\t\t\t\t\t\t\t\t<\/div>\n\t\t\t\t\t<\/div>\n\t\t\t\t<\/div>\n\t\t\t\t\t<\/div>\n\t\t<\/div>\n\t\t\t\t\t<\/div>\n\t\t<\/section>\n\t\t<div class=\"elementor-element elementor-element-2d5c3dd e-flex e-con-boxed e-con e-parent\" data-id=\"2d5c3dd\" data-element_type=\"container\" data-e-type=\"container\">\n\t\t\t\t\t<div class=\"e-con-inner\">\n\t\t<div class=\"elementor-element elementor-element-ef256c7 e-con-full e-flex e-con e-child\" data-id=\"ef256c7\" data-element_type=\"container\" data-e-type=\"container\">\n\t\t\t\t<\/div>\n\t\t<div class=\"elementor-element elementor-element-93dc72a e-con-full e-flex e-con e-child\" data-id=\"93dc72a\" data-element_type=\"container\" data-e-type=\"container\">\n\t\t\t\t<\/div>\n\t\t<div class=\"elementor-element elementor-element-468f587 e-con-full e-flex e-con e-child\" data-id=\"468f587\" data-element_type=\"container\" data-e-type=\"container\">\n\t\t\t\t<\/div>\n\t\t<div class=\"elementor-element elementor-element-eea58a7 e-con-full e-flex e-con e-child\" data-id=\"eea58a7\" data-element_type=\"container\" data-e-type=\"container\">\n\t\t\t\t<\/div>\n\t\t<div class=\"elementor-element elementor-element-d1c7cef e-con-full e-flex e-con e-child\" data-id=\"d1c7cef\" data-element_type=\"container\" data-e-type=\"container\">\n\t\t\t\t<\/div>\n\t\t<div class=\"elementor-element elementor-element-1eb8604 e-con-full e-flex e-con e-child\" data-id=\"1eb8604\" data-element_type=\"container\" data-e-type=\"container\">\n\t\t\t\t<\/div>\n\t\t\t\t\t<\/div>\n\t\t\t\t<\/div>\n\t\t<div class=\"elementor-element elementor-element-47abcbd0 e-flex e-con-boxed e-con e-parent\" data-id=\"47abcbd0\" data-element_type=\"container\" data-e-type=\"container\" data-settings=\"{&quot;background_background&quot;:&quot;gradient&quot;}\">\n\t\t\t\t\t<div class=\"e-con-inner\">\n\t\t\t\t<div class=\"elementor-element elementor-element-1dfe09ce elementor-widget elementor-widget-text-editor\" data-id=\"1dfe09ce\" data-element_type=\"widget\" data-e-type=\"widget\" data-widget_type=\"text-editor.default\">\n\t\t\t\t\t\t\t\t\t<p>Traditional Chinese Medicine is recognised worldwide for its effectiveness and contribution to public health. According to <a href=\"https:\/\/www.who.int\/traditional-complementary-integrative-medicine\" target=\"_blank\" rel=\"noopener\">World Health Organisation (WHO)<\/a>This ancient practice is considered a safe and effective complementary approach, especially in areas such as the treatment of chronic pain, anxiety, hypertension, infertility and digestive disorders. This international validation reinforces confidence in the therapeutic benefits of TCM, which combines ancient knowledge with modern science to offer integrated and personalised care.<\/p>\t\t\t\t\t\t\t\t<\/div>\n\t\t\t\t\t<\/div>\n\t\t\t\t<\/div>\n\t\t<div class=\"elementor-element elementor-element-5c418bf6 e-flex e-con-boxed e-con e-parent\" data-id=\"5c418bf6\" data-element_type=\"container\" data-e-type=\"container\">\n\t\t\t\t\t<div class=\"e-con-inner\">\n\t\t<div class=\"elementor-element elementor-element-11fc6a9c e-flex e-con-boxed e-con e-child\" data-id=\"11fc6a9c\" data-element_type=\"container\" data-e-type=\"container\" data-settings=\"{&quot;background_background&quot;:&quot;gradient&quot;}\">\n\t\t\t\t\t<div class=\"e-con-inner\">\n\t\t\t\t<div class=\"elementor-element elementor-element-2d6f3876 elementor-widget elementor-widget-heading\" data-id=\"2d6f3876\" data-element_type=\"widget\" data-e-type=\"widget\" data-widget_type=\"heading.default\">\n\t\t\t\t\t<h2 class=\"elementor-heading-title elementor-size-default\">Book your chiropractic appointment in Quarteira<\/h2>\t\t\t\t<\/div>\n\t\t\t\t<div class=\"elementor-element elementor-element-659d9329 elementor-widget elementor-widget-text-editor\" data-id=\"659d9329\" data-element_type=\"widget\" data-e-type=\"widget\" data-widget_type=\"text-editor.default\">\n\t\t\t\t\t\t\t\t\t<p>Don't put off your wellbeing any longer. Book your chiropractic session with our specialists now and feel the difference!<\/p>\t\t\t\t\t\t\t\t<\/div>\n\t\t\t\t<div class=\"elementor-element elementor-element-1c17a9a6 elementor-align-center elementor-mobile-align-center elementor-widget elementor-widget-button\" data-id=\"1c17a9a6\" data-element_type=\"widget\" data-e-type=\"widget\" data-widget_type=\"button.default\">\n\t\t\t\t\t\t\t\t\t\t<a class=\"elementor-button elementor-button-link elementor-size-lg elementor-animation-float\" href=\"https:\/\/multiclinicadoalgarve.com\/marcacao-de-consultas-quarteira\/?area=medica\">\n\t\t\t\t\t\t<span class=\"elementor-button-content-wrapper\">\n\t\t\t\t\t\t\t\t\t<span class=\"elementor-button-text\">Book an appointment<\/span>\n\t\t\t\t\t<\/span>\n\t\t\t\t\t<\/a>\n\t\t\t\t\t\t\t\t<\/div>\n\t\t\t\t\t<\/div>\n\t\t\t\t<\/div>\n\t\t\t\t\t<\/div>\n\t\t\t\t<\/div>\n\t\t\t\t<\/div>","protected":false},"excerpt":{"rendered":"<p>Medicina Tradicional Chinesa em Quarteira Home Consultas M\u00e9dicas em Quarteira Medicina Tradicional Chinesa em Quarteira Na Multicl\u00ednica do Algarve, oferecemos tratamentos naturais e milenares da Medicina Tradicional Chinesa (MTC), com foco no equil\u00edbrio entre corpo e mente. Atrav\u00e9s de t\u00e9cnicas como acupuntura, fitoterapia e moxabust\u00e3o, ajudamos os nossos pacientes a aliviar dores, reduzir o stress [&hellip;]<\/p>\n","protected":false},"author":1,"featured_media":0,"parent":0,"menu_order":0,"comment_status":"closed","ping_status":"closed","template":"elementor_header_footer","meta":{"footnotes":""},"class_list":["post-689","page","type-page","status-publish","hentry"],"_links":{"self":[{"href":"https:\/\/multiclinicadoalgarve.com\/en\/wp-json\/wp\/v2\/pages\/689","targetHints":{"allow":["GET"]}}],"collection":[{"href":"https:\/\/multiclinicadoalgarve.com\/en\/wp-json\/wp\/v2\/pages"}],"about":[{"href":"https:\/\/multiclinicadoalgarve.com\/en\/wp-json\/wp\/v2\/types\/page"}],"author":[{"embeddable":true,"href":"https:\/\/multiclinicadoalgarve.com\/en\/wp-json\/wp\/v2\/users\/1"}],"replies":[{"embeddable":true,"href":"https:\/\/multiclinicadoalgarve.com\/en\/wp-json\/wp\/v2\/comments?post=689"}],"version-history":[{"count":0,"href":"https:\/\/multiclinicadoalgarve.com\/en\/wp-json\/wp\/v2\/pages\/689\/revisions"}],"wp:attachment":[{"href":"https:\/\/multiclinicadoalgarve.com\/en\/wp-json\/wp\/v2\/media?parent=689"}],"curies":[{"name":"wp","href":"https:\/\/api.w.org\/{rel}","templated":true}]}}