{"id":7,"date":"2025-07-17T14:48:17","date_gmt":"2025-07-17T14:48:17","guid":{"rendered":"https:\/\/multiclinicadoalgarve.com\/?page_id=3"},"modified":"2025-11-04T21:00:28","modified_gmt":"2025-11-04T21:00:28","slug":"privacy-policy-3","status":"publish","type":"page","link":"https:\/\/multiclinicadoalgarve.com\/en\/politica-de-privacidade\/","title":{"rendered":"Privacy Policy"},"content":{"rendered":"<div data-elementor-type=\"wp-page\" data-elementor-id=\"7\" class=\"elementor elementor-7\" data-elementor-post-type=\"page\">\n\t\t\t\t<div class=\"elementor-element elementor-element-d493722 e-flex e-con-boxed e-con e-parent\" data-id=\"d493722\" data-element_type=\"container\" data-e-type=\"container\">\n\t\t\t\t\t<div class=\"e-con-inner\">\n\t\t\t\t<div class=\"elementor-element elementor-element-f9b4930 elementor-widget elementor-widget-heading\" data-id=\"f9b4930\" data-element_type=\"widget\" data-e-type=\"widget\" data-widget_type=\"heading.default\">\n\t\t\t\t\t<h2 class=\"elementor-heading-title elementor-size-default\">Privacy Policy<\/h2>\t\t\t\t<\/div>\n\t\t\t\t\t<\/div>\n\t\t\t\t<\/div>\n\t\t<div class=\"elementor-element elementor-element-5177160e e-flex e-con-boxed e-con e-parent\" data-id=\"5177160e\" data-element_type=\"container\" data-e-type=\"container\">\n\t\t\t\t\t<div class=\"e-con-inner\">\n\t\t\t\t<div class=\"elementor-element elementor-element-7c1f07fc elementor-widget elementor-widget-text-editor\" data-id=\"7c1f07fc\" data-element_type=\"widget\" data-e-type=\"widget\" data-widget_type=\"text-editor.default\">\n\t\t\t\t\t\t\t\t\t<p data-start=\"276\" data-end=\"367\"><strong data-start=\"276\" data-end=\"330\">Multicl\u00ednica do Algarve Privacy Policy<\/strong><br data-start=\"330\" data-end=\"333\" \/>Last updated: 04\/11\/2025<\/p>\n<p data-start=\"369\" data-end=\"677\">Your privacy is a priority for us. This Privacy Policy explains who we are, how we collect and process your personal data, with whom we share it and how you can exercise your rights, in accordance with Regulation (EU) 2016\/679 - General Data Protection Regulation (GDPR).<\/p>\n<h3 data-start=\"679\" data-end=\"715\">1. Responsible for treatment<\/h3>\n<p data-start=\"716\" data-end=\"855\"><strong data-start=\"716\" data-end=\"749\">Multicl\u00ednica do Algarve, Lda.<\/strong><br data-start=\"749\" data-end=\"752\" \/>Address: <a href=\"https:\/\/www.google.com\/maps?q=EN+125,+Benfarras,+8125-017+Quarteira\" target=\"_blank\" rel=\"noopener\">EN 125, Benfarras, 8125-017 Quarteira<\/a><br data-start=\"777\" data-end=\"780\" \/>Email: <strong data-start=\"787\" data-end=\"822\"><a class=\"decorated-link cursor-pointer\" rel=\"noopener\" data-start=\"789\" data-end=\"820\">geral@multiclinicadoalgarve.com<\/a><\/strong><br data-start=\"822\" data-end=\"825\" \/>Telephone:<a href=\"tel:+351289366266\">\u00a0289 366 266<\/a><\/p>\n<div class=\"elementor-column elementor-col-50 elementor-inner-column elementor-element elementor-element-7303ceff\" data-id=\"7303ceff\" data-element_type=\"column\">\n<div class=\"elementor-widget-wrap elementor-element-populated\">\n<div class=\"elementor-element elementor-element-7171c1b3 e-grid-align-right elementor-shape-rounded elementor-grid-0 elementor-widget elementor-widget-social-icons\" data-id=\"7171c1b3\" data-element_type=\"widget\" data-widget_type=\"social-icons.default\">\n<div class=\"elementor-social-icons-wrapper elementor-grid\" role=\"list\">\u00a0<\/div>\n<\/div>\n<\/div>\n<\/div>\n<h3 data-start=\"857\" data-end=\"886\">2. Data we collect<\/h3>\n<p data-start=\"887\" data-end=\"934\">We may collect the following personal data:<\/p>\n<ul data-start=\"935\" data-end=\"1174\">\n<li data-start=\"935\" data-end=\"1032\">\n<p data-start=\"937\" data-end=\"1032\">Name, email, telephone and message via the contact or appointment forms;<\/p>\n<\/li>\n<li data-start=\"1033\" data-end=\"1174\">\n<p data-start=\"1035\" data-end=\"1174\">Technical data such as IP address, browser used, pages visited and browsing time (through cookies and analytical tools).<\/p>\n<\/li>\n<\/ul>\n<h3 data-start=\"1176\" data-end=\"1209\">3. Purposes and legal basis<\/h3>\n<p data-start=\"1210\" data-end=\"1244\">The data collected is used for<\/p>\n<ul data-start=\"1245\" data-end=\"1502\">\n<li data-start=\"1245\" data-end=\"1353\">\n<p data-start=\"1247\" data-end=\"1353\"><strong data-start=\"1247\" data-end=\"1308\">Responding to requests for contact or appointments<\/strong>, based on <strong data-start=\"1322\" data-end=\"1350\">consent of the holder<\/strong>;<\/p>\n<\/li>\n<li data-start=\"1354\" data-end=\"1407\">\n<p data-start=\"1356\" data-end=\"1407\"><strong data-start=\"1356\" data-end=\"1385\">Fulfilling legal obligations<\/strong> or administrative;<\/p>\n<\/li>\n<li data-start=\"1408\" data-end=\"1502\">\n<p data-start=\"1410\" data-end=\"1502\"><strong data-start=\"1410\" data-end=\"1446\">Improving the functioning of the site<\/strong>, based on <strong data-start=\"1460\" data-end=\"1501\">consent for analysis cookies<\/strong>.<\/p>\n<\/li>\n<\/ul>\n<h3 data-start=\"1504\" data-end=\"1534\">4. Data retention<\/h3>\n<p data-start=\"1535\" data-end=\"1695\">Data is only kept for as long as necessary to fulfil the purposes for which it was collected or for as long as there is a legal obligation to retain it.<\/p>\n<h3 data-start=\"1697\" data-end=\"1723\">5. Data sharing<\/h3>\n<p data-start=\"1724\" data-end=\"1996\">Your data may be shared with service providers who help us manage the website and process requests, such as web hosting, email sending and analysis tools. All act in accordance with confidentiality and data protection agreements.<\/p>\n<h3 data-start=\"1998\" data-end=\"2026\">6. Rights of the holder<\/h3>\n<p data-start=\"2027\" data-end=\"2078\">The user can request this at any time:<\/p>\n<ul data-start=\"2079\" data-end=\"2253\">\n<li data-start=\"2079\" data-end=\"2132\">\n<p data-start=\"2081\" data-end=\"2132\">Access, rectification or erasure of your data;<\/p>\n<\/li>\n<li data-start=\"2133\" data-end=\"2173\">\n<p data-start=\"2135\" data-end=\"2173\">Limitation or opposition to treatment;<\/p>\n<\/li>\n<li data-start=\"2174\" data-end=\"2207\">\n<p data-start=\"2176\" data-end=\"2207\">Portability of your data;<\/p>\n<\/li>\n<li data-start=\"2208\" data-end=\"2253\">\n<p data-start=\"2210\" data-end=\"2253\">Withdraw previously given consent.<\/p>\n<\/li>\n<\/ul>\n<p data-start=\"2255\" data-end=\"2458\">To exercise your rights, simply send a request to <strong data-start=\"2314\" data-end=\"2349\"><a class=\"decorated-link cursor-pointer\" rel=\"noopener\" data-start=\"2316\" data-end=\"2347\">geral@multiclinicadoalgarve.com<\/a><\/strong>.<br data-start=\"2350\" data-end=\"2353\" \/>You also have the right to lodge a complaint with the <strong data-start=\"2408\" data-end=\"2457\">National Data Protection Commission (CNPD)<\/strong>.<\/p>\n<h3 data-start=\"2460\" data-end=\"2488\">7. Data security<\/h3>\n<p data-start=\"2489\" data-end=\"2642\">We apply appropriate technical and organisational measures to protect your personal data against loss, misuse, unauthorised access and destruction.<\/p>\n<h3 data-start=\"2644\" data-end=\"2674\">8. Changes to the policy<\/h3>\n<p data-start=\"2675\" data-end=\"2819\">We may update this Privacy Policy from time to time. We recommend that you consult it regularly to stay informed of changes.<\/p>\t\t\t\t\t\t\t\t<\/div>\n\t\t\t\t\t<\/div>\n\t\t\t\t<\/div>\n\t\t\t\t<\/div>","protected":false},"excerpt":{"rendered":"<p>Pol\u00edtica de Privacidade Pol\u00edtica de Privacidade da Multicl\u00ednica do Algarve\u00daltima atualiza\u00e7\u00e3o: 04\/11\/2025 A sua privacidade \u00e9 uma prioridade para n\u00f3s. Esta Pol\u00edtica de Privacidade explica quem somos, como recolhemos e tratamos os seus dados pessoais, com quem os partilhamos e como pode exercer os seus direitos, em conformidade com o Regulamento (UE) 2016\/679 \u2013 Regulamento [&hellip;]<\/p>\n","protected":false},"author":1,"featured_media":0,"parent":0,"menu_order":0,"comment_status":"closed","ping_status":"open","template":"elementor_header_footer","meta":{"footnotes":""},"class_list":["post-7","page","type-page","status-publish","hentry"],"_links":{"self":[{"href":"https:\/\/multiclinicadoalgarve.com\/en\/wp-json\/wp\/v2\/pages\/7","targetHints":{"allow":["GET"]}}],"collection":[{"href":"https:\/\/multiclinicadoalgarve.com\/en\/wp-json\/wp\/v2\/pages"}],"about":[{"href":"https:\/\/multiclinicadoalgarve.com\/en\/wp-json\/wp\/v2\/types\/page"}],"author":[{"embeddable":true,"href":"https:\/\/multiclinicadoalgarve.com\/en\/wp-json\/wp\/v2\/users\/1"}],"replies":[{"embeddable":true,"href":"https:\/\/multiclinicadoalgarve.com\/en\/wp-json\/wp\/v2\/comments?post=7"}],"version-history":[{"count":0,"href":"https:\/\/multiclinicadoalgarve.com\/en\/wp-json\/wp\/v2\/pages\/7\/revisions"}],"wp:attachment":[{"href":"https:\/\/multiclinicadoalgarve.com\/en\/wp-json\/wp\/v2\/media?parent=7"}],"curies":[{"name":"wp","href":"https:\/\/api.w.org\/{rel}","templated":true}]}}