{"id":1837,"date":"2025-11-04T20:52:19","date_gmt":"2025-11-04T20:52:19","guid":{"rendered":"https:\/\/multiclinicadoalgarve.com\/?page_id=1837"},"modified":"2025-11-04T20:53:55","modified_gmt":"2025-11-04T20:53:55","slug":"politica-de-cookies","status":"publish","type":"page","link":"https:\/\/multiclinicadoalgarve.com\/es\/politica-de-cookies\/","title":{"rendered":"Pol\u00edtica de cookies"},"content":{"rendered":"<div data-elementor-type=\"wp-page\" data-elementor-id=\"1837\" class=\"elementor elementor-1837\" data-elementor-post-type=\"page\">\n\t\t\t\t<div class=\"elementor-element elementor-element-10bdc015 e-flex e-con-boxed e-con e-parent\" data-id=\"10bdc015\" data-element_type=\"container\" data-e-type=\"container\">\n\t\t\t\t\t<div class=\"e-con-inner\">\n\t\t\t\t<div class=\"elementor-element elementor-element-55a02771 elementor-widget elementor-widget-heading\" data-id=\"55a02771\" data-element_type=\"widget\" data-e-type=\"widget\" data-widget_type=\"heading.default\">\n\t\t\t\t\t<h2 class=\"elementor-heading-title elementor-size-default\">Pol\u00edtica de cookies de Multicl\u00ednica do Algarve<\/h2>\t\t\t\t<\/div>\n\t\t\t\t\t<\/div>\n\t\t\t\t<\/div>\n\t\t<div class=\"elementor-element elementor-element-68680fb6 e-flex e-con-boxed e-con e-parent\" data-id=\"68680fb6\" data-element_type=\"container\" data-e-type=\"container\">\n\t\t\t\t\t<div class=\"e-con-inner\">\n\t\t\t\t<div class=\"elementor-element elementor-element-4ce205f1 elementor-widget elementor-widget-text-editor\" data-id=\"4ce205f1\" data-element_type=\"widget\" data-e-type=\"widget\" data-widget_type=\"text-editor.default\">\n\t\t\t\t\t\t\t\t\t<p data-start=\"2861\" data-end=\"2948\"><br data-start=\"2911\" data-end=\"2914\" \/>\u00daltima actualizaci\u00f3n: 04\/11\/2025<\/p><p data-start=\"2950\" data-end=\"3077\">Esta Pol\u00edtica de Cookies explica qu\u00e9 son las cookies, qu\u00e9 tipos utilizamos, para qu\u00e9 se utilizan y c\u00f3mo puede gestionarlas o desactivarlas.<\/p><h3 data-start=\"3079\" data-end=\"3105\">1. Qu\u00e9 son las cookies<\/h3><p data-start=\"3106\" data-end=\"3279\">Las cookies son peque\u00f1os archivos de texto que se almacenan en su dispositivo cuando visita nuestro sitio web. Nos permiten mejorar su experiencia y comprender c\u00f3mo se utiliza el sitio.<\/p><h3 data-start=\"3281\" data-end=\"3317\">2. Tipos de cookies utilizadas<\/h3><p data-start=\"3318\" data-end=\"3676\"><strong data-start=\"3318\" data-end=\"3344\">a) Cookies esenciales:<\/strong> necesarias para el funcionamiento del sitio.<br data-start=\"3386\" data-end=\"3389\" \/><strong data-start=\"3389\" data-end=\"3418\">b) Cookies de rendimiento:<\/strong> recopilar informaci\u00f3n sobre c\u00f3mo utiliza el sitio para mejorar su funcionamiento.<br data-start=\"3500\" data-end=\"3503\" \/><strong data-start=\"3503\" data-end=\"3529\">c) Cookies funcionales:<\/strong> guardar preferencias como el idioma o la regi\u00f3n.<br data-start=\"3573\" data-end=\"3576\" \/><strong data-start=\"3576\" data-end=\"3604\">d) Cookies de marketing:<\/strong> ayudar a mostrar anuncios relevantes (s\u00f3lo con consentimiento).<\/p><h3 data-start=\"3678\" data-end=\"3707\">3. Cookies de terceros<\/h3><p data-start=\"3708\" data-end=\"3867\">Podemos utilizar cookies de servicio como <strong data-start=\"3750\" data-end=\"3770\">Google Analytics<\/strong> o <strong data-start=\"3774\" data-end=\"3793\">Meta (Facebook)<\/strong> con fines estad\u00edsticos o publicitarios, s\u00f3lo con su consentimiento.<\/p><h3 data-start=\"3869\" data-end=\"3900\">4. C\u00f3mo controlar las cookies<\/h3><p data-start=\"3901\" data-end=\"4154\">Puede aceptar, rechazar o personalizar las cookies a trav\u00e9s de nuestra p\u00e1gina web <strong data-start=\"3964\" data-end=\"3991\">banner de consentimiento<\/strong> o el <strong data-start=\"4004\" data-end=\"4023\">\u201cGestionar cookies\u201d<\/strong> disponible en la parte inferior del sitio.<br data-start=\"4053\" data-end=\"4056\" \/>Tambi\u00e9n puede configurar su navegador para que elimine o bloquee las cookies.<br data-start=\"4129\" data-end=\"4132\" \/>M\u00e1s informaci\u00f3n en:<\/p><ul data-start=\"4155\" data-end=\"4763\"><li data-start=\"4155\" data-end=\"4263\"><p data-start=\"4157\" data-end=\"4263\">Cromo: <a class=\"decorated-link cursor-pointer\" target=\"_new\" rel=\"noopener\" data-start=\"4165\" data-end=\"4261\">https:\/\/support.google.com\/chrome\/answer\/95647<\/a><\/p><\/li><li data-start=\"4264\" data-end=\"4461\"><p data-start=\"4266\" data-end=\"4461\">Firefox: <a class=\"decorated-link cursor-pointer\" target=\"_new\" rel=\"noopener\" data-start=\"4275\" data-end=\"4459\">https:\/\/support.mozilla.org\/pt-PT\/kb\/cookies-informacoes-sites-armazenam-no-seu-computador<\/a><\/p><\/li><li data-start=\"4462\" data-end=\"4594\"><p data-start=\"4464\" data-end=\"4594\">Safari: <a class=\"decorated-link cursor-pointer\" target=\"_new\" rel=\"noopener\" data-start=\"4472\" data-end=\"4592\">https:\/\/support.apple.com\/pt-pt\/guide\/safari\/sfri11471\/mac<\/a><\/p><\/li><li data-start=\"4595\" data-end=\"4763\"><p data-start=\"4597\" data-end=\"4763\">Borde: <a class=\"decorated-link cursor-pointer\" target=\"_new\" rel=\"noopener\" data-start=\"4603\" data-end=\"4763\">https:\/\/support.microsoft.com\/pt-pt\/help\/4027947\/microsoft-edge-delete-cookies<\/a><\/p><\/li><\/ul><h3 data-start=\"4765\" data-end=\"4795\">5. Cambios en la pol\u00edtica<\/h3><p data-start=\"4796\" data-end=\"4952\">Multicl\u00ednica do Algarve se reserva el derecho de actualizar esta Pol\u00edtica de Cookies en cualquier momento. Le recomendamos que consulte esta p\u00e1gina con regularidad.<\/p>\t\t\t\t\t\t\t\t<\/div>\n\t\t\t\t\t<\/div>\n\t\t\t\t<\/div>\n\t\t\t\t<\/div>","protected":false},"excerpt":{"rendered":"<p>Pol\u00edtica de Cookies da Multicl\u00ednica do Algarve \u00daltima atualiza\u00e7\u00e3o:04\/11\/2025 Esta Pol\u00edtica de Cookies explica o que s\u00e3o cookies, que tipos utilizamos, para que servem e como pode geri-los ou desativ\u00e1-los. 1. O que s\u00e3o cookies Cookies s\u00e3o pequenos ficheiros de texto armazenados no seu dispositivo quando visita o nosso site. Permitem melhorar a sua experi\u00eancia [&hellip;]<\/p>\n","protected":false},"author":1,"featured_media":0,"parent":0,"menu_order":0,"comment_status":"closed","ping_status":"closed","template":"elementor_header_footer","meta":{"footnotes":""},"class_list":["post-1837","page","type-page","status-publish","hentry"],"_links":{"self":[{"href":"https:\/\/multiclinicadoalgarve.com\/es\/wp-json\/wp\/v2\/pages\/1837","targetHints":{"allow":["GET"]}}],"collection":[{"href":"https:\/\/multiclinicadoalgarve.com\/es\/wp-json\/wp\/v2\/pages"}],"about":[{"href":"https:\/\/multiclinicadoalgarve.com\/es\/wp-json\/wp\/v2\/types\/page"}],"author":[{"embeddable":true,"href":"https:\/\/multiclinicadoalgarve.com\/es\/wp-json\/wp\/v2\/users\/1"}],"replies":[{"embeddable":true,"href":"https:\/\/multiclinicadoalgarve.com\/es\/wp-json\/wp\/v2\/comments?post=1837"}],"version-history":[{"count":0,"href":"https:\/\/multiclinicadoalgarve.com\/es\/wp-json\/wp\/v2\/pages\/1837\/revisions"}],"wp:attachment":[{"href":"https:\/\/multiclinicadoalgarve.com\/es\/wp-json\/wp\/v2\/media?parent=1837"}],"curies":[{"name":"wp","href":"https:\/\/api.w.org\/{rel}","templated":true}]}}