{"id":632,"date":"2025-07-24T18:31:32","date_gmt":"2025-07-24T18:31:32","guid":{"rendered":"https:\/\/multiclinicadoalgarve.com\/?page_id=632"},"modified":"2026-01-08T22:58:55","modified_gmt":"2026-01-08T22:58:55","slug":"quiropractica","status":"publish","type":"page","link":"https:\/\/multiclinicadoalgarve.com\/es\/quiropratica\/","title":{"rendered":"Quiropr\u00e1ctica en Quarteira"},"content":{"rendered":"<div data-elementor-type=\"wp-page\" data-elementor-id=\"632\" class=\"elementor elementor-632\" data-elementor-post-type=\"page\">\n\t\t\t\t\t\t<section class=\"elementor-section elementor-top-section elementor-element elementor-element-1e8808f7 elementor-section-boxed elementor-section-height-default elementor-section-height-default\" data-id=\"1e8808f7\" data-element_type=\"section\" data-e-type=\"section\" data-settings=\"{&quot;background_background&quot;:&quot;gradient&quot;}\">\n\t\t\t\t\t\t\t<div class=\"elementor-background-overlay\"><\/div>\n\t\t\t\t\t\t\t<div class=\"elementor-container elementor-column-gap-default\">\n\t\t\t\t\t<div class=\"elementor-column elementor-col-100 elementor-top-column elementor-element elementor-element-1d50a245\" data-id=\"1d50a245\" data-element_type=\"column\" data-e-type=\"column\">\n\t\t\t<div class=\"elementor-widget-wrap elementor-element-populated\">\n\t\t\t\t\t\t<div class=\"elementor-element elementor-element-cbe497b elementor-widget elementor-widget-heading\" data-id=\"cbe497b\" data-element_type=\"widget\" data-e-type=\"widget\" data-widget_type=\"heading.default\">\n\t\t\t\t\t<h1 class=\"elementor-heading-title elementor-size-default\">Quiropr\u00e1ctica en Quarteira para el alivio del dolor y el bienestar<\/h1>\t\t\t\t<\/div>\n\t\t\t\t<div class=\"elementor-element elementor-element-fceed90 elementor-icon-list--layout-inline elementor-align-center elementor-list-item-link-full_width elementor-widget elementor-widget-icon-list\" data-id=\"fceed90\" data-element_type=\"widget\" data-e-type=\"widget\" data-widget_type=\"icon-list.default\">\n\t\t\t\t\t\t\t<ul class=\"elementor-icon-list-items elementor-inline-items\">\n\t\t\t\t\t\t\t<li class=\"elementor-icon-list-item elementor-inline-item\">\n\t\t\t\t\t\t\t\t\t\t\t<a href=\"https:\/\/multiclinicadoalgarve.com\/\">\n\n\t\t\t\t\t\t\t\t\t\t\t\t<span class=\"elementor-icon-list-icon\">\n\t\t\t\t\t\t\t<i aria-hidden=\"true\" class=\"icon icon-home\"><\/i>\t\t\t\t\t\t<\/span>\n\t\t\t\t\t\t\t\t\t\t<span class=\"elementor-icon-list-text\">Inicio<\/span>\n\t\t\t\t\t\t\t\t\t\t\t<\/a>\n\t\t\t\t\t\t\t\t\t<\/li>\n\t\t\t\t\t\t\t\t<li class=\"elementor-icon-list-item elementor-inline-item\">\n\t\t\t\t\t\t\t\t\t\t\t<a href=\"https:\/\/multiclinicadoalgarve.com\/pt_pt\/consultas-medicas-em-quarteira\/\">\n\n\t\t\t\t\t\t\t\t\t\t\t\t<span class=\"elementor-icon-list-icon\">\n\t\t\t\t\t\t\t<svg aria-hidden=\"true\" class=\"e-font-icon-svg e-fas-chevron-right\" viewbox=\"0 0 320 512\" xmlns=\"http:\/\/www.w3.org\/2000\/svg\"><path d=\"M285.476 272.971L91.132 467.314c-9.373 9.373-24.569 9.373-33.941 0l-22.667-22.667c-9.357-9.357-9.375-24.522-.04-33.901L188.505 256 34.484 101.255c-9.335-9.379-9.317-24.544.04-33.901l22.667-22.667c9.373-9.373 24.569-9.373 33.941 0L285.475 239.03c9.373 9.372 9.373 24.568.001 33.941z\"><\/path><\/svg>\t\t\t\t\t\t<\/span>\n\t\t\t\t\t\t\t\t\t\t<span class=\"elementor-icon-list-text\">Consultas m\u00e9dicas en Quarteira<\/span>\n\t\t\t\t\t\t\t\t\t\t\t<\/a>\n\t\t\t\t\t\t\t\t\t<\/li>\n\t\t\t\t\t\t\t\t<li class=\"elementor-icon-list-item elementor-inline-item\">\n\t\t\t\t\t\t\t\t\t\t\t<span class=\"elementor-icon-list-icon\">\n\t\t\t\t\t\t\t<svg aria-hidden=\"true\" class=\"e-font-icon-svg e-fas-chevron-right\" viewbox=\"0 0 320 512\" xmlns=\"http:\/\/www.w3.org\/2000\/svg\"><path d=\"M285.476 272.971L91.132 467.314c-9.373 9.373-24.569 9.373-33.941 0l-22.667-22.667c-9.357-9.357-9.375-24.522-.04-33.901L188.505 256 34.484 101.255c-9.335-9.379-9.317-24.544.04-33.901l22.667-22.667c9.373-9.373 24.569-9.373 33.941 0L285.475 239.03c9.373 9.372 9.373 24.568.001 33.941z\"><\/path><\/svg>\t\t\t\t\t\t<\/span>\n\t\t\t\t\t\t\t\t\t\t<span class=\"elementor-icon-list-text\">Quiropr\u00e1ctica en Quarteira<\/span>\n\t\t\t\t\t\t\t\t\t<\/li>\n\t\t\t\t\t\t<\/ul>\n\t\t\t\t\t\t<\/div>\n\t\t\t\t\t<\/div>\n\t\t<\/div>\n\t\t\t\t\t<\/div>\n\t\t<\/section>\n\t\t\t\t<section class=\"elementor-section elementor-top-section elementor-element elementor-element-1979c215 elementor-section-boxed elementor-section-height-default elementor-section-height-default\" data-id=\"1979c215\" data-element_type=\"section\" data-e-type=\"section\">\n\t\t\t\t\t\t<div class=\"elementor-container elementor-column-gap-default\">\n\t\t\t\t\t<div class=\"elementor-column elementor-col-50 elementor-top-column elementor-element elementor-element-78183d12\" data-id=\"78183d12\" data-element_type=\"column\" data-e-type=\"column\">\n\t\t\t<div class=\"elementor-widget-wrap elementor-element-populated\">\n\t\t\t\t\t\t<div class=\"elementor-element elementor-element-3083148 elementor-widget-tablet__width-initial elementor-widget elementor-widget-heading\" data-id=\"3083148\" data-element_type=\"widget\" data-e-type=\"widget\" data-widget_type=\"heading.default\">\n\t\t\t\t\t<h2 class=\"elementor-heading-title elementor-size-default\">Mejore su calidad de vida con la quiropr\u00e1ctica<\/h2>\t\t\t\t<\/div>\n\t\t\t\t<div class=\"elementor-element elementor-element-4e744959 elementor-widget-tablet__width-initial elementor-widget elementor-widget-text-editor\" data-id=\"4e744959\" data-element_type=\"widget\" data-e-type=\"widget\" data-widget_type=\"text-editor.default\">\n\t\t\t\t\t\t\t\t\t<p>Multicl\u00ednica ofrece <strong>quiropr\u00e1ctica en Quarteira<\/strong> llevada a cabo por profesionales cualificados que trabajan para prevenir y tratar el dolor en la columna vertebral, los hombros, el cuello y las articulaciones. Nuestro enfoque es personalizado, seguro y centrado en el bienestar del paciente.<\/p><p><a class=\"btn-cta\" href=\"#agendar\">Reserve hoy mismo su cita<\/a><\/p>\t\t\t\t\t\t\t\t<\/div>\n\t\t\t\t<div class=\"elementor-element elementor-element-0326378 elementor-widget-tablet__width-initial elementor-widget elementor-widget-heading\" data-id=\"0326378\" data-element_type=\"widget\" data-e-type=\"widget\" data-widget_type=\"heading.default\">\n\t\t\t\t\t<h2 class=\"elementor-heading-title elementor-size-default\">Beneficios de la quiropr\u00e1ctica<\/h2>\t\t\t\t<\/div>\n\t\t\t\t<div class=\"elementor-element elementor-element-8f4b444 elementor-widget-tablet__width-initial elementor-widget elementor-widget-text-editor\" data-id=\"8f4b444\" data-element_type=\"widget\" data-e-type=\"widget\" data-widget_type=\"text-editor.default\">\n\t\t\t\t\t\t\t\t\t<ul><li><strong>Alivio del dolor muscular y articular <\/strong>(especialmente en la espalda y el cuello)<\/li><li><strong>Mayor movilidad y flexibilidad<\/strong><\/li><li><strong>Correcci\u00f3n postural y alineaci\u00f3n de la columna vertebral<\/strong><\/li><li><strong>Reducci\u00f3n del estr\u00e9s f\u00edsico y la tensi\u00f3n muscular<\/strong><\/li><li><strong>Prevenci\u00f3n de lesiones y problemas cr\u00f3nicos<\/strong><\/li><\/ul>\t\t\t\t\t\t\t\t<\/div>\n\t\t\t\t<div class=\"elementor-element elementor-element-2e3767e elementor-widget-tablet__width-initial elementor-widget elementor-widget-heading\" data-id=\"2e3767e\" data-element_type=\"widget\" data-e-type=\"widget\" data-widget_type=\"heading.default\">\n\t\t\t\t\t<h2 class=\"elementor-heading-title elementor-size-default\">Qu\u00e9 ofrecemos en Multicl\u00ednca do Algarve en nuestras Sesiones<\/h2>\t\t\t\t<\/div>\n\t\t\t\t<div class=\"elementor-element elementor-element-11472166 elementor-widget-tablet__width-initial elementor-widget elementor-widget-text-editor\" data-id=\"11472166\" data-element_type=\"widget\" data-e-type=\"widget\" data-widget_type=\"text-editor.default\">\n\t\t\t\t\t\t\t\t\t<p>Nuestras consultas incluyen:<\/p><ul><li>Evaluaci\u00f3n postural y examen cl\u00ednico completo<\/li><li>Ajustes manuales precisos y seguros<\/li><li>Educaci\u00f3n sobre ergonom\u00eda y estilo de vida saludable<\/li><li>Recomendaciones personalizadas de ejercicios y estiramientos<\/li><\/ul>\t\t\t\t\t\t\t\t<\/div>\n\t\t\t\t<div class=\"elementor-element elementor-element-ae67fe6 elementor-widget-tablet__width-initial elementor-widget elementor-widget-heading\" data-id=\"ae67fe6\" data-element_type=\"widget\" data-e-type=\"widget\" data-widget_type=\"heading.default\">\n\t\t\t\t\t<h2 class=\"elementor-heading-title elementor-size-default\">\u00bfPor qu\u00e9 elegir Multicl\u00ednca do Algarve?<\/h2>\t\t\t\t<\/div>\n\t\t\t\t<div class=\"elementor-element elementor-element-678e2c2 elementor-widget-tablet__width-initial elementor-widget elementor-widget-text-editor\" data-id=\"678e2c2\" data-element_type=\"widget\" data-e-type=\"widget\" data-widget_type=\"text-editor.default\">\n\t\t\t\t\t\t\t\t\t<div class=\"wpb_text_column wpb_content_element large margin-top-10\"><div class=\"wpb_wrapper\"><ul><li>Quiropr\u00e1cticos especializados: Nuestro equipo est\u00e1 formado por quiropr\u00e1cticos altamente cualificados y experimentados.<\/li><\/ul><\/div><\/div><div class=\"wpb_text_column wpb_content_element large margin-top-10\"><div class=\"wpb_wrapper\"><ul><li>Atenci\u00f3n personalizada: Nos tomamos el tiempo necesario para entender su caso y ofrecerle un tratamiento adaptado a sus necesidades.<\/li><\/ul><\/div><\/div><div class=\"wpb_text_column wpb_content_element large margin-top-10\"><div class=\"wpb_wrapper\"><ul><li>Ambiente c\u00e1lido y acogedor: nos preocupamos por su comodidad y bienestar durante su visita.<\/li><\/ul><\/div><\/div><div class=\"wpb_text_column wpb_content_element large margin-top-10\"><div class=\"wpb_wrapper\"><ul><li>Tecnolog\u00eda punta: Utilizamos tecnolog\u00eda moderna para garantizar ajustes precisos y eficaces.<\/li><\/ul><\/div><\/div>\t\t\t\t\t\t\t\t<\/div>\n\t\t\t\t\t<\/div>\n\t\t<\/div>\n\t\t\t\t<div class=\"elementor-column elementor-col-50 elementor-top-column elementor-element elementor-element-a069b06\" data-id=\"a069b06\" data-element_type=\"column\" data-e-type=\"column\">\n\t\t\t<div class=\"elementor-widget-wrap elementor-element-populated\">\n\t\t\t\t<div class=\"elementor-element elementor-element-3e16754 e-grid e-con-boxed e-con e-parent\" data-id=\"3e16754\" data-element_type=\"container\" data-e-type=\"container\">\n\t\t\t\t\t<div class=\"e-con-inner\">\n\t\t\t\t<div class=\"elementor-element elementor-element-cf08d10 elementor-widget elementor-widget-image\" data-id=\"cf08d10\" data-element_type=\"widget\" data-e-type=\"widget\" data-widget_type=\"image.default\">\n\t\t\t\t\t\t\t\t\t\t\t\t\t\t\t<img fetchpriority=\"high\" decoding=\"async\" width=\"800\" height=\"800\" src=\"https:\/\/multiclinicadoalgarve.com\/wp-content\/uploads\/2025\/07\/Profissionais-de-Saude-na-Multiclinica-do-Algarve.webp\" class=\"attachment-large size-large wp-image-643\" alt=\"Beneficios de la Quiropr\u00e1ctica. Quiropr\u00e1ctico realizando un ajuste vertebral a un paciente en Quarteira.\" srcset=\"https:\/\/multiclinicadoalgarve.com\/wp-content\/uploads\/2025\/07\/Profissionais-de-Saude-na-Multiclinica-do-Algarve.webp 1024w, https:\/\/multiclinicadoalgarve.com\/wp-content\/uploads\/2025\/07\/Profissionais-de-Saude-na-Multiclinica-do-Algarve-300x300.webp 300w, https:\/\/multiclinicadoalgarve.com\/wp-content\/uploads\/2025\/07\/Profissionais-de-Saude-na-Multiclinica-do-Algarve-150x150.webp 150w, https:\/\/multiclinicadoalgarve.com\/wp-content\/uploads\/2025\/07\/Profissionais-de-Saude-na-Multiclinica-do-Algarve-768x768.webp 768w, https:\/\/multiclinicadoalgarve.com\/wp-content\/uploads\/2025\/07\/Profissionais-de-Saude-na-Multiclinica-do-Algarve-700x700.webp 700w, https:\/\/multiclinicadoalgarve.com\/wp-content\/uploads\/2025\/07\/Profissionais-de-Saude-na-Multiclinica-do-Algarve-800x800.webp 800w, https:\/\/multiclinicadoalgarve.com\/wp-content\/uploads\/2025\/07\/Profissionais-de-Saude-na-Multiclinica-do-Algarve-500x500.webp 500w\" sizes=\"(max-width: 800px) 100vw, 800px\" \/>\t\t\t\t\t\t\t\t\t\t\t\t\t\t\t<\/div>\n\t\t\t\t<div class=\"elementor-element elementor-element-6966c43 elementor-widget elementor-widget-image\" data-id=\"6966c43\" data-element_type=\"widget\" data-e-type=\"widget\" data-widget_type=\"image.default\">\n\t\t\t\t\t\t\t\t\t\t\t\t\t\t\t<img decoding=\"async\" width=\"800\" height=\"800\" src=\"https:\/\/multiclinicadoalgarve.com\/wp-content\/uploads\/2025\/07\/Sesion-Quiropractica-na-multiclinica-do-algarve.webp\" class=\"attachment-large size-large wp-image-644\" alt=\"Quiropr\u00e1ctica en Quarteira | Multicl\u00ednica do Algarve\" srcset=\"https:\/\/multiclinicadoalgarve.com\/wp-content\/uploads\/2025\/07\/Sesion-Quiropractica-na-multiclinica-do-algarve.webp 1024w, https:\/\/multiclinicadoalgarve.com\/wp-content\/uploads\/2025\/07\/Sesion-Quiropractica-na-multiclinica-do-algarve-300x300.webp 300w, https:\/\/multiclinicadoalgarve.com\/wp-content\/uploads\/2025\/07\/Sesion-Quiropractica-na-multiclinica-do-algarve-150x150.webp 150w, https:\/\/multiclinicadoalgarve.com\/wp-content\/uploads\/2025\/07\/Sesion-Quiropractica-na-multiclinica-do-algarve-768x768.webp 768w, https:\/\/multiclinicadoalgarve.com\/wp-content\/uploads\/2025\/07\/Sesion-Quiropractica-na-multiclinica-do-algarve-700x700.webp 700w, https:\/\/multiclinicadoalgarve.com\/wp-content\/uploads\/2025\/07\/Sesion-Quiropractica-na-multiclinica-do-algarve-800x800.webp 800w, https:\/\/multiclinicadoalgarve.com\/wp-content\/uploads\/2025\/07\/Sesion-Quiropractica-na-multiclinica-do-algarve-500x500.webp 500w\" sizes=\"(max-width: 800px) 100vw, 800px\" \/>\t\t\t\t\t\t\t\t\t\t\t\t\t\t\t<\/div>\n\t\t\t\t<div class=\"elementor-element elementor-element-b8cb2bc elementor-widget elementor-widget-image\" data-id=\"b8cb2bc\" data-element_type=\"widget\" data-e-type=\"widget\" data-widget_type=\"image.default\">\n\t\t\t\t\t\t\t\t\t\t\t\t\t\t\t<img decoding=\"async\" width=\"800\" height=\"800\" src=\"https:\/\/multiclinicadoalgarve.com\/wp-content\/uploads\/2025\/07\/Sesion-con-medico-ded-Quiropractica-na-multiclinica-do-algarve.webp\" class=\"attachment-large size-large wp-image-645\" alt=\"moderna ala de atenci\u00f3n quiropr\u00e1ctica en Multicl\u00ednica Algarve\" srcset=\"https:\/\/multiclinicadoalgarve.com\/wp-content\/uploads\/2025\/07\/Sesion-con-medico-ded-Quiropractica-na-multiclinica-do-algarve.webp 1024w, https:\/\/multiclinicadoalgarve.com\/wp-content\/uploads\/2025\/07\/Sesion-con-medico-ded-Quiropractica-na-multiclinica-do-algarve-300x300.webp 300w, https:\/\/multiclinicadoalgarve.com\/wp-content\/uploads\/2025\/07\/Sesion-con-medico-ded-Quiropractica-na-multiclinica-do-algarve-150x150.webp 150w, https:\/\/multiclinicadoalgarve.com\/wp-content\/uploads\/2025\/07\/Sesion-con-medico-ded-Quiropractica-na-multiclinica-do-algarve-768x768.webp 768w, https:\/\/multiclinicadoalgarve.com\/wp-content\/uploads\/2025\/07\/Sesion-con-medico-ded-Quiropractica-na-multiclinica-do-algarve-700x700.webp 700w, https:\/\/multiclinicadoalgarve.com\/wp-content\/uploads\/2025\/07\/Sesion-con-medico-ded-Quiropractica-na-multiclinica-do-algarve-800x800.webp 800w, https:\/\/multiclinicadoalgarve.com\/wp-content\/uploads\/2025\/07\/Sesion-con-medico-ded-Quiropractica-na-multiclinica-do-algarve-500x500.webp 500w\" sizes=\"(max-width: 800px) 100vw, 800px\" \/>\t\t\t\t\t\t\t\t\t\t\t\t\t\t\t<\/div>\n\t\t\t\t<div class=\"elementor-element elementor-element-4526577 elementor-align-center elementor-mobile-align-center elementor-widget elementor-widget-button\" data-id=\"4526577\" data-element_type=\"widget\" data-e-type=\"widget\" data-widget_type=\"button.default\">\n\t\t\t\t\t\t\t\t\t\t<a class=\"elementor-button elementor-button-link elementor-size-lg elementor-animation-float\" href=\"https:\/\/multiclinicadoalgarve.com\/marcacao-de-consultas-quarteira\/?area=medica\">\n\t\t\t\t\t\t<span class=\"elementor-button-content-wrapper\">\n\t\t\t\t\t\t\t\t\t<span class=\"elementor-button-text\">Concierte una cita<\/span>\n\t\t\t\t\t<\/span>\n\t\t\t\t\t<\/a>\n\t\t\t\t\t\t\t\t<\/div>\n\t\t\t\t\t<\/div>\n\t\t\t\t<\/div>\n\t\t\t\t\t<\/div>\n\t\t<\/div>\n\t\t\t\t\t<\/div>\n\t\t<\/section>\n\t\t<div class=\"elementor-element elementor-element-cf07e18 e-flex e-con-boxed e-con e-parent\" data-id=\"cf07e18\" data-element_type=\"container\" data-e-type=\"container\" data-settings=\"{&quot;background_background&quot;:&quot;gradient&quot;}\">\n\t\t\t\t\t<div class=\"e-con-inner\">\n\t\t\t\t<div class=\"elementor-element elementor-element-311aa75 elementor-widget elementor-widget-text-editor\" data-id=\"311aa75\" data-element_type=\"widget\" data-e-type=\"widget\" data-widget_type=\"text-editor.default\">\n\t\t\t\t\t\t\t\t\t<p>En Multicl\u00ednica do Algarve, ofrecemos un servicio centrado en el bienestar f\u00edsico y la prevenci\u00f3n de lesiones. Nuestro objetivo es ayudar a cada paciente a recuperar la movilidad, aliviar el dolor y vivir una mejor calidad de vida. Esta pr\u00e1ctica es reconocida internacionalmente por sus beneficios para la salud musculoesquel\u00e9tica, especialmente cuando es realizada por profesionales cualificados. Para saber m\u00e1s sobre los principios y beneficios de esta especialidad, consulte el <a href=\"https:\/\/www.ordemdosfisioterapeutas.pt\/\" target=\"_blank\" rel=\"noopener\">Orden Portuguesa de Fisioterapeutas<\/a>la principal organizaci\u00f3n sanitaria de Portugal.<\/p>\t\t\t\t\t\t\t\t<\/div>\n\t\t\t\t\t<\/div>\n\t\t\t\t<\/div>\n\t\t<div class=\"elementor-element elementor-element-6b9d1b0 e-flex e-con-boxed e-con e-parent\" data-id=\"6b9d1b0\" data-element_type=\"container\" data-e-type=\"container\">\n\t\t\t\t\t<div class=\"e-con-inner\">\n\t\t<div class=\"elementor-element elementor-element-26198a4 e-flex e-con-boxed e-con e-child\" data-id=\"26198a4\" data-element_type=\"container\" data-e-type=\"container\" data-settings=\"{&quot;background_background&quot;:&quot;gradient&quot;}\">\n\t\t\t\t\t<div class=\"e-con-inner\">\n\t\t\t\t<div class=\"elementor-element elementor-element-27dddeb elementor-widget elementor-widget-heading\" data-id=\"27dddeb\" data-element_type=\"widget\" data-e-type=\"widget\" data-widget_type=\"heading.default\">\n\t\t\t\t\t<h2 class=\"elementor-heading-title elementor-size-default\">Reserve su cita quiropr\u00e1ctica <\/h2>\t\t\t\t<\/div>\n\t\t\t\t<div class=\"elementor-element elementor-element-6567c41 elementor-widget elementor-widget-text-editor\" data-id=\"6567c41\" data-element_type=\"widget\" data-e-type=\"widget\" data-widget_type=\"text-editor.default\">\n\t\t\t\t\t\t\t\t\t<p>No pospongas m\u00e1s tu bienestar. Reserva ya tu sesi\u00f3n quiropr\u00e1ctica con nuestros especialistas y \u00a1siente la diferencia!<\/p>\t\t\t\t\t\t\t\t<\/div>\n\t\t\t\t<div class=\"elementor-element elementor-element-f4291af elementor-align-center elementor-mobile-align-center elementor-widget elementor-widget-button\" data-id=\"f4291af\" data-element_type=\"widget\" data-e-type=\"widget\" data-widget_type=\"button.default\">\n\t\t\t\t\t\t\t\t\t\t<a class=\"elementor-button elementor-button-link elementor-size-lg elementor-animation-float\" href=\"https:\/\/multiclinicadoalgarve.com\/marcacao-de-consultas-quarteira\/?area=medica\">\n\t\t\t\t\t\t<span class=\"elementor-button-content-wrapper\">\n\t\t\t\t\t\t\t\t\t<span class=\"elementor-button-text\">Concierte una cita<\/span>\n\t\t\t\t\t<\/span>\n\t\t\t\t\t<\/a>\n\t\t\t\t\t\t\t\t<\/div>\n\t\t\t\t\t<\/div>\n\t\t\t\t<\/div>\n\t\t\t\t\t<\/div>\n\t\t\t\t<\/div>\n\t\t\t\t<\/div>","protected":false},"excerpt":{"rendered":"<p>Quiropr\u00e1tica em Quarteira para Al\u00edvio de Dores e Bem-Estar Home Consultas M\u00e9dicas em Quarteira Quiropr\u00e1tica em Quarteira Melhore a sua Qualidade de Vida com Quiropr\u00e1tica A Multicl\u00ednica oferece sess\u00f5es de quiropr\u00e1tica em Quarteira realizadas por profissionais qualificados que atuam na preven\u00e7\u00e3o e no tratamento de dores na coluna, ombros, pesco\u00e7o e articula\u00e7\u00f5es. Nossa abordagem \u00e9 [&hellip;]<\/p>\n","protected":false},"author":1,"featured_media":0,"parent":0,"menu_order":0,"comment_status":"closed","ping_status":"closed","template":"elementor_header_footer","meta":{"footnotes":""},"class_list":["post-632","page","type-page","status-publish","hentry"],"_links":{"self":[{"href":"https:\/\/multiclinicadoalgarve.com\/es\/wp-json\/wp\/v2\/pages\/632","targetHints":{"allow":["GET"]}}],"collection":[{"href":"https:\/\/multiclinicadoalgarve.com\/es\/wp-json\/wp\/v2\/pages"}],"about":[{"href":"https:\/\/multiclinicadoalgarve.com\/es\/wp-json\/wp\/v2\/types\/page"}],"author":[{"embeddable":true,"href":"https:\/\/multiclinicadoalgarve.com\/es\/wp-json\/wp\/v2\/users\/1"}],"replies":[{"embeddable":true,"href":"https:\/\/multiclinicadoalgarve.com\/es\/wp-json\/wp\/v2\/comments?post=632"}],"version-history":[{"count":0,"href":"https:\/\/multiclinicadoalgarve.com\/es\/wp-json\/wp\/v2\/pages\/632\/revisions"}],"wp:attachment":[{"href":"https:\/\/multiclinicadoalgarve.com\/es\/wp-json\/wp\/v2\/media?parent=632"}],"curies":[{"name":"wp","href":"https:\/\/api.w.org\/{rel}","templated":true}]}}