{"id":689,"date":"2025-07-24T20:13:19","date_gmt":"2025-07-24T20:13:19","guid":{"rendered":"https:\/\/multiclinicadoalgarve.com\/?page_id=689"},"modified":"2026-01-14T16:03:48","modified_gmt":"2026-01-14T16:03:48","slug":"medicina-tradicional-china","status":"publish","type":"page","link":"https:\/\/multiclinicadoalgarve.com\/es\/medicina-tradicional-chinesa\/","title":{"rendered":"Medicina Tradicional China en Quarteira"},"content":{"rendered":"<div data-elementor-type=\"wp-page\" data-elementor-id=\"689\" class=\"elementor elementor-689\" data-elementor-post-type=\"page\">\n\t\t\t\t\t\t<section class=\"elementor-section elementor-top-section elementor-element elementor-element-3edcfb34 elementor-section-boxed elementor-section-height-default elementor-section-height-default\" data-id=\"3edcfb34\" data-element_type=\"section\" data-e-type=\"section\" data-settings=\"{&quot;background_background&quot;:&quot;gradient&quot;}\">\n\t\t\t\t\t\t\t<div class=\"elementor-background-overlay\"><\/div>\n\t\t\t\t\t\t\t<div class=\"elementor-container elementor-column-gap-default\">\n\t\t\t\t\t<div class=\"elementor-column elementor-col-100 elementor-top-column elementor-element elementor-element-73782f59\" data-id=\"73782f59\" data-element_type=\"column\" data-e-type=\"column\">\n\t\t\t<div class=\"elementor-widget-wrap elementor-element-populated\">\n\t\t\t\t\t\t<div class=\"elementor-element elementor-element-305fdb6d elementor-widget elementor-widget-heading\" data-id=\"305fdb6d\" data-element_type=\"widget\" data-e-type=\"widget\" data-widget_type=\"heading.default\">\n\t\t\t\t\t<h1 class=\"elementor-heading-title elementor-size-default\">Medicina Tradicional China en Quarteira<\/h1>\t\t\t\t<\/div>\n\t\t\t\t<div class=\"elementor-element elementor-element-c4239fe elementor-icon-list--layout-inline elementor-align-center elementor-list-item-link-full_width elementor-widget elementor-widget-icon-list\" data-id=\"c4239fe\" data-element_type=\"widget\" data-e-type=\"widget\" data-widget_type=\"icon-list.default\">\n\t\t\t\t\t\t\t<ul class=\"elementor-icon-list-items elementor-inline-items\">\n\t\t\t\t\t\t\t<li class=\"elementor-icon-list-item elementor-inline-item\">\n\t\t\t\t\t\t\t\t\t\t\t<a href=\"https:\/\/multiclinicadoalgarve.com\/\">\n\n\t\t\t\t\t\t\t\t\t\t\t\t<span class=\"elementor-icon-list-icon\">\n\t\t\t\t\t\t\t<i aria-hidden=\"true\" class=\"icon icon-home\"><\/i>\t\t\t\t\t\t<\/span>\n\t\t\t\t\t\t\t\t\t\t<span class=\"elementor-icon-list-text\">Inicio<\/span>\n\t\t\t\t\t\t\t\t\t\t\t<\/a>\n\t\t\t\t\t\t\t\t\t<\/li>\n\t\t\t\t\t\t\t\t<li class=\"elementor-icon-list-item elementor-inline-item\">\n\t\t\t\t\t\t\t\t\t\t\t<a href=\"https:\/\/multiclinicadoalgarve.com\/pt_pt\/consultas-medicas-em-quarteira\/\">\n\n\t\t\t\t\t\t\t\t\t\t\t\t<span class=\"elementor-icon-list-icon\">\n\t\t\t\t\t\t\t<svg aria-hidden=\"true\" class=\"e-font-icon-svg e-fas-chevron-right\" viewbox=\"0 0 320 512\" xmlns=\"http:\/\/www.w3.org\/2000\/svg\"><path d=\"M285.476 272.971L91.132 467.314c-9.373 9.373-24.569 9.373-33.941 0l-22.667-22.667c-9.357-9.357-9.375-24.522-.04-33.901L188.505 256 34.484 101.255c-9.335-9.379-9.317-24.544.04-33.901l22.667-22.667c9.373-9.373 24.569-9.373 33.941 0L285.475 239.03c9.373 9.372 9.373 24.568.001 33.941z\"><\/path><\/svg>\t\t\t\t\t\t<\/span>\n\t\t\t\t\t\t\t\t\t\t<span class=\"elementor-icon-list-text\">Consultas m\u00e9dicas en Quarteira<\/span>\n\t\t\t\t\t\t\t\t\t\t\t<\/a>\n\t\t\t\t\t\t\t\t\t<\/li>\n\t\t\t\t\t\t\t\t<li class=\"elementor-icon-list-item elementor-inline-item\">\n\t\t\t\t\t\t\t\t\t\t\t<span class=\"elementor-icon-list-icon\">\n\t\t\t\t\t\t\t<svg aria-hidden=\"true\" class=\"e-font-icon-svg e-fas-chevron-right\" viewbox=\"0 0 320 512\" xmlns=\"http:\/\/www.w3.org\/2000\/svg\"><path d=\"M285.476 272.971L91.132 467.314c-9.373 9.373-24.569 9.373-33.941 0l-22.667-22.667c-9.357-9.357-9.375-24.522-.04-33.901L188.505 256 34.484 101.255c-9.335-9.379-9.317-24.544.04-33.901l22.667-22.667c9.373-9.373 24.569-9.373 33.941 0L285.475 239.03c9.373 9.372 9.373 24.568.001 33.941z\"><\/path><\/svg>\t\t\t\t\t\t<\/span>\n\t\t\t\t\t\t\t\t\t\t<span class=\"elementor-icon-list-text\">Medicina Tradicional China en Quarteira<\/span>\n\t\t\t\t\t\t\t\t\t<\/li>\n\t\t\t\t\t\t<\/ul>\n\t\t\t\t\t\t<\/div>\n\t\t\t\t\t<\/div>\n\t\t<\/div>\n\t\t\t\t\t<\/div>\n\t\t<\/section>\n\t\t\t\t<section class=\"elementor-section elementor-top-section elementor-element elementor-element-3c373ff2 elementor-section-boxed elementor-section-height-default elementor-section-height-default\" data-id=\"3c373ff2\" data-element_type=\"section\" data-e-type=\"section\" data-settings=\"{&quot;background_background&quot;:&quot;classic&quot;}\">\n\t\t\t\t\t\t\t<div class=\"elementor-background-overlay\"><\/div>\n\t\t\t\t\t\t\t<div class=\"elementor-container elementor-column-gap-default\">\n\t\t\t\t\t<div class=\"elementor-column elementor-col-50 elementor-top-column elementor-element elementor-element-791e7aa4\" data-id=\"791e7aa4\" data-element_type=\"column\" data-e-type=\"column\">\n\t\t\t<div class=\"elementor-widget-wrap elementor-element-populated\">\n\t\t\t\t\t\t<div class=\"elementor-element elementor-element-77447848 elementor-widget-tablet__width-initial elementor-widget elementor-widget-text-editor\" data-id=\"77447848\" data-element_type=\"widget\" data-e-type=\"widget\" data-widget_type=\"text-editor.default\">\n\t\t\t\t\t\t\t\t\t<p>En Multicl\u00ednica do Algarve, ofrecemos tratamientos naturales y ancestrales de Medicina Tradicional China (MTC), centrados en equilibrar cuerpo y mente. A trav\u00e9s de t\u00e9cnicas como la acupuntura, la fitoterapia y la moxibusti\u00f3n, ayudamos a nuestros pacientes a aliviar el dolor, reducir el estr\u00e9s y mejorar su calidad de vida de forma hol\u00edstica.<\/p>\t\t\t\t\t\t\t\t<\/div>\n\t\t\t\t<div class=\"elementor-element elementor-element-1caf9350 elementor-widget-tablet__width-initial elementor-widget elementor-widget-heading\" data-id=\"1caf9350\" data-element_type=\"widget\" data-e-type=\"widget\" data-widget_type=\"heading.default\">\n\t\t\t\t\t<h2 class=\"elementor-heading-title elementor-size-default\">Ventajas y enfoque<\/h2>\t\t\t\t<\/div>\n\t\t\t\t<div class=\"elementor-element elementor-element-13733df7 elementor-widget-tablet__width-initial elementor-widget elementor-widget-text-editor\" data-id=\"13733df7\" data-element_type=\"widget\" data-e-type=\"widget\" data-widget_type=\"text-editor.default\">\n\t\t\t\t\t\t\t\t\t<p>Con m\u00e1s de dos mil a\u00f1os de historia, la MTC es un completo sistema de salud cuyo objetivo es restablecer el equilibrio energ\u00e9tico del organismo. Reconocida por <a href=\"https:\/\/www.who.int\/traditional-complementary-integrative-medicine\" target=\"_blank\" rel=\"noopener\">Organizaci\u00f3n Mundial de la Salud<\/a>La Medicina Tradicional China integra pr\u00e1cticas como:<\/p><ul><li><strong>Acupuntura:<\/strong> Estimula puntos espec\u00edficos para aliviar el dolor, la ansiedad y promover el bienestar.<\/li><li><strong>Medicina herbal china:<\/strong> Uso de hierbas medicinales para tratar desequilibrios internos.<\/li><li><strong>Moxibusti\u00f3n:<\/strong> Calentar los puntos energ\u00e9ticos con moxa para aumentar la vitalidad.<\/li><li><strong>Ventosas:<\/strong> T\u00e9cnica que mejora la circulaci\u00f3n y reduce la tensi\u00f3n muscular.<\/li><\/ul><p>Estas terapias se adaptan a las necesidades individuales de cada paciente y sirven tanto para prevenir como para tratar enfermedades.<\/p>\t\t\t\t\t\t\t\t<\/div>\n\t\t\t\t<div class=\"elementor-element elementor-element-4cc3041d elementor-widget-tablet__width-initial elementor-widget elementor-widget-heading\" data-id=\"4cc3041d\" data-element_type=\"widget\" data-e-type=\"widget\" data-widget_type=\"heading.default\">\n\t\t\t\t\t<h2 class=\"elementor-heading-title elementor-size-default\"> Qu\u00e9 tratamos con la Medicina Tradicional China <\/h2>\t\t\t\t<\/div>\n\t\t\t\t<div class=\"elementor-element elementor-element-15f9c990 elementor-widget-tablet__width-initial elementor-widget elementor-widget-text-editor\" data-id=\"15f9c990\" data-element_type=\"widget\" data-e-type=\"widget\" data-widget_type=\"text-editor.default\">\n\t\t\t\t\t\t\t\t\t<p>Las terapias de MTC son eficaces para una amplia gama de afecciones cl\u00ednicas. Estas son algunas de las afecciones tratadas:<\/p><ul><li>\u2714\ufe0f Dolores cr\u00f3nicos (lumbares, cervicales, articulares)<\/li><li>\u2714\ufe0f Ansiedad, insomnio y estr\u00e9s<\/li><li>\u2714\ufe0f Problemas digestivos (reflujo, atasco intestinal)<\/li><li>\u2714\ufe0f Migra\u00f1as y dolores de cabeza<\/li><li>\u2714\ufe0f Fatiga, baja inmunidad y falta de energ\u00eda<\/li><\/ul>\t\t\t\t\t\t\t\t<\/div>\n\t\t\t\t<div class=\"elementor-element elementor-element-799dd43 elementor-widget-tablet__width-initial elementor-widget elementor-widget-heading\" data-id=\"799dd43\" data-element_type=\"widget\" data-e-type=\"widget\" data-widget_type=\"heading.default\">\n\t\t\t\t\t<h2 class=\"elementor-heading-title elementor-size-default\">\u00bfPor qu\u00e9 elegir la medicina tradicional china?<\/h2>\t\t\t\t<\/div>\n\t\t\t\t<div class=\"elementor-element elementor-element-3ac89af elementor-widget-tablet__width-initial elementor-widget elementor-widget-text-editor\" data-id=\"3ac89af\" data-element_type=\"widget\" data-e-type=\"widget\" data-widget_type=\"text-editor.default\">\n\t\t\t\t\t\t\t\t\t<div class=\"vc_row wpb_row vc_row-fluid page-margin-top-section-vlarge\"><div class=\"wpb_column vc_column_container vc_col-sm-6\"><div class=\"wpb_wrapper\"><div class=\"wpb_text_column wpb_content_element large margin-top-10\"><div class=\"wpb_wrapper\"><p data-start=\"1547\" data-end=\"1655\">\u2705\u00a0<strong data-start=\"1549\" data-end=\"1591\">Acci\u00f3n antiinflamatoria y antioxidante:<\/strong>\u00a0Reduce el estr\u00e9s oxidativo y ayuda a prevenir enfermedades cr\u00f3nicas.<\/p><p data-start=\"1658\" data-end=\"1767\">\u2705\u00a0<strong data-start=\"1660\" data-end=\"1683\">Regulaci\u00f3n hormonal:<\/strong>\u00a0Estimula la producci\u00f3n equilibrada de cortisol, insulina, estr\u00f3genos y testosterona.<\/p><p data-start=\"1770\" data-end=\"1878\">\u2705\u00a0<strong data-start=\"1772\" data-end=\"1806\">Reducci\u00f3n del estr\u00e9s y la ansiedad:<\/strong>\u00a0Mejora el sue\u00f1o, reduce la tensi\u00f3n arterial y aumenta la energ\u00eda vital.<\/p><p data-start=\"1881\" data-end=\"1980\">\u2705\u00a0<strong data-start=\"1883\" data-end=\"1903\">Alivio del dolor:<\/strong>\u00a0Eficaz contra dolores musculares y articulares, cefaleas y otras afecciones.<\/p><p><em data-start=\"1985\" data-end=\"2143\">La OMS reconoce la eficacia de la MTC en el tratamiento de m\u00e1s de 40 afecciones, como bronquitis, hipertensi\u00f3n, ansiedad, infertilidad, menopausia y muchas m\u00e1s.<\/em><\/p><\/div><\/div><\/div><\/div><\/div><div class=\"vc_row wpb_row vc_row-fluid padding-top-89 padding-bottom-100 vc_custom_1750869404951 vc_row-has-fill page-margin-top-section full-width\"><div class=\"wpb_column vc_column_container vc_col-sm-12\"><div class=\"wpb_wrapper\">\u00a0<\/div><\/div><\/div>\t\t\t\t\t\t\t\t<\/div>\n\t\t\t\t<div class=\"elementor-element elementor-element-5389d47e elementor-widget-tablet__width-initial elementor-widget elementor-widget-heading\" data-id=\"5389d47e\" data-element_type=\"widget\" data-e-type=\"widget\" data-widget_type=\"heading.default\">\n\t\t\t\t\t<h2 class=\"elementor-heading-title elementor-size-default\">\u00bfPor qu\u00e9 elegir Multicl\u00ednica do Algarve?<\/h2>\t\t\t\t<\/div>\n\t\t\t\t<div class=\"elementor-element elementor-element-69246e96 elementor-widget-tablet__width-initial elementor-widget elementor-widget-text-editor\" data-id=\"69246e96\" data-element_type=\"widget\" data-e-type=\"widget\" data-widget_type=\"text-editor.default\">\n\t\t\t\t\t\t\t\t\t<p>\u2705 <strong>Profesionales especializados:<\/strong> El equipo est\u00e1 formado en MTC y cuenta con una amplia experiencia cl\u00ednica.<\/p><p>\u2705 <strong>Enfoque personalizado:<\/strong> Evaluaci\u00f3n individual para ofrecer el tratamiento m\u00e1s adecuado.<\/p><p>\u2705 <strong>Ambiente acogedor:<\/strong> Un espacio tranquilo que favorece la relajaci\u00f3n y la recuperaci\u00f3n.<\/p><p>\u2705 <strong>Integraci\u00f3n con otras terapias:<\/strong> Posibilidad de combinar con nutrici\u00f3n, psicolog\u00eda y fisioterapia.<\/p>\t\t\t\t\t\t\t\t<\/div>\n\t\t\t\t\t<\/div>\n\t\t<\/div>\n\t\t\t\t<div class=\"elementor-column elementor-col-50 elementor-top-column elementor-element elementor-element-3bc02cad\" data-id=\"3bc02cad\" data-element_type=\"column\" data-e-type=\"column\">\n\t\t\t<div class=\"elementor-widget-wrap elementor-element-populated\">\n\t\t\t\t<div class=\"elementor-element elementor-element-3180bbf e-grid e-con-boxed e-con e-parent\" data-id=\"3180bbf\" data-element_type=\"container\" data-e-type=\"container\">\n\t\t\t\t\t<div class=\"e-con-inner\">\n\t\t\t\t<div class=\"elementor-element elementor-element-56f34114 elementor-widget elementor-widget-image\" data-id=\"56f34114\" data-element_type=\"widget\" data-e-type=\"widget\" data-widget_type=\"image.default\">\n\t\t\t\t\t\t\t\t\t\t\t\t\t\t\t<img fetchpriority=\"high\" decoding=\"async\" width=\"800\" height=\"800\" src=\"https:\/\/multiclinicadoalgarve.com\/wp-content\/uploads\/2025\/07\/Acupuntura-terapeutica-em-Quarteira---Multiclinica-do-Algarve.webp\" class=\"attachment-large size-large wp-image-727\" alt=\"Medicina Tradicional China en Quarteira, T\u00e9cnica de acupuntura aplicada por un terapeuta especializado en Medicina Tradicional China.\" srcset=\"\" sizes=\"(max-width: 800px) 100vw, 800px\" data-srcset=\"\" \/>\t\t\t\t\t\t\t\t\t\t\t\t\t\t\t<\/div>\n\t\t\t\t<div class=\"elementor-element elementor-element-1330e8d5 elementor-widget elementor-widget-image\" data-id=\"1330e8d5\" data-element_type=\"widget\" data-e-type=\"widget\" data-widget_type=\"image.default\">\n\t\t\t\t\t\t\t\t\t\t\t\t\t\t\t<img decoding=\"async\" width=\"800\" height=\"800\" src=\"https:\/\/multiclinicadoalgarve.com\/wp-content\/uploads\/2025\/07\/Sesion-de-Acupuntura-Tradicional-China-para-el-Alivio-del-Estres-y-Dolor.webp\" class=\"attachment-large size-large wp-image-728\" alt=\"Terapeuta aplicando acupuntura en la oreja de un paciente durante una sesi\u00f3n de medicina tradicional china en una cl\u00ednica de bienestar.\" srcset=\"https:\/\/multiclinicadoalgarve.com\/wp-content\/uploads\/2025\/07\/Sesion-de-Acupuntura-Tradicional-China-para-el-Alivio-del-Estres-y-Dolor.webp 1024w, https:\/\/multiclinicadoalgarve.com\/wp-content\/uploads\/2025\/07\/Sesion-de-Acupuntura-Tradicional-China-para-el-Alivio-del-Estres-y-Dolor-300x300.webp 300w, https:\/\/multiclinicadoalgarve.com\/wp-content\/uploads\/2025\/07\/Sesion-de-Acupuntura-Tradicional-China-para-el-Alivio-del-Estres-y-Dolor-150x150.webp 150w, https:\/\/multiclinicadoalgarve.com\/wp-content\/uploads\/2025\/07\/Sesion-de-Acupuntura-Tradicional-China-para-el-Alivio-del-Estres-y-Dolor-768x768.webp 768w, https:\/\/multiclinicadoalgarve.com\/wp-content\/uploads\/2025\/07\/Sesion-de-Acupuntura-Tradicional-China-para-el-Alivio-del-Estres-y-Dolor-700x700.webp 700w, https:\/\/multiclinicadoalgarve.com\/wp-content\/uploads\/2025\/07\/Sesion-de-Acupuntura-Tradicional-China-para-el-Alivio-del-Estres-y-Dolor-800x800.webp 800w, https:\/\/multiclinicadoalgarve.com\/wp-content\/uploads\/2025\/07\/Sesion-de-Acupuntura-Tradicional-China-para-el-Alivio-del-Estres-y-Dolor-500x500.webp 500w\" sizes=\"(max-width: 800px) 100vw, 800px\" \/>\t\t\t\t\t\t\t\t\t\t\t\t\t\t\t<\/div>\n\t\t\t\t<div class=\"elementor-element elementor-element-67ffa8b0 elementor-widget elementor-widget-image\" data-id=\"67ffa8b0\" data-element_type=\"widget\" data-e-type=\"widget\" data-widget_type=\"image.default\">\n\t\t\t\t\t\t\t\t\t\t\t\t\t\t\t<img decoding=\"async\" width=\"800\" height=\"800\" src=\"https:\/\/multiclinicadoalgarve.com\/wp-content\/uploads\/2025\/07\/Terapia-de-Ventosas-na-Multiclinica-do-Algarve.webp\" class=\"attachment-large size-large wp-image-731\" alt=\"Sesi\u00f3n de ventosaterapia tradicional china para aliviar dolores musculares.\" srcset=\"https:\/\/multiclinicadoalgarve.com\/wp-content\/uploads\/2025\/07\/Terapia-de-Ventosas-na-Multiclinica-do-Algarve.webp 1024w, https:\/\/multiclinicadoalgarve.com\/wp-content\/uploads\/2025\/07\/Terapia-de-Ventosas-na-Multiclinica-do-Algarve-300x300.webp 300w, https:\/\/multiclinicadoalgarve.com\/wp-content\/uploads\/2025\/07\/Terapia-de-Ventosas-na-Multiclinica-do-Algarve-150x150.webp 150w, https:\/\/multiclinicadoalgarve.com\/wp-content\/uploads\/2025\/07\/Terapia-de-Ventosas-na-Multiclinica-do-Algarve-768x768.webp 768w, https:\/\/multiclinicadoalgarve.com\/wp-content\/uploads\/2025\/07\/Terapia-de-Ventosas-na-Multiclinica-do-Algarve-700x700.webp 700w, https:\/\/multiclinicadoalgarve.com\/wp-content\/uploads\/2025\/07\/Terapia-de-Ventosas-na-Multiclinica-do-Algarve-800x800.webp 800w, https:\/\/multiclinicadoalgarve.com\/wp-content\/uploads\/2025\/07\/Terapia-de-Ventosas-na-Multiclinica-do-Algarve-500x500.webp 500w\" sizes=\"(max-width: 800px) 100vw, 800px\" \/>\t\t\t\t\t\t\t\t\t\t\t\t\t\t\t<\/div>\n\t\t\t\t<div class=\"elementor-element elementor-element-e93ace7 elementor-widget elementor-widget-image\" data-id=\"e93ace7\" data-element_type=\"widget\" data-e-type=\"widget\" data-widget_type=\"image.default\">\n\t\t\t\t\t\t\t\t\t\t\t\t\t\t\t<img loading=\"lazy\" decoding=\"async\" width=\"800\" height=\"800\" src=\"https:\/\/multiclinicadoalgarve.com\/wp-content\/uploads\/2025\/07\/Acupuntura-e-Moxabustao-na-Multiclinica-do-Algarve.webp\" class=\"attachment-large size-large wp-image-729\" alt=\"Sesi\u00f3n de acupuntura tradicional china con moxibusti\u00f3n en Quarteira\" srcset=\"https:\/\/multiclinicadoalgarve.com\/wp-content\/uploads\/2025\/07\/Acupuntura-e-Moxabustao-na-Multiclinica-do-Algarve.webp 1024w, https:\/\/multiclinicadoalgarve.com\/wp-content\/uploads\/2025\/07\/Acupuntura-e-Moxabustao-na-Multiclinica-do-Algarve-300x300.webp 300w, https:\/\/multiclinicadoalgarve.com\/wp-content\/uploads\/2025\/07\/Acupuntura-e-Moxabustao-na-Multiclinica-do-Algarve-150x150.webp 150w, https:\/\/multiclinicadoalgarve.com\/wp-content\/uploads\/2025\/07\/Acupuntura-e-Moxabustao-na-Multiclinica-do-Algarve-768x768.webp 768w, https:\/\/multiclinicadoalgarve.com\/wp-content\/uploads\/2025\/07\/Acupuntura-e-Moxabustao-na-Multiclinica-do-Algarve-700x700.webp 700w, https:\/\/multiclinicadoalgarve.com\/wp-content\/uploads\/2025\/07\/Acupuntura-e-Moxabustao-na-Multiclinica-do-Algarve-800x800.webp 800w, https:\/\/multiclinicadoalgarve.com\/wp-content\/uploads\/2025\/07\/Acupuntura-e-Moxabustao-na-Multiclinica-do-Algarve-500x500.webp 500w\" sizes=\"(max-width: 800px) 100vw, 800px\" \/>\t\t\t\t\t\t\t\t\t\t\t\t\t\t\t<\/div>\n\t\t\t\t<div class=\"elementor-element elementor-element-14fcba7 elementor-widget elementor-widget-image\" data-id=\"14fcba7\" data-element_type=\"widget\" data-e-type=\"widget\" data-widget_type=\"image.default\">\n\t\t\t\t\t\t\t\t\t\t\t\t\t\t\t<img loading=\"lazy\" decoding=\"async\" width=\"800\" height=\"800\" src=\"https:\/\/multiclinicadoalgarve.com\/wp-content\/uploads\/2025\/07\/Tratamiento-de-Acupuntura-Auricular-en-Clinica-de-Medicina-Tradicional-China.webp\" class=\"attachment-large size-large wp-image-730\" alt=\"Especialista en medicina china colocando agujas de acupuntura en el brazo de un paciente en tratamiento.\" srcset=\"https:\/\/multiclinicadoalgarve.com\/wp-content\/uploads\/2025\/07\/Tratamiento-de-Acupuntura-Auricular-en-Clinica-de-Medicina-Tradicional-China.webp 1024w, https:\/\/multiclinicadoalgarve.com\/wp-content\/uploads\/2025\/07\/Tratamiento-de-Acupuntura-Auricular-en-Clinica-de-Medicina-Tradicional-China-300x300.webp 300w, https:\/\/multiclinicadoalgarve.com\/wp-content\/uploads\/2025\/07\/Tratamiento-de-Acupuntura-Auricular-en-Clinica-de-Medicina-Tradicional-China-150x150.webp 150w, https:\/\/multiclinicadoalgarve.com\/wp-content\/uploads\/2025\/07\/Tratamiento-de-Acupuntura-Auricular-en-Clinica-de-Medicina-Tradicional-China-768x768.webp 768w, https:\/\/multiclinicadoalgarve.com\/wp-content\/uploads\/2025\/07\/Tratamiento-de-Acupuntura-Auricular-en-Clinica-de-Medicina-Tradicional-China-700x700.webp 700w, https:\/\/multiclinicadoalgarve.com\/wp-content\/uploads\/2025\/07\/Tratamiento-de-Acupuntura-Auricular-en-Clinica-de-Medicina-Tradicional-China-800x800.webp 800w, https:\/\/multiclinicadoalgarve.com\/wp-content\/uploads\/2025\/07\/Tratamiento-de-Acupuntura-Auricular-en-Clinica-de-Medicina-Tradicional-China-500x500.webp 500w\" sizes=\"(max-width: 800px) 100vw, 800px\" \/>\t\t\t\t\t\t\t\t\t\t\t\t\t\t\t<\/div>\n\t\t\t\t<div class=\"elementor-element elementor-element-55951ff1 elementor-align-center elementor-mobile-align-center elementor-widget elementor-widget-button\" data-id=\"55951ff1\" data-element_type=\"widget\" data-e-type=\"widget\" data-widget_type=\"button.default\">\n\t\t\t\t\t\t\t\t\t\t<a class=\"elementor-button elementor-button-link elementor-size-lg elementor-animation-float\" href=\"https:\/\/multiclinicadoalgarve.com\/marcacao-de-consultas-quarteira\/?area=medica\">\n\t\t\t\t\t\t<span class=\"elementor-button-content-wrapper\">\n\t\t\t\t\t\t\t\t\t<span class=\"elementor-button-text\">Concierte una cita<\/span>\n\t\t\t\t\t<\/span>\n\t\t\t\t\t<\/a>\n\t\t\t\t\t\t\t\t<\/div>\n\t\t\t\t\t<\/div>\n\t\t\t\t<\/div>\n\t\t\t\t\t<\/div>\n\t\t<\/div>\n\t\t\t\t\t<\/div>\n\t\t<\/section>\n\t\t<div class=\"elementor-element elementor-element-2d5c3dd e-flex e-con-boxed e-con e-parent\" data-id=\"2d5c3dd\" data-element_type=\"container\" data-e-type=\"container\">\n\t\t\t\t\t<div class=\"e-con-inner\">\n\t\t<div class=\"elementor-element elementor-element-ef256c7 e-con-full e-flex e-con e-child\" data-id=\"ef256c7\" data-element_type=\"container\" data-e-type=\"container\">\n\t\t\t\t<\/div>\n\t\t<div class=\"elementor-element elementor-element-93dc72a e-con-full e-flex e-con e-child\" data-id=\"93dc72a\" data-element_type=\"container\" data-e-type=\"container\">\n\t\t\t\t<\/div>\n\t\t<div class=\"elementor-element elementor-element-468f587 e-con-full e-flex e-con e-child\" data-id=\"468f587\" data-element_type=\"container\" data-e-type=\"container\">\n\t\t\t\t<\/div>\n\t\t<div class=\"elementor-element elementor-element-eea58a7 e-con-full e-flex e-con e-child\" data-id=\"eea58a7\" data-element_type=\"container\" data-e-type=\"container\">\n\t\t\t\t<\/div>\n\t\t<div class=\"elementor-element elementor-element-d1c7cef e-con-full e-flex e-con e-child\" data-id=\"d1c7cef\" data-element_type=\"container\" data-e-type=\"container\">\n\t\t\t\t<\/div>\n\t\t<div class=\"elementor-element elementor-element-1eb8604 e-con-full e-flex e-con e-child\" data-id=\"1eb8604\" data-element_type=\"container\" data-e-type=\"container\">\n\t\t\t\t<\/div>\n\t\t\t\t\t<\/div>\n\t\t\t\t<\/div>\n\t\t<div class=\"elementor-element elementor-element-47abcbd0 e-flex e-con-boxed e-con e-parent\" data-id=\"47abcbd0\" data-element_type=\"container\" data-e-type=\"container\" data-settings=\"{&quot;background_background&quot;:&quot;gradient&quot;}\">\n\t\t\t\t\t<div class=\"e-con-inner\">\n\t\t\t\t<div class=\"elementor-element elementor-element-1dfe09ce elementor-widget elementor-widget-text-editor\" data-id=\"1dfe09ce\" data-element_type=\"widget\" data-e-type=\"widget\" data-widget_type=\"text-editor.default\">\n\t\t\t\t\t\t\t\t\t<p>La Medicina Tradicional China est\u00e1 reconocida en todo el mundo por su eficacia y su contribuci\u00f3n a la salud p\u00fablica. Seg\u00fan <a href=\"https:\/\/www.who.int\/traditional-complementary-integrative-medicine\" target=\"_blank\" rel=\"noopener\">Organizaci\u00f3n Mundial de la Salud (OMS)<\/a>Esta pr\u00e1ctica milenaria se considera un enfoque complementario seguro y eficaz, especialmente en \u00e1mbitos como el tratamiento del dolor cr\u00f3nico, la ansiedad, la hipertensi\u00f3n, la infertilidad y los trastornos digestivos. Esta validaci\u00f3n internacional refuerza la confianza en los beneficios terap\u00e9uticos de la MTC, que combina conocimientos ancestrales con la ciencia moderna para ofrecer una atenci\u00f3n integrada y personalizada.<\/p>\t\t\t\t\t\t\t\t<\/div>\n\t\t\t\t\t<\/div>\n\t\t\t\t<\/div>\n\t\t<div class=\"elementor-element elementor-element-5c418bf6 e-flex e-con-boxed e-con e-parent\" data-id=\"5c418bf6\" data-element_type=\"container\" data-e-type=\"container\">\n\t\t\t\t\t<div class=\"e-con-inner\">\n\t\t<div class=\"elementor-element elementor-element-11fc6a9c e-flex e-con-boxed e-con e-child\" data-id=\"11fc6a9c\" data-element_type=\"container\" data-e-type=\"container\" data-settings=\"{&quot;background_background&quot;:&quot;gradient&quot;}\">\n\t\t\t\t\t<div class=\"e-con-inner\">\n\t\t\t\t<div class=\"elementor-element elementor-element-2d6f3876 elementor-widget elementor-widget-heading\" data-id=\"2d6f3876\" data-element_type=\"widget\" data-e-type=\"widget\" data-widget_type=\"heading.default\">\n\t\t\t\t\t<h2 class=\"elementor-heading-title elementor-size-default\">Reserva tu cita quiropr\u00e1ctica en Quarteira<\/h2>\t\t\t\t<\/div>\n\t\t\t\t<div class=\"elementor-element elementor-element-659d9329 elementor-widget elementor-widget-text-editor\" data-id=\"659d9329\" data-element_type=\"widget\" data-e-type=\"widget\" data-widget_type=\"text-editor.default\">\n\t\t\t\t\t\t\t\t\t<p>No pospongas m\u00e1s tu bienestar. Reserva ya tu sesi\u00f3n quiropr\u00e1ctica con nuestros especialistas y \u00a1siente la diferencia!<\/p>\t\t\t\t\t\t\t\t<\/div>\n\t\t\t\t<div class=\"elementor-element elementor-element-1c17a9a6 elementor-align-center elementor-mobile-align-center elementor-widget elementor-widget-button\" data-id=\"1c17a9a6\" data-element_type=\"widget\" data-e-type=\"widget\" data-widget_type=\"button.default\">\n\t\t\t\t\t\t\t\t\t\t<a class=\"elementor-button elementor-button-link elementor-size-lg elementor-animation-float\" href=\"https:\/\/multiclinicadoalgarve.com\/marcacao-de-consultas-quarteira\/?area=medica\">\n\t\t\t\t\t\t<span class=\"elementor-button-content-wrapper\">\n\t\t\t\t\t\t\t\t\t<span class=\"elementor-button-text\">Concierte una cita<\/span>\n\t\t\t\t\t<\/span>\n\t\t\t\t\t<\/a>\n\t\t\t\t\t\t\t\t<\/div>\n\t\t\t\t\t<\/div>\n\t\t\t\t<\/div>\n\t\t\t\t\t<\/div>\n\t\t\t\t<\/div>\n\t\t\t\t<\/div>","protected":false},"excerpt":{"rendered":"<p>Medicina Tradicional Chinesa em Quarteira Home Consultas M\u00e9dicas em Quarteira Medicina Tradicional Chinesa em Quarteira Na Multicl\u00ednica do Algarve, oferecemos tratamentos naturais e milenares da Medicina Tradicional Chinesa (MTC), com foco no equil\u00edbrio entre corpo e mente. Atrav\u00e9s de t\u00e9cnicas como acupuntura, fitoterapia e moxabust\u00e3o, ajudamos os nossos pacientes a aliviar dores, reduzir o stress [&hellip;]<\/p>\n","protected":false},"author":1,"featured_media":0,"parent":0,"menu_order":0,"comment_status":"closed","ping_status":"closed","template":"elementor_header_footer","meta":{"footnotes":""},"class_list":["post-689","page","type-page","status-publish","hentry"],"_links":{"self":[{"href":"https:\/\/multiclinicadoalgarve.com\/es\/wp-json\/wp\/v2\/pages\/689","targetHints":{"allow":["GET"]}}],"collection":[{"href":"https:\/\/multiclinicadoalgarve.com\/es\/wp-json\/wp\/v2\/pages"}],"about":[{"href":"https:\/\/multiclinicadoalgarve.com\/es\/wp-json\/wp\/v2\/types\/page"}],"author":[{"embeddable":true,"href":"https:\/\/multiclinicadoalgarve.com\/es\/wp-json\/wp\/v2\/users\/1"}],"replies":[{"embeddable":true,"href":"https:\/\/multiclinicadoalgarve.com\/es\/wp-json\/wp\/v2\/comments?post=689"}],"version-history":[{"count":0,"href":"https:\/\/multiclinicadoalgarve.com\/es\/wp-json\/wp\/v2\/pages\/689\/revisions"}],"wp:attachment":[{"href":"https:\/\/multiclinicadoalgarve.com\/es\/wp-json\/wp\/v2\/media?parent=689"}],"curies":[{"name":"wp","href":"https:\/\/api.w.org\/{rel}","templated":true}]}}