{"id":7,"date":"2025-07-17T14:48:17","date_gmt":"2025-07-17T14:48:17","guid":{"rendered":"https:\/\/multiclinicadoalgarve.com\/?page_id=3"},"modified":"2025-11-04T21:00:28","modified_gmt":"2025-11-04T21:00:28","slug":"politica-de-privacidad-2","status":"publish","type":"page","link":"https:\/\/multiclinicadoalgarve.com\/es\/politica-de-privacidade\/","title":{"rendered":"Pol\u00edtica de privacidad"},"content":{"rendered":"<div data-elementor-type=\"wp-page\" data-elementor-id=\"7\" class=\"elementor elementor-7\" data-elementor-post-type=\"page\">\n\t\t\t\t<div class=\"elementor-element elementor-element-d493722 e-flex e-con-boxed e-con e-parent\" data-id=\"d493722\" data-element_type=\"container\" data-e-type=\"container\">\n\t\t\t\t\t<div class=\"e-con-inner\">\n\t\t\t\t<div class=\"elementor-element elementor-element-f9b4930 elementor-widget elementor-widget-heading\" data-id=\"f9b4930\" data-element_type=\"widget\" data-e-type=\"widget\" data-widget_type=\"heading.default\">\n\t\t\t\t\t<h2 class=\"elementor-heading-title elementor-size-default\">Pol\u00edtica de privacidad<\/h2>\t\t\t\t<\/div>\n\t\t\t\t\t<\/div>\n\t\t\t\t<\/div>\n\t\t<div class=\"elementor-element elementor-element-5177160e e-flex e-con-boxed e-con e-parent\" data-id=\"5177160e\" data-element_type=\"container\" data-e-type=\"container\">\n\t\t\t\t\t<div class=\"e-con-inner\">\n\t\t\t\t<div class=\"elementor-element elementor-element-7c1f07fc elementor-widget elementor-widget-text-editor\" data-id=\"7c1f07fc\" data-element_type=\"widget\" data-e-type=\"widget\" data-widget_type=\"text-editor.default\">\n\t\t\t\t\t\t\t\t\t<p data-start=\"276\" data-end=\"367\"><strong data-start=\"276\" data-end=\"330\">Pol\u00edtica de privacidad de Multicl\u00ednica do Algarve<\/strong><br data-start=\"330\" data-end=\"333\" \/>\u00daltima actualizaci\u00f3n: 04\/11\/2025<\/p>\n<p data-start=\"369\" data-end=\"677\">Su privacidad es una prioridad para nosotros. Esta Pol\u00edtica de Privacidad explica qui\u00e9nes somos, c\u00f3mo recopilamos y procesamos sus datos personales, con qui\u00e9n los compartimos y c\u00f3mo puede ejercer sus derechos, de conformidad con el Reglamento (UE) 2016\/679 - Reglamento General de Protecci\u00f3n de Datos (RGPD).<\/p>\n<h3 data-start=\"679\" data-end=\"715\">1. Responsable del tratamiento<\/h3>\n<p data-start=\"716\" data-end=\"855\"><strong data-start=\"716\" data-end=\"749\">Multicl\u00ednica do Algarve, Lda.<\/strong><br data-start=\"749\" data-end=\"752\" \/>Direcci\u00f3n: <a href=\"https:\/\/www.google.com\/maps?q=EN+125,+Benfarras,+8125-017+Quarteira\" target=\"_blank\" rel=\"noopener\">EN 125, Benfarras, 8125-017 Quarteira<\/a><br data-start=\"777\" data-end=\"780\" \/>Correo electr\u00f3nico: <strong data-start=\"787\" data-end=\"822\"><a class=\"decorated-link cursor-pointer\" rel=\"noopener\" data-start=\"789\" data-end=\"820\">geral@multiclinicadoalgarve.com<\/a><\/strong><br data-start=\"822\" data-end=\"825\" \/>Tel\u00e9fono:<a href=\"tel:+351289366266\">\u00a0289 366 266<\/a><\/p>\n<div class=\"elementor-column elementor-col-50 elementor-inner-column elementor-element elementor-element-7303ceff\" data-id=\"7303ceff\" data-element_type=\"column\">\n<div class=\"elementor-widget-wrap elementor-element-populated\">\n<div class=\"elementor-element elementor-element-7171c1b3 e-grid-align-right elementor-shape-rounded elementor-grid-0 elementor-widget elementor-widget-social-icons\" data-id=\"7171c1b3\" data-element_type=\"widget\" data-widget_type=\"social-icons.default\">\n<div class=\"elementor-social-icons-wrapper elementor-grid\" role=\"list\">\u00a0<\/div>\n<\/div>\n<\/div>\n<\/div>\n<h3 data-start=\"857\" data-end=\"886\">2. Datos que recopilamos<\/h3>\n<p data-start=\"887\" data-end=\"934\">Podemos recopilar los siguientes datos personales:<\/p>\n<ul data-start=\"935\" data-end=\"1174\">\n<li data-start=\"935\" data-end=\"1032\">\n<p data-start=\"937\" data-end=\"1032\">Nombre, correo electr\u00f3nico, tel\u00e9fono y mensaje a trav\u00e9s de los formularios de contacto o cita;<\/p>\n<\/li>\n<li data-start=\"1033\" data-end=\"1174\">\n<p data-start=\"1035\" data-end=\"1174\">Datos t\u00e9cnicos como la direcci\u00f3n IP, el navegador utilizado, las p\u00e1ginas visitadas y el tiempo de navegaci\u00f3n (a trav\u00e9s de cookies y herramientas anal\u00edticas).<\/p>\n<\/li>\n<\/ul>\n<h3 data-start=\"1176\" data-end=\"1209\">3. Objetivos y base jur\u00eddica<\/h3>\n<p data-start=\"1210\" data-end=\"1244\">Los datos recogidos se utilizan para<\/p>\n<ul data-start=\"1245\" data-end=\"1502\">\n<li data-start=\"1245\" data-end=\"1353\">\n<p data-start=\"1247\" data-end=\"1353\"><strong data-start=\"1247\" data-end=\"1308\">Responder a las solicitudes de contacto o citas<\/strong>, basado en <strong data-start=\"1322\" data-end=\"1350\">consentimiento del titular<\/strong>;<\/p>\n<\/li>\n<li data-start=\"1354\" data-end=\"1407\">\n<p data-start=\"1356\" data-end=\"1407\"><strong data-start=\"1356\" data-end=\"1385\">Cumplir las obligaciones legales<\/strong> o administrativa;<\/p>\n<\/li>\n<li data-start=\"1408\" data-end=\"1502\">\n<p data-start=\"1410\" data-end=\"1502\"><strong data-start=\"1410\" data-end=\"1446\">Mejorar el funcionamiento del sitio<\/strong>, basado en <strong data-start=\"1460\" data-end=\"1501\">consentimiento para cookies de an\u00e1lisis<\/strong>.<\/p>\n<\/li>\n<\/ul>\n<h3 data-start=\"1504\" data-end=\"1534\">4. 4. Conservaci\u00f3n de datos<\/h3>\n<p data-start=\"1535\" data-end=\"1695\">Los datos s\u00f3lo se conservan durante el tiempo necesario para cumplir los fines para los que se recogieron o mientras exista una obligaci\u00f3n legal de conservarlos.<\/p>\n<h3 data-start=\"1697\" data-end=\"1723\">5. 5. Intercambio de datos<\/h3>\n<p data-start=\"1724\" data-end=\"1996\">Sus datos pueden ser compartidos con proveedores de servicios que nos ayudan a gestionar el sitio web y procesar las solicitudes, como el alojamiento web, el env\u00edo de correos electr\u00f3nicos y las herramientas de an\u00e1lisis. Todos act\u00faan conforme a acuerdos de confidencialidad y protecci\u00f3n de datos.<\/p>\n<h3 data-start=\"1998\" data-end=\"2026\">6. Derechos del titular<\/h3>\n<p data-start=\"2027\" data-end=\"2078\">El usuario puede solicitarlo en cualquier momento:<\/p>\n<ul data-start=\"2079\" data-end=\"2253\">\n<li data-start=\"2079\" data-end=\"2132\">\n<p data-start=\"2081\" data-end=\"2132\">Acceso, rectificaci\u00f3n o supresi\u00f3n de sus datos;<\/p>\n<\/li>\n<li data-start=\"2133\" data-end=\"2173\">\n<p data-start=\"2135\" data-end=\"2173\">Limitaci\u00f3n u oposici\u00f3n al tratamiento;<\/p>\n<\/li>\n<li data-start=\"2174\" data-end=\"2207\">\n<p data-start=\"2176\" data-end=\"2207\">Portabilidad de sus datos;<\/p>\n<\/li>\n<li data-start=\"2208\" data-end=\"2253\">\n<p data-start=\"2210\" data-end=\"2253\">Retirar el consentimiento dado previamente.<\/p>\n<\/li>\n<\/ul>\n<p data-start=\"2255\" data-end=\"2458\">Para ejercer sus derechos, s\u00f3lo tiene que enviar una solicitud a <strong data-start=\"2314\" data-end=\"2349\"><a class=\"decorated-link cursor-pointer\" rel=\"noopener\" data-start=\"2316\" data-end=\"2347\">geral@multiclinicadoalgarve.com<\/a><\/strong>.<br data-start=\"2350\" data-end=\"2353\" \/>Tambi\u00e9n tiene derecho a presentar una denuncia ante el <strong data-start=\"2408\" data-end=\"2457\">Comisi\u00f3n Nacional de Protecci\u00f3n de Datos (CNPD)<\/strong>.<\/p>\n<h3 data-start=\"2460\" data-end=\"2488\">7. 7. Seguridad de los datos<\/h3>\n<p data-start=\"2489\" data-end=\"2642\">Aplicamos las medidas t\u00e9cnicas y organizativas adecuadas para proteger sus datos personales contra la p\u00e9rdida, el uso indebido, el acceso no autorizado y la destrucci\u00f3n.<\/p>\n<h3 data-start=\"2644\" data-end=\"2674\">8. Cambios en la pol\u00edtica<\/h3>\n<p data-start=\"2675\" data-end=\"2819\">Podemos actualizar esta Pol\u00edtica de Privacidad de vez en cuando. Recomendamos consultarla peri\u00f3dicamente para mantenerse informado de los cambios.<\/p>\t\t\t\t\t\t\t\t<\/div>\n\t\t\t\t\t<\/div>\n\t\t\t\t<\/div>\n\t\t\t\t<\/div>","protected":false},"excerpt":{"rendered":"<p>Pol\u00edtica de Privacidade Pol\u00edtica de Privacidade da Multicl\u00ednica do Algarve\u00daltima atualiza\u00e7\u00e3o: 04\/11\/2025 A sua privacidade \u00e9 uma prioridade para n\u00f3s. Esta Pol\u00edtica de Privacidade explica quem somos, como recolhemos e tratamos os seus dados pessoais, com quem os partilhamos e como pode exercer os seus direitos, em conformidade com o Regulamento (UE) 2016\/679 \u2013 Regulamento [&hellip;]<\/p>\n","protected":false},"author":1,"featured_media":0,"parent":0,"menu_order":0,"comment_status":"closed","ping_status":"open","template":"elementor_header_footer","meta":{"footnotes":""},"class_list":["post-7","page","type-page","status-publish","hentry"],"_links":{"self":[{"href":"https:\/\/multiclinicadoalgarve.com\/es\/wp-json\/wp\/v2\/pages\/7","targetHints":{"allow":["GET"]}}],"collection":[{"href":"https:\/\/multiclinicadoalgarve.com\/es\/wp-json\/wp\/v2\/pages"}],"about":[{"href":"https:\/\/multiclinicadoalgarve.com\/es\/wp-json\/wp\/v2\/types\/page"}],"author":[{"embeddable":true,"href":"https:\/\/multiclinicadoalgarve.com\/es\/wp-json\/wp\/v2\/users\/1"}],"replies":[{"embeddable":true,"href":"https:\/\/multiclinicadoalgarve.com\/es\/wp-json\/wp\/v2\/comments?post=7"}],"version-history":[{"count":0,"href":"https:\/\/multiclinicadoalgarve.com\/es\/wp-json\/wp\/v2\/pages\/7\/revisions"}],"wp:attachment":[{"href":"https:\/\/multiclinicadoalgarve.com\/es\/wp-json\/wp\/v2\/media?parent=7"}],"curies":[{"name":"wp","href":"https:\/\/api.w.org\/{rel}","templated":true}]}}