{"id":1837,"date":"2025-11-04T20:52:19","date_gmt":"2025-11-04T20:52:19","guid":{"rendered":"https:\/\/multiclinicadoalgarve.com\/?page_id=1837"},"modified":"2025-11-04T20:53:55","modified_gmt":"2025-11-04T20:53:55","slug":"cookiebeleid","status":"publish","type":"page","link":"https:\/\/multiclinicadoalgarve.com\/nl\/politica-de-cookies\/","title":{"rendered":"Cookiebeleid"},"content":{"rendered":"<div data-elementor-type=\"wp-page\" data-elementor-id=\"1837\" class=\"elementor elementor-1837\" data-elementor-post-type=\"page\">\n\t\t\t\t<div class=\"elementor-element elementor-element-10bdc015 e-flex e-con-boxed e-con e-parent\" data-id=\"10bdc015\" data-element_type=\"container\" data-e-type=\"container\">\n\t\t\t\t\t<div class=\"e-con-inner\">\n\t\t\t\t<div class=\"elementor-element elementor-element-55a02771 elementor-widget elementor-widget-heading\" data-id=\"55a02771\" data-element_type=\"widget\" data-e-type=\"widget\" data-widget_type=\"heading.default\">\n\t\t\t\t\t<h2 class=\"elementor-heading-title elementor-size-default\">Multicl\u00ednica do Algarve Cookiebeleid<\/h2>\t\t\t\t<\/div>\n\t\t\t\t\t<\/div>\n\t\t\t\t<\/div>\n\t\t<div class=\"elementor-element elementor-element-68680fb6 e-flex e-con-boxed e-con e-parent\" data-id=\"68680fb6\" data-element_type=\"container\" data-e-type=\"container\">\n\t\t\t\t\t<div class=\"e-con-inner\">\n\t\t\t\t<div class=\"elementor-element elementor-element-4ce205f1 elementor-widget elementor-widget-text-editor\" data-id=\"4ce205f1\" data-element_type=\"widget\" data-e-type=\"widget\" data-widget_type=\"text-editor.default\">\n\t\t\t\t\t\t\t\t\t<p data-start=\"2861\" data-end=\"2948\"><br data-start=\"2911\" data-end=\"2914\" \/>Laatst bijgewerkt op: 04\/11\/2025<\/p><p data-start=\"2950\" data-end=\"3077\">Dit Cookiebeleid legt uit wat cookies zijn, welke soorten we gebruiken, waarvoor ze worden gebruikt en hoe u ze kunt beheren of uitschakelen.<\/p><h3 data-start=\"3079\" data-end=\"3105\">1. Wat zijn cookies?<\/h3><p data-start=\"3106\" data-end=\"3279\">Cookies zijn kleine tekstbestanden die op uw apparaat worden opgeslagen wanneer u onze website bezoekt. Ze stellen ons in staat uw ervaring te verbeteren en te begrijpen hoe de site wordt gebruikt.<\/p><h3 data-start=\"3281\" data-end=\"3317\">2. Soorten cookies die worden gebruikt<\/h3><p data-start=\"3318\" data-end=\"3676\"><strong data-start=\"3318\" data-end=\"3344\">a) Essenti\u00eble cookies:<\/strong> noodzakelijk zijn voor de werking van de site.<br data-start=\"3386\" data-end=\"3389\" \/><strong data-start=\"3389\" data-end=\"3418\">b) Prestatiecookies:<\/strong> informatie verzamelen over hoe u de site gebruikt om de werking ervan te verbeteren.<br data-start=\"3500\" data-end=\"3503\" \/><strong data-start=\"3503\" data-end=\"3529\">c) Functionele cookies:<\/strong> voorkeuren opslaan, zoals taal of regio.<br data-start=\"3573\" data-end=\"3576\" \/><strong data-start=\"3576\" data-end=\"3604\">d) Marketingcookies:<\/strong> relevante advertenties helpen tonen (alleen met toestemming).<\/p><h3 data-start=\"3678\" data-end=\"3707\">3. Cookies van derden<\/h3><p data-start=\"3708\" data-end=\"3867\">We kunnen servicecookies gebruiken zoals <strong data-start=\"3750\" data-end=\"3770\">Google Analytics<\/strong> of <strong data-start=\"3774\" data-end=\"3793\">Meta (Facebook)<\/strong> voor statistische of reclamedoeleinden, alleen met uw toestemming.<\/p><h3 data-start=\"3869\" data-end=\"3900\">4. Cookies beheren<\/h3><p data-start=\"3901\" data-end=\"4154\">U kunt cookies accepteren, weigeren of personaliseren via onze <strong data-start=\"3964\" data-end=\"3991\">toestemmingsbanner<\/strong> of de <strong data-start=\"4004\" data-end=\"4023\">\u201cCookies beheren\u201d.\u201d<\/strong> beschikbaar in de voettekst.<br data-start=\"4053\" data-end=\"4056\" \/>U kunt uw browser ook zo instellen dat cookies worden verwijderd of geblokkeerd.<br data-start=\"4129\" data-end=\"4132\" \/>Meer informatie op:<\/p><ul data-start=\"4155\" data-end=\"4763\"><li data-start=\"4155\" data-end=\"4263\"><p data-start=\"4157\" data-end=\"4263\">Chroom: <a class=\"decorated-link cursor-pointer\" target=\"_new\" rel=\"noopener\" data-start=\"4165\" data-end=\"4261\">https:\/\/support.google.com\/chrome\/answer\/95647<\/a><\/p><\/li><li data-start=\"4264\" data-end=\"4461\"><p data-start=\"4266\" data-end=\"4461\">Firefox: <a class=\"decorated-link cursor-pointer\" target=\"_new\" rel=\"noopener\" data-start=\"4275\" data-end=\"4459\">https:\/\/support.mozilla.org\/pt-PT\/kb\/cookies-informacoes-sites-armazenam-no-seu-computador<\/a><\/p><\/li><li data-start=\"4462\" data-end=\"4594\"><p data-start=\"4464\" data-end=\"4594\">Safari: <a class=\"decorated-link cursor-pointer\" target=\"_new\" rel=\"noopener\" data-start=\"4472\" data-end=\"4592\">https:\/\/support.apple.com\/pt-pt\/guide\/safari\/sfri11471\/mac<\/a><\/p><\/li><li data-start=\"4595\" data-end=\"4763\"><p data-start=\"4597\" data-end=\"4763\">Rand: <a class=\"decorated-link cursor-pointer\" target=\"_new\" rel=\"noopener\" data-start=\"4603\" data-end=\"4763\">https:\/\/support.microsoft.com\/pt-pt\/help\/4027947\/microsoft-edge-delete-cookies<\/a><\/p><\/li><\/ul><h3 data-start=\"4765\" data-end=\"4795\">5. Wijzigingen in het beleid<\/h3><p data-start=\"4796\" data-end=\"4952\">Multicl\u00ednica do Algarve behoudt zich het recht voor om dit Cookiebeleid te allen tijde aan te passen. We raden je aan deze pagina regelmatig te bekijken.<\/p>\t\t\t\t\t\t\t\t<\/div>\n\t\t\t\t\t<\/div>\n\t\t\t\t<\/div>\n\t\t\t\t<\/div>","protected":false},"excerpt":{"rendered":"<p>Pol\u00edtica de Cookies da Multicl\u00ednica do Algarve \u00daltima atualiza\u00e7\u00e3o:04\/11\/2025 Esta Pol\u00edtica de Cookies explica o que s\u00e3o cookies, que tipos utilizamos, para que servem e como pode geri-los ou desativ\u00e1-los. 1. O que s\u00e3o cookies Cookies s\u00e3o pequenos ficheiros de texto armazenados no seu dispositivo quando visita o nosso site. Permitem melhorar a sua experi\u00eancia [&hellip;]<\/p>\n","protected":false},"author":1,"featured_media":0,"parent":0,"menu_order":0,"comment_status":"closed","ping_status":"closed","template":"elementor_header_footer","meta":{"footnotes":""},"class_list":["post-1837","page","type-page","status-publish","hentry"],"_links":{"self":[{"href":"https:\/\/multiclinicadoalgarve.com\/nl\/wp-json\/wp\/v2\/pages\/1837","targetHints":{"allow":["GET"]}}],"collection":[{"href":"https:\/\/multiclinicadoalgarve.com\/nl\/wp-json\/wp\/v2\/pages"}],"about":[{"href":"https:\/\/multiclinicadoalgarve.com\/nl\/wp-json\/wp\/v2\/types\/page"}],"author":[{"embeddable":true,"href":"https:\/\/multiclinicadoalgarve.com\/nl\/wp-json\/wp\/v2\/users\/1"}],"replies":[{"embeddable":true,"href":"https:\/\/multiclinicadoalgarve.com\/nl\/wp-json\/wp\/v2\/comments?post=1837"}],"version-history":[{"count":0,"href":"https:\/\/multiclinicadoalgarve.com\/nl\/wp-json\/wp\/v2\/pages\/1837\/revisions"}],"wp:attachment":[{"href":"https:\/\/multiclinicadoalgarve.com\/nl\/wp-json\/wp\/v2\/media?parent=1837"}],"curies":[{"name":"wp","href":"https:\/\/api.w.org\/{rel}","templated":true}]}}