{"id":2410,"date":"2025-12-11T23:01:29","date_gmt":"2025-12-11T23:01:29","guid":{"rendered":"https:\/\/multiclinicadoalgarve.com\/?page_id=2410"},"modified":"2026-03-11T21:29:56","modified_gmt":"2026-03-11T21:29:56","slug":"links","status":"publish","type":"page","link":"https:\/\/multiclinicadoalgarve.com\/nl\/links\/","title":{"rendered":"lin"},"content":{"rendered":"<div data-elementor-type=\"wp-page\" data-elementor-id=\"2410\" class=\"elementor elementor-2410\" data-elementor-post-type=\"page\">\n\t\t\t\t<div class=\"elementor-element elementor-element-0facf38 e-flex e-con-boxed e-con e-parent\" data-id=\"0facf38\" data-element_type=\"container\" data-e-type=\"container\">\n\t\t\t\t\t<div class=\"e-con-inner\">\n\t\t\t\t<div class=\"elementor-element elementor-element-b17d25d elementor-widget elementor-widget-html\" data-id=\"b17d25d\" data-element_type=\"widget\" data-e-type=\"widget\" data-widget_type=\"html.default\">\n\t\t\t\t\t<!DOCTYPE html>\r\n<html lang=\"pt\">\r\n<head>\r\n<meta charset=\"UTF-8\">\r\n<meta name=\"viewport\" content=\"width=device-width, initial-scale=1.0\">\r\n<link rel=\"stylesheet\" href=\"https:\/\/cdnjs.cloudflare.com\/ajax\/libs\/font-awesome\/6.4.0\/css\/all.min.css\">\r\n\r\n<style>\r\n  \/* ESTILOS GENERALES *\/\r\n  body {\r\n    margin: 0;\r\n    padding: 0;\r\n    font-family: 'Montserrat', sans-serif;\r\n    background-color: #f4f7f6;\r\n  }\r\n\r\n  .bio-container {\r\n    max-width: 480px;\r\n    margin: 0 auto;\r\n    padding: 50px 20px;\r\n    text-align: center;\r\n    background-color: #ffffff;\r\n    min-height: 100vh;\r\n    box-shadow: 0 0 20px rgba(0,0,0,0.05);\r\n  }\r\n\r\n  \/* LOGO *\/\r\n  .bio-logo {\r\n    width: 220px;\r\n    height: auto;\r\n    margin-bottom: 30px;\r\n    display: block;\r\n    margin-left: auto;\r\n    margin-right: auto;\r\n  }\r\n\r\n  \/* TEXTO BIENVENIDA *\/\r\n  .bio-subtitle {\r\n    color: #555;\r\n    font-size: 15px;\r\n    margin: 0 0 30px 0;\r\n    line-height: 1.6;\r\n    padding: 0 10px;\r\n  }\r\n\r\n  \/* BOTONES *\/\r\n  .bio-btn {\r\n    display: flex;\r\n    align-items: center;\r\n    justify-content: center;\r\n    width: 100%;\r\n    padding: 16px 20px;\r\n    margin-bottom: 15px;\r\n    text-decoration: none;\r\n    border-radius: 50px;\r\n    font-size: 16px;\r\n    font-weight: 600;\r\n    transition: transform 0.2s, box-shadow 0.2s;\r\n    box-sizing: border-box;\r\n    cursor: pointer;\r\n    position: relative;\r\n    overflow: hidden;\r\n  }\r\n\r\n  .bio-btn i {\r\n    margin-right: 10px;\r\n    font-size: 20px;\r\n  }\r\n\r\n  .bio-btn:hover {\r\n    transform: translateY(-2px);\r\n    box-shadow: 0 5px 15px rgba(0,0,0,0.1);\r\n  }\r\n\r\n  \/* --- COLORES Y ESTILOS ESPEC\u00cdFICOS --- *\/\r\n\r\n  \/* 1. BOT\u00d3N GOOGLE REVIEW (NUEVO - DESTACADO) *\/\r\n  .btn-review {\r\n    background-color: white;\r\n    color: #4285F4 !important; \/* Azul Google *\/\r\n    border: 2px solid #4285F4;\r\n    box-shadow: 0 4px 15px rgba(66, 133, 244, 0.15);\r\n  }\r\n  \r\n  \/* Peque\u00f1a animaci\u00f3n para llamar la atenci\u00f3n *\/\r\n  .btn-review::after {\r\n    content: \"\u2b50\u2b50\u2b50\u2b50\u2b50\";\r\n    font-size: 10px;\r\n    position: absolute;\r\n    top: 2px;\r\n    right: 15px;\r\n    color: #F4B400; \/* Amarillo Estrella *\/\r\n    opacity: 0.8;\r\n  }\r\n\r\n  \/* 2. Bot\u00f3n AGENDAR WEB *\/\r\n  .btn-agendar {\r\n    background-color: #2a8e8a;\r\n    color: white !important;\r\n    border: 1px solid #2a8e8a;\r\n    box-shadow: 0 4px 10px rgba(42, 142, 138, 0.3);\r\n  }\r\n\r\n  \/* 3. Bot\u00f3n WhatsApp *\/\r\n  .btn-whatsapp {\r\n    background-color: #25D366;\r\n    color: white !important;\r\n    border: 1px solid #25D366;\r\n  }\r\n\r\n  \/* 4. Bot\u00f3n Llamar *\/\r\n  .btn-call {\r\n    background-color: #0F2C5B;\r\n    color: white !important;\r\n  }\r\n  \r\n  \/* 5. Bot\u00f3n Especialidades *\/\r\n  .btn-especialidades {\r\n    background-color: #f9f9f9;\r\n    color: #333 !important;\r\n    border: 1px solid #ddd;\r\n    font-size: 15px;\r\n  }\r\n\r\n  \/* 6. Bot\u00f3n Mapa *\/\r\n  .btn-map {\r\n    background-color: white;\r\n    color: #0F2C5B !important;\r\n    border: 1px solid #0F2C5B;\r\n    font-size: 15px;\r\n  }\r\n  \r\n  \/* 7. Bot\u00f3n trabalhe-connosco *\/\r\n\r\n  .btn-CV {\r\n    background-color: #307096;\r\n    color: #FFFFFF!important;\r\n    border: 1px solid #0F2C5B;\r\n    font-size: 15px;\r\n\r\n  }\r\n\r\n  \/* SEPARADOR *\/\r\n  .separator {\r\n    margin: 25px 0 15px 0;\r\n    font-size: 12px;\r\n    color: #bbb;\r\n    text-transform: uppercase;\r\n    letter-spacing: 1px;\r\n    display: flex;\r\n    align-items: center;\r\n  }\r\n  .separator::before, .separator::after {\r\n    content: \"\";\r\n    flex: 1;\r\n    border-bottom: 1px solid #eee;\r\n  }\r\n  .separator::before { margin-right: 10px; }\r\n  .separator::after { margin-left: 10px; }\r\n\r\n  \/* FOOTER *\/\r\n  .bio-footer {\r\n    margin-top: 40px;\r\n    font-size: 12px;\r\n    color: #bbb;\r\n  }\r\n  .bio-footer a { color: #999; text-decoration: none; }\r\n\r\n<\/style>\r\n<\/head>\r\n<body>\r\n\r\n<div class=\"bio-container\">\r\n  \r\n  <img decoding=\"async\" src=\"https:\/\/multiclinicadoalgarve.com\/wp-content\/uploads\/2026\/01\/Logo-Multiclinica-do-Algarve-Quarteira.webp\" alt=\"Algarve Kliniek\" class=\"bio-logo\">\r\n\r\n  <p class=\"bio-subtitle\">We zorgen voor jou en je gezin<br>in Quarteira (N125).<\/p>\r\n\r\n  <a href=\"https:\/\/g.page\/r\/CbUhkego9c9JEBM\/review\" class=\"bio-btn btn-review\" target=\"_blank\">\r\n    <i class=\"fab fa-google\"><\/i> Laat een beoordeling achter op Google\r\n  <\/a>\r\n\r\n  <div class=\"separator\">Boekingen<\/div>\r\n\r\n  <a href=\"marcar-consulta-quarteira\/\" class=\"bio-btn btn-agendar\" target=\"_blank\">\r\n    <i class=\"far fa-calendar-check\"><\/i> Boek online een afspraak\r\n  <\/a>\r\n\r\n  <a href=\"https:\/\/wa.me\/351932586615?text=Ol\u00e1,%20gostaria%20de%20marcar%20uma%20consulta\" class=\"bio-btn btn-whatsapp\" target=\"_blank\" rel=\"noopener\">\r\n    <i class=\"fab fa-whatsapp\"><\/i> Praat via WhatsApp\r\n  <\/a>\r\n\r\n  <a href=\"tel:+351289366266\" class=\"bio-btn btn-call\">\r\n    <i class=\"fas fa-phone-alt\"><\/i> Bel de kliniek\r\n  <\/a>\r\n  \r\n  <div class=\"separator\">Meer info<\/div>\r\n\r\n  <a href=\"https:\/\/multiclinicadoalgarve.com\/pt_pt\/consultas-medicas-em-quarteira\/\" class=\"bio-btn btn-especialidades\" target=\"_blank\">\r\n    <i class=\"fas fa-stethoscope\"><\/i> Zie Specialiteiten\r\n  <\/a>\r\n\r\n  <a href=\"https:\/\/share.google\/tMiq77zfdTPIJj5US\" class=\"bio-btn btn-map\" target=\"_blank\" rel=\"noopener\">\r\n    <i class=\"fas fa-map-marker-alt\"><\/i> Routebeschrijving (GPS)\r\n  <\/a>\r\n\r\n <a href=\"\/trabalhe-connosco\/\" class=\"bio-btn btn-CV\" target=\"_blank\">\r\n  <i class=\"fas fa-briefcase\"><\/i> Met ons samenwerken\r\n<\/a>\r\n  \r\n  <div class=\"bio-footer\">\r\n    <p>\u00a9 2025 Multicl\u00ednica do Algarve<\/p>\r\n    <p>Aangedreven door <a href=\"https:\/\/ewardsolution.com\" target=\"_blank\" rel=\"noopener\">EwardSolution<\/a><\/p>\r\n  <\/div>\r\n\r\n<\/div>\r\n\r\n<\/body>\r\n\t\t\t\t<\/div>\n\t\t\t\t\t<\/div>\n\t\t\t\t<\/div>\n\t\t\t\t<\/div>","protected":false},"excerpt":{"rendered":"<p>Cuidamos de si e da sua fam\u00edliaem Quarteira (N125). Deixar Avalia\u00e7\u00e3o no Google Agendamentos Agendar Consulta Online Falar pelo WhatsApp Ligar para a Cl\u00ednica Mais Informa\u00e7\u00f5es Ver Especialidades Como Chegar (GPS) Trabalhe Connosco \u00a9 2025 Multicl\u00ednica do Algarve Powered by EwardSolution<\/p>","protected":false},"author":1,"featured_media":0,"parent":0,"menu_order":0,"comment_status":"closed","ping_status":"closed","template":"elementor_canvas","meta":{"footnotes":""},"class_list":["post-2410","page","type-page","status-publish","hentry"],"_links":{"self":[{"href":"https:\/\/multiclinicadoalgarve.com\/nl\/wp-json\/wp\/v2\/pages\/2410","targetHints":{"allow":["GET"]}}],"collection":[{"href":"https:\/\/multiclinicadoalgarve.com\/nl\/wp-json\/wp\/v2\/pages"}],"about":[{"href":"https:\/\/multiclinicadoalgarve.com\/nl\/wp-json\/wp\/v2\/types\/page"}],"author":[{"embeddable":true,"href":"https:\/\/multiclinicadoalgarve.com\/nl\/wp-json\/wp\/v2\/users\/1"}],"replies":[{"embeddable":true,"href":"https:\/\/multiclinicadoalgarve.com\/nl\/wp-json\/wp\/v2\/comments?post=2410"}],"version-history":[{"count":0,"href":"https:\/\/multiclinicadoalgarve.com\/nl\/wp-json\/wp\/v2\/pages\/2410\/revisions"}],"wp:attachment":[{"href":"https:\/\/multiclinicadoalgarve.com\/nl\/wp-json\/wp\/v2\/media?parent=2410"}],"curies":[{"name":"wp","href":"https:\/\/api.w.org\/{rel}","templated":true}]}}