{"id":632,"date":"2025-07-24T18:31:32","date_gmt":"2025-07-24T18:31:32","guid":{"rendered":"https:\/\/multiclinicadoalgarve.com\/?page_id=632"},"modified":"2026-01-08T22:58:55","modified_gmt":"2026-01-08T22:58:55","slug":"chiropractie","status":"publish","type":"page","link":"https:\/\/multiclinicadoalgarve.com\/nl\/quiropratica\/","title":{"rendered":"Chiropractie in Quarteira"},"content":{"rendered":"<div data-elementor-type=\"wp-page\" data-elementor-id=\"632\" class=\"elementor elementor-632\" data-elementor-post-type=\"page\">\n\t\t\t\t\t\t<section class=\"elementor-section elementor-top-section elementor-element elementor-element-1e8808f7 elementor-section-boxed elementor-section-height-default elementor-section-height-default\" data-id=\"1e8808f7\" data-element_type=\"section\" data-e-type=\"section\" data-settings=\"{&quot;background_background&quot;:&quot;gradient&quot;}\">\n\t\t\t\t\t\t\t<div class=\"elementor-background-overlay\"><\/div>\n\t\t\t\t\t\t\t<div class=\"elementor-container elementor-column-gap-default\">\n\t\t\t\t\t<div class=\"elementor-column elementor-col-100 elementor-top-column elementor-element elementor-element-1d50a245\" data-id=\"1d50a245\" data-element_type=\"column\" data-e-type=\"column\">\n\t\t\t<div class=\"elementor-widget-wrap elementor-element-populated\">\n\t\t\t\t\t\t<div class=\"elementor-element elementor-element-cbe497b elementor-widget elementor-widget-heading\" data-id=\"cbe497b\" data-element_type=\"widget\" data-e-type=\"widget\" data-widget_type=\"heading.default\">\n\t\t\t\t\t<h1 class=\"elementor-heading-title elementor-size-default\">Chiropractie in Quarteira voor verlichting van pijn en welzijn<\/h1>\t\t\t\t<\/div>\n\t\t\t\t<div class=\"elementor-element elementor-element-fceed90 elementor-icon-list--layout-inline elementor-align-center elementor-list-item-link-full_width elementor-widget elementor-widget-icon-list\" data-id=\"fceed90\" data-element_type=\"widget\" data-e-type=\"widget\" data-widget_type=\"icon-list.default\">\n\t\t\t\t\t\t\t<ul class=\"elementor-icon-list-items elementor-inline-items\">\n\t\t\t\t\t\t\t<li class=\"elementor-icon-list-item elementor-inline-item\">\n\t\t\t\t\t\t\t\t\t\t\t<a href=\"https:\/\/multiclinicadoalgarve.com\/\">\n\n\t\t\t\t\t\t\t\t\t\t\t\t<span class=\"elementor-icon-list-icon\">\n\t\t\t\t\t\t\t<i aria-hidden=\"true\" class=\"icon icon-home\"><\/i>\t\t\t\t\t\t<\/span>\n\t\t\t\t\t\t\t\t\t\t<span class=\"elementor-icon-list-text\">Home<\/span>\n\t\t\t\t\t\t\t\t\t\t\t<\/a>\n\t\t\t\t\t\t\t\t\t<\/li>\n\t\t\t\t\t\t\t\t<li class=\"elementor-icon-list-item elementor-inline-item\">\n\t\t\t\t\t\t\t\t\t\t\t<a href=\"https:\/\/multiclinicadoalgarve.com\/pt_pt\/consultas-medicas-em-quarteira\/\">\n\n\t\t\t\t\t\t\t\t\t\t\t\t<span class=\"elementor-icon-list-icon\">\n\t\t\t\t\t\t\t<svg aria-hidden=\"true\" class=\"e-font-icon-svg e-fas-chevron-right\" viewbox=\"0 0 320 512\" xmlns=\"http:\/\/www.w3.org\/2000\/svg\"><path d=\"M285.476 272.971L91.132 467.314c-9.373 9.373-24.569 9.373-33.941 0l-22.667-22.667c-9.357-9.357-9.375-24.522-.04-33.901L188.505 256 34.484 101.255c-9.335-9.379-9.317-24.544.04-33.901l22.667-22.667c9.373-9.373 24.569-9.373 33.941 0L285.475 239.03c9.373 9.372 9.373 24.568.001 33.941z\"><\/path><\/svg>\t\t\t\t\t\t<\/span>\n\t\t\t\t\t\t\t\t\t\t<span class=\"elementor-icon-list-text\">Medische consulten in Quarteira<\/span>\n\t\t\t\t\t\t\t\t\t\t\t<\/a>\n\t\t\t\t\t\t\t\t\t<\/li>\n\t\t\t\t\t\t\t\t<li class=\"elementor-icon-list-item elementor-inline-item\">\n\t\t\t\t\t\t\t\t\t\t\t<span class=\"elementor-icon-list-icon\">\n\t\t\t\t\t\t\t<svg aria-hidden=\"true\" class=\"e-font-icon-svg e-fas-chevron-right\" viewbox=\"0 0 320 512\" xmlns=\"http:\/\/www.w3.org\/2000\/svg\"><path d=\"M285.476 272.971L91.132 467.314c-9.373 9.373-24.569 9.373-33.941 0l-22.667-22.667c-9.357-9.357-9.375-24.522-.04-33.901L188.505 256 34.484 101.255c-9.335-9.379-9.317-24.544.04-33.901l22.667-22.667c9.373-9.373 24.569-9.373 33.941 0L285.475 239.03c9.373 9.372 9.373 24.568.001 33.941z\"><\/path><\/svg>\t\t\t\t\t\t<\/span>\n\t\t\t\t\t\t\t\t\t\t<span class=\"elementor-icon-list-text\">Chiropractie in Quarteira<\/span>\n\t\t\t\t\t\t\t\t\t<\/li>\n\t\t\t\t\t\t<\/ul>\n\t\t\t\t\t\t<\/div>\n\t\t\t\t\t<\/div>\n\t\t<\/div>\n\t\t\t\t\t<\/div>\n\t\t<\/section>\n\t\t\t\t<section class=\"elementor-section elementor-top-section elementor-element elementor-element-1979c215 elementor-section-boxed elementor-section-height-default elementor-section-height-default\" data-id=\"1979c215\" data-element_type=\"section\" data-e-type=\"section\">\n\t\t\t\t\t\t<div class=\"elementor-container elementor-column-gap-default\">\n\t\t\t\t\t<div class=\"elementor-column elementor-col-50 elementor-top-column elementor-element elementor-element-78183d12\" data-id=\"78183d12\" data-element_type=\"column\" data-e-type=\"column\">\n\t\t\t<div class=\"elementor-widget-wrap elementor-element-populated\">\n\t\t\t\t\t\t<div class=\"elementor-element elementor-element-3083148 elementor-widget-tablet__width-initial elementor-widget elementor-widget-heading\" data-id=\"3083148\" data-element_type=\"widget\" data-e-type=\"widget\" data-widget_type=\"heading.default\">\n\t\t\t\t\t<h2 class=\"elementor-heading-title elementor-size-default\">Verbeter uw levenskwaliteit met chiropractie<\/h2>\t\t\t\t<\/div>\n\t\t\t\t<div class=\"elementor-element elementor-element-4e744959 elementor-widget-tablet__width-initial elementor-widget elementor-widget-text-editor\" data-id=\"4e744959\" data-element_type=\"widget\" data-e-type=\"widget\" data-widget_type=\"text-editor.default\">\n\t\t\t\t\t\t\t\t\t<p>Multicl\u00ednica biedt <strong>chiropractie in Quarteira<\/strong> uitgevoerd door gekwalificeerde professionals die werken aan de preventie en behandeling van pijn in de wervelkolom, schouders, nek en gewrichten. Onze aanpak is persoonlijk, veilig en gericht op het welzijn van de pati\u00ebnt.<\/p><p><a class=\"btn-cta\" href=\"#agendar\">Boek vandaag nog uw afspraak<\/a><\/p>\t\t\t\t\t\t\t\t<\/div>\n\t\t\t\t<div class=\"elementor-element elementor-element-0326378 elementor-widget-tablet__width-initial elementor-widget elementor-widget-heading\" data-id=\"0326378\" data-element_type=\"widget\" data-e-type=\"widget\" data-widget_type=\"heading.default\">\n\t\t\t\t\t<h2 class=\"elementor-heading-title elementor-size-default\">Voordelen van Chiropractie<\/h2>\t\t\t\t<\/div>\n\t\t\t\t<div class=\"elementor-element elementor-element-8f4b444 elementor-widget-tablet__width-initial elementor-widget elementor-widget-text-editor\" data-id=\"8f4b444\" data-element_type=\"widget\" data-e-type=\"widget\" data-widget_type=\"text-editor.default\">\n\t\t\t\t\t\t\t\t\t<ul><li><strong>Verlichting van spier- en gewrichtspijn <\/strong>(vooral in de rug en nek)<\/li><li><strong>Verbeterde mobiliteit en flexibiliteit<\/strong><\/li><li><strong>Houdingscorrectie en uitlijning van de wervelkolom<\/strong><\/li><li><strong>Vermindering van fysieke stress en spierspanning<\/strong><\/li><li><strong>Preventie van blessures en chronische problemen<\/strong><\/li><\/ul>\t\t\t\t\t\t\t\t<\/div>\n\t\t\t\t<div class=\"elementor-element elementor-element-2e3767e elementor-widget-tablet__width-initial elementor-widget elementor-widget-heading\" data-id=\"2e3767e\" data-element_type=\"widget\" data-e-type=\"widget\" data-widget_type=\"heading.default\">\n\t\t\t\t\t<h2 class=\"elementor-heading-title elementor-size-default\">Wat we aanbieden bij Multicl\u00ednca do Algarve in onze Sessies<\/h2>\t\t\t\t<\/div>\n\t\t\t\t<div class=\"elementor-element elementor-element-11472166 elementor-widget-tablet__width-initial elementor-widget elementor-widget-text-editor\" data-id=\"11472166\" data-element_type=\"widget\" data-e-type=\"widget\" data-widget_type=\"text-editor.default\">\n\t\t\t\t\t\t\t\t\t<p>Onze consulten omvatten:<\/p><ul><li>Beoordeling van houding en volledig klinisch onderzoek<\/li><li>Nauwkeurige en veilige handmatige aanpassingen<\/li><li>Voorlichting over ergonomie en een gezonde levensstijl<\/li><li>Persoonlijke aanbevelingen voor lichaamsbeweging en stretching<\/li><\/ul>\t\t\t\t\t\t\t\t<\/div>\n\t\t\t\t<div class=\"elementor-element elementor-element-ae67fe6 elementor-widget-tablet__width-initial elementor-widget elementor-widget-heading\" data-id=\"ae67fe6\" data-element_type=\"widget\" data-e-type=\"widget\" data-widget_type=\"heading.default\">\n\t\t\t\t\t<h2 class=\"elementor-heading-title elementor-size-default\">Waarom kiezen voor Multicl\u00ednca do Algarve?<\/h2>\t\t\t\t<\/div>\n\t\t\t\t<div class=\"elementor-element elementor-element-678e2c2 elementor-widget-tablet__width-initial elementor-widget elementor-widget-text-editor\" data-id=\"678e2c2\" data-element_type=\"widget\" data-e-type=\"widget\" data-widget_type=\"text-editor.default\">\n\t\t\t\t\t\t\t\t\t<div class=\"wpb_text_column wpb_content_element large margin-top-10\"><div class=\"wpb_wrapper\"><ul><li>Gespecialiseerde chiropractors: Ons team bestaat uit hooggekwalificeerde en ervaren chiropractors.<\/li><\/ul><\/div><\/div><div class=\"wpb_text_column wpb_content_element large margin-top-10\"><div class=\"wpb_wrapper\"><ul><li>Persoonlijke aandacht: We nemen de tijd om je zaak te begrijpen en bieden je een behandeling op maat.<\/li><\/ul><\/div><\/div><div class=\"wpb_text_column wpb_content_element large margin-top-10\"><div class=\"wpb_wrapper\"><ul><li>Warme en gezellige sfeer: Wij geven om uw comfort en welzijn tijdens uw bezoek.<\/li><\/ul><\/div><\/div><div class=\"wpb_text_column wpb_content_element large margin-top-10\"><div class=\"wpb_wrapper\"><ul><li>Geavanceerde technologie: We gebruiken moderne technologie om precieze en effici\u00ebnte aanpassingen te garanderen.<\/li><\/ul><\/div><\/div>\t\t\t\t\t\t\t\t<\/div>\n\t\t\t\t\t<\/div>\n\t\t<\/div>\n\t\t\t\t<div class=\"elementor-column elementor-col-50 elementor-top-column elementor-element elementor-element-a069b06\" data-id=\"a069b06\" data-element_type=\"column\" data-e-type=\"column\">\n\t\t\t<div class=\"elementor-widget-wrap elementor-element-populated\">\n\t\t\t\t<div class=\"elementor-element elementor-element-3e16754 e-grid e-con-boxed e-con e-parent\" data-id=\"3e16754\" data-element_type=\"container\" data-e-type=\"container\">\n\t\t\t\t\t<div class=\"e-con-inner\">\n\t\t\t\t<div class=\"elementor-element elementor-element-cf08d10 elementor-widget elementor-widget-image\" data-id=\"cf08d10\" data-element_type=\"widget\" data-e-type=\"widget\" data-widget_type=\"image.default\">\n\t\t\t\t\t\t\t\t\t\t\t\t\t\t\t<img fetchpriority=\"high\" decoding=\"async\" width=\"800\" height=\"800\" src=\"https:\/\/multiclinicadoalgarve.com\/wp-content\/uploads\/2025\/07\/Profissionais-de-Saude-na-Multiclinica-do-Algarve.webp\" class=\"attachment-large size-large wp-image-643\" alt=\"Voordelen van Chiropractie. Chiropractor voert een spinale aanpassing uit bij een pati\u00ebnt in Quarteira\" srcset=\"https:\/\/multiclinicadoalgarve.com\/wp-content\/uploads\/2025\/07\/Profissionais-de-Saude-na-Multiclinica-do-Algarve.webp 1024w, https:\/\/multiclinicadoalgarve.com\/wp-content\/uploads\/2025\/07\/Profissionais-de-Saude-na-Multiclinica-do-Algarve-300x300.webp 300w, https:\/\/multiclinicadoalgarve.com\/wp-content\/uploads\/2025\/07\/Profissionais-de-Saude-na-Multiclinica-do-Algarve-150x150.webp 150w, https:\/\/multiclinicadoalgarve.com\/wp-content\/uploads\/2025\/07\/Profissionais-de-Saude-na-Multiclinica-do-Algarve-768x768.webp 768w, https:\/\/multiclinicadoalgarve.com\/wp-content\/uploads\/2025\/07\/Profissionais-de-Saude-na-Multiclinica-do-Algarve-700x700.webp 700w, https:\/\/multiclinicadoalgarve.com\/wp-content\/uploads\/2025\/07\/Profissionais-de-Saude-na-Multiclinica-do-Algarve-800x800.webp 800w, https:\/\/multiclinicadoalgarve.com\/wp-content\/uploads\/2025\/07\/Profissionais-de-Saude-na-Multiclinica-do-Algarve-500x500.webp 500w\" sizes=\"(max-width: 800px) 100vw, 800px\" \/>\t\t\t\t\t\t\t\t\t\t\t\t\t\t\t<\/div>\n\t\t\t\t<div class=\"elementor-element elementor-element-6966c43 elementor-widget elementor-widget-image\" data-id=\"6966c43\" data-element_type=\"widget\" data-e-type=\"widget\" data-widget_type=\"image.default\">\n\t\t\t\t\t\t\t\t\t\t\t\t\t\t\t<img decoding=\"async\" width=\"800\" height=\"800\" src=\"https:\/\/multiclinicadoalgarve.com\/wp-content\/uploads\/2025\/07\/Sesion-Quiropractica-na-multiclinica-do-algarve.webp\" class=\"attachment-large size-large wp-image-644\" alt=\"Chiropractie in Quarteira | Multicl\u00ednica do Algarve\" srcset=\"https:\/\/multiclinicadoalgarve.com\/wp-content\/uploads\/2025\/07\/Sesion-Quiropractica-na-multiclinica-do-algarve.webp 1024w, https:\/\/multiclinicadoalgarve.com\/wp-content\/uploads\/2025\/07\/Sesion-Quiropractica-na-multiclinica-do-algarve-300x300.webp 300w, https:\/\/multiclinicadoalgarve.com\/wp-content\/uploads\/2025\/07\/Sesion-Quiropractica-na-multiclinica-do-algarve-150x150.webp 150w, https:\/\/multiclinicadoalgarve.com\/wp-content\/uploads\/2025\/07\/Sesion-Quiropractica-na-multiclinica-do-algarve-768x768.webp 768w, https:\/\/multiclinicadoalgarve.com\/wp-content\/uploads\/2025\/07\/Sesion-Quiropractica-na-multiclinica-do-algarve-700x700.webp 700w, https:\/\/multiclinicadoalgarve.com\/wp-content\/uploads\/2025\/07\/Sesion-Quiropractica-na-multiclinica-do-algarve-800x800.webp 800w, https:\/\/multiclinicadoalgarve.com\/wp-content\/uploads\/2025\/07\/Sesion-Quiropractica-na-multiclinica-do-algarve-500x500.webp 500w\" sizes=\"(max-width: 800px) 100vw, 800px\" \/>\t\t\t\t\t\t\t\t\t\t\t\t\t\t\t<\/div>\n\t\t\t\t<div class=\"elementor-element elementor-element-b8cb2bc elementor-widget elementor-widget-image\" data-id=\"b8cb2bc\" data-element_type=\"widget\" data-e-type=\"widget\" data-widget_type=\"image.default\">\n\t\t\t\t\t\t\t\t\t\t\t\t\t\t\t<img decoding=\"async\" width=\"800\" height=\"800\" src=\"https:\/\/multiclinicadoalgarve.com\/wp-content\/uploads\/2025\/07\/Sesion-con-medico-ded-Quiropractica-na-multiclinica-do-algarve.webp\" class=\"attachment-large size-large wp-image-645\" alt=\"moderne chiropractische zorgvleugel bij Multicl\u00ednica Algarve\" srcset=\"https:\/\/multiclinicadoalgarve.com\/wp-content\/uploads\/2025\/07\/Sesion-con-medico-ded-Quiropractica-na-multiclinica-do-algarve.webp 1024w, https:\/\/multiclinicadoalgarve.com\/wp-content\/uploads\/2025\/07\/Sesion-con-medico-ded-Quiropractica-na-multiclinica-do-algarve-300x300.webp 300w, https:\/\/multiclinicadoalgarve.com\/wp-content\/uploads\/2025\/07\/Sesion-con-medico-ded-Quiropractica-na-multiclinica-do-algarve-150x150.webp 150w, https:\/\/multiclinicadoalgarve.com\/wp-content\/uploads\/2025\/07\/Sesion-con-medico-ded-Quiropractica-na-multiclinica-do-algarve-768x768.webp 768w, https:\/\/multiclinicadoalgarve.com\/wp-content\/uploads\/2025\/07\/Sesion-con-medico-ded-Quiropractica-na-multiclinica-do-algarve-700x700.webp 700w, https:\/\/multiclinicadoalgarve.com\/wp-content\/uploads\/2025\/07\/Sesion-con-medico-ded-Quiropractica-na-multiclinica-do-algarve-800x800.webp 800w, https:\/\/multiclinicadoalgarve.com\/wp-content\/uploads\/2025\/07\/Sesion-con-medico-ded-Quiropractica-na-multiclinica-do-algarve-500x500.webp 500w\" sizes=\"(max-width: 800px) 100vw, 800px\" \/>\t\t\t\t\t\t\t\t\t\t\t\t\t\t\t<\/div>\n\t\t\t\t<div class=\"elementor-element elementor-element-4526577 elementor-align-center elementor-mobile-align-center elementor-widget elementor-widget-button\" data-id=\"4526577\" data-element_type=\"widget\" data-e-type=\"widget\" data-widget_type=\"button.default\">\n\t\t\t\t\t\t\t\t\t\t<a class=\"elementor-button elementor-button-link elementor-size-lg elementor-animation-float\" href=\"https:\/\/multiclinicadoalgarve.com\/marcacao-de-consultas-quarteira\/?area=medica\">\n\t\t\t\t\t\t<span class=\"elementor-button-content-wrapper\">\n\t\t\t\t\t\t\t\t\t<span class=\"elementor-button-text\">Afspraak maken<\/span>\n\t\t\t\t\t<\/span>\n\t\t\t\t\t<\/a>\n\t\t\t\t\t\t\t\t<\/div>\n\t\t\t\t\t<\/div>\n\t\t\t\t<\/div>\n\t\t\t\t\t<\/div>\n\t\t<\/div>\n\t\t\t\t\t<\/div>\n\t\t<\/section>\n\t\t<div class=\"elementor-element elementor-element-cf07e18 e-flex e-con-boxed e-con e-parent\" data-id=\"cf07e18\" data-element_type=\"container\" data-e-type=\"container\" data-settings=\"{&quot;background_background&quot;:&quot;gradient&quot;}\">\n\t\t\t\t\t<div class=\"e-con-inner\">\n\t\t\t\t<div class=\"elementor-element elementor-element-311aa75 elementor-widget elementor-widget-text-editor\" data-id=\"311aa75\" data-element_type=\"widget\" data-e-type=\"widget\" data-widget_type=\"text-editor.default\">\n\t\t\t\t\t\t\t\t\t<p>Bij Multicl\u00ednica do Algarve bieden we een service die gericht is op lichamelijk welzijn en blessurepreventie. Ons doel is om elke pati\u00ebnt te helpen mobiliteit terug te krijgen, pijn te verlichten en een betere kwaliteit van leven te krijgen. De praktijk wordt internationaal erkend vanwege de voordelen voor de gezondheid van het bewegingsapparaat, vooral wanneer deze wordt uitgevoerd door gekwalificeerde professionals. Om meer te weten te komen over de principes en voordelen van dit specialisme, zie de <a href=\"https:\/\/www.ordemdosfisioterapeutas.pt\/\" target=\"_blank\" rel=\"noopener\">Portugese Orde van Fysiotherapeuten<\/a>de belangrijkste gezondheidsorganisatie in Portugal.<\/p>\t\t\t\t\t\t\t\t<\/div>\n\t\t\t\t\t<\/div>\n\t\t\t\t<\/div>\n\t\t<div class=\"elementor-element elementor-element-6b9d1b0 e-flex e-con-boxed e-con e-parent\" data-id=\"6b9d1b0\" data-element_type=\"container\" data-e-type=\"container\">\n\t\t\t\t\t<div class=\"e-con-inner\">\n\t\t<div class=\"elementor-element elementor-element-26198a4 e-flex e-con-boxed e-con e-child\" data-id=\"26198a4\" data-element_type=\"container\" data-e-type=\"container\" data-settings=\"{&quot;background_background&quot;:&quot;gradient&quot;}\">\n\t\t\t\t\t<div class=\"e-con-inner\">\n\t\t\t\t<div class=\"elementor-element elementor-element-27dddeb elementor-widget elementor-widget-heading\" data-id=\"27dddeb\" data-element_type=\"widget\" data-e-type=\"widget\" data-widget_type=\"heading.default\">\n\t\t\t\t\t<h2 class=\"elementor-heading-title elementor-size-default\">Boek uw chiropractische afspraak <\/h2>\t\t\t\t<\/div>\n\t\t\t\t<div class=\"elementor-element elementor-element-6567c41 elementor-widget elementor-widget-text-editor\" data-id=\"6567c41\" data-element_type=\"widget\" data-e-type=\"widget\" data-widget_type=\"text-editor.default\">\n\t\t\t\t\t\t\t\t\t<p>Stel je welzijn niet langer uit. Boek nu je chiropractische sessie met onze specialisten en voel het verschil!<\/p>\t\t\t\t\t\t\t\t<\/div>\n\t\t\t\t<div class=\"elementor-element elementor-element-f4291af elementor-align-center elementor-mobile-align-center elementor-widget elementor-widget-button\" data-id=\"f4291af\" data-element_type=\"widget\" data-e-type=\"widget\" data-widget_type=\"button.default\">\n\t\t\t\t\t\t\t\t\t\t<a class=\"elementor-button elementor-button-link elementor-size-lg elementor-animation-float\" href=\"https:\/\/multiclinicadoalgarve.com\/marcacao-de-consultas-quarteira\/?area=medica\">\n\t\t\t\t\t\t<span class=\"elementor-button-content-wrapper\">\n\t\t\t\t\t\t\t\t\t<span class=\"elementor-button-text\">Afspraak maken<\/span>\n\t\t\t\t\t<\/span>\n\t\t\t\t\t<\/a>\n\t\t\t\t\t\t\t\t<\/div>\n\t\t\t\t\t<\/div>\n\t\t\t\t<\/div>\n\t\t\t\t\t<\/div>\n\t\t\t\t<\/div>\n\t\t\t\t<\/div>","protected":false},"excerpt":{"rendered":"<p>Quiropr\u00e1tica em Quarteira para Al\u00edvio de Dores e Bem-Estar Home Consultas M\u00e9dicas em Quarteira Quiropr\u00e1tica em Quarteira Melhore a sua Qualidade de Vida com Quiropr\u00e1tica A Multicl\u00ednica oferece sess\u00f5es de quiropr\u00e1tica em Quarteira realizadas por profissionais qualificados que atuam na preven\u00e7\u00e3o e no tratamento de dores na coluna, ombros, pesco\u00e7o e articula\u00e7\u00f5es. Nossa abordagem \u00e9 [&hellip;]<\/p>\n","protected":false},"author":1,"featured_media":0,"parent":0,"menu_order":0,"comment_status":"closed","ping_status":"closed","template":"elementor_header_footer","meta":{"footnotes":""},"class_list":["post-632","page","type-page","status-publish","hentry"],"_links":{"self":[{"href":"https:\/\/multiclinicadoalgarve.com\/nl\/wp-json\/wp\/v2\/pages\/632","targetHints":{"allow":["GET"]}}],"collection":[{"href":"https:\/\/multiclinicadoalgarve.com\/nl\/wp-json\/wp\/v2\/pages"}],"about":[{"href":"https:\/\/multiclinicadoalgarve.com\/nl\/wp-json\/wp\/v2\/types\/page"}],"author":[{"embeddable":true,"href":"https:\/\/multiclinicadoalgarve.com\/nl\/wp-json\/wp\/v2\/users\/1"}],"replies":[{"embeddable":true,"href":"https:\/\/multiclinicadoalgarve.com\/nl\/wp-json\/wp\/v2\/comments?post=632"}],"version-history":[{"count":0,"href":"https:\/\/multiclinicadoalgarve.com\/nl\/wp-json\/wp\/v2\/pages\/632\/revisions"}],"wp:attachment":[{"href":"https:\/\/multiclinicadoalgarve.com\/nl\/wp-json\/wp\/v2\/media?parent=632"}],"curies":[{"name":"wp","href":"https:\/\/api.w.org\/{rel}","templated":true}]}}