{"id":689,"date":"2025-07-24T20:13:19","date_gmt":"2025-07-24T20:13:19","guid":{"rendered":"https:\/\/multiclinicadoalgarve.com\/?page_id=689"},"modified":"2026-01-14T16:03:48","modified_gmt":"2026-01-14T16:03:48","slug":"traditionele-chinese-geneeskunde","status":"publish","type":"page","link":"https:\/\/multiclinicadoalgarve.com\/nl\/medicina-tradicional-chinesa\/","title":{"rendered":"Traditionele Chinese Geneeskunde in Quarteira"},"content":{"rendered":"<div data-elementor-type=\"wp-page\" data-elementor-id=\"689\" class=\"elementor elementor-689\" data-elementor-post-type=\"page\">\n\t\t\t\t\t\t<section class=\"elementor-section elementor-top-section elementor-element elementor-element-3edcfb34 elementor-section-boxed elementor-section-height-default elementor-section-height-default\" data-id=\"3edcfb34\" data-element_type=\"section\" data-e-type=\"section\" data-settings=\"{&quot;background_background&quot;:&quot;gradient&quot;}\">\n\t\t\t\t\t\t\t<div class=\"elementor-background-overlay\"><\/div>\n\t\t\t\t\t\t\t<div class=\"elementor-container elementor-column-gap-default\">\n\t\t\t\t\t<div class=\"elementor-column elementor-col-100 elementor-top-column elementor-element elementor-element-73782f59\" data-id=\"73782f59\" data-element_type=\"column\" data-e-type=\"column\">\n\t\t\t<div class=\"elementor-widget-wrap elementor-element-populated\">\n\t\t\t\t\t\t<div class=\"elementor-element elementor-element-305fdb6d elementor-widget elementor-widget-heading\" data-id=\"305fdb6d\" data-element_type=\"widget\" data-e-type=\"widget\" data-widget_type=\"heading.default\">\n\t\t\t\t\t<h1 class=\"elementor-heading-title elementor-size-default\">Traditionele Chinese Geneeskunde in Quarteira<\/h1>\t\t\t\t<\/div>\n\t\t\t\t<div class=\"elementor-element elementor-element-c4239fe elementor-icon-list--layout-inline elementor-align-center elementor-list-item-link-full_width elementor-widget elementor-widget-icon-list\" data-id=\"c4239fe\" data-element_type=\"widget\" data-e-type=\"widget\" data-widget_type=\"icon-list.default\">\n\t\t\t\t\t\t\t<ul class=\"elementor-icon-list-items elementor-inline-items\">\n\t\t\t\t\t\t\t<li class=\"elementor-icon-list-item elementor-inline-item\">\n\t\t\t\t\t\t\t\t\t\t\t<a href=\"https:\/\/multiclinicadoalgarve.com\/\">\n\n\t\t\t\t\t\t\t\t\t\t\t\t<span class=\"elementor-icon-list-icon\">\n\t\t\t\t\t\t\t<i aria-hidden=\"true\" class=\"icon icon-home\"><\/i>\t\t\t\t\t\t<\/span>\n\t\t\t\t\t\t\t\t\t\t<span class=\"elementor-icon-list-text\">Home<\/span>\n\t\t\t\t\t\t\t\t\t\t\t<\/a>\n\t\t\t\t\t\t\t\t\t<\/li>\n\t\t\t\t\t\t\t\t<li class=\"elementor-icon-list-item elementor-inline-item\">\n\t\t\t\t\t\t\t\t\t\t\t<a href=\"https:\/\/multiclinicadoalgarve.com\/pt_pt\/consultas-medicas-em-quarteira\/\">\n\n\t\t\t\t\t\t\t\t\t\t\t\t<span class=\"elementor-icon-list-icon\">\n\t\t\t\t\t\t\t<svg aria-hidden=\"true\" class=\"e-font-icon-svg e-fas-chevron-right\" viewbox=\"0 0 320 512\" xmlns=\"http:\/\/www.w3.org\/2000\/svg\"><path d=\"M285.476 272.971L91.132 467.314c-9.373 9.373-24.569 9.373-33.941 0l-22.667-22.667c-9.357-9.357-9.375-24.522-.04-33.901L188.505 256 34.484 101.255c-9.335-9.379-9.317-24.544.04-33.901l22.667-22.667c9.373-9.373 24.569-9.373 33.941 0L285.475 239.03c9.373 9.372 9.373 24.568.001 33.941z\"><\/path><\/svg>\t\t\t\t\t\t<\/span>\n\t\t\t\t\t\t\t\t\t\t<span class=\"elementor-icon-list-text\">Medische consulten in Quarteira<\/span>\n\t\t\t\t\t\t\t\t\t\t\t<\/a>\n\t\t\t\t\t\t\t\t\t<\/li>\n\t\t\t\t\t\t\t\t<li class=\"elementor-icon-list-item elementor-inline-item\">\n\t\t\t\t\t\t\t\t\t\t\t<span class=\"elementor-icon-list-icon\">\n\t\t\t\t\t\t\t<svg aria-hidden=\"true\" class=\"e-font-icon-svg e-fas-chevron-right\" viewbox=\"0 0 320 512\" xmlns=\"http:\/\/www.w3.org\/2000\/svg\"><path d=\"M285.476 272.971L91.132 467.314c-9.373 9.373-24.569 9.373-33.941 0l-22.667-22.667c-9.357-9.357-9.375-24.522-.04-33.901L188.505 256 34.484 101.255c-9.335-9.379-9.317-24.544.04-33.901l22.667-22.667c9.373-9.373 24.569-9.373 33.941 0L285.475 239.03c9.373 9.372 9.373 24.568.001 33.941z\"><\/path><\/svg>\t\t\t\t\t\t<\/span>\n\t\t\t\t\t\t\t\t\t\t<span class=\"elementor-icon-list-text\">Traditionele Chinese Geneeskunde in Quarteira<\/span>\n\t\t\t\t\t\t\t\t\t<\/li>\n\t\t\t\t\t\t<\/ul>\n\t\t\t\t\t\t<\/div>\n\t\t\t\t\t<\/div>\n\t\t<\/div>\n\t\t\t\t\t<\/div>\n\t\t<\/section>\n\t\t\t\t<section class=\"elementor-section elementor-top-section elementor-element elementor-element-3c373ff2 elementor-section-boxed elementor-section-height-default elementor-section-height-default\" data-id=\"3c373ff2\" data-element_type=\"section\" data-e-type=\"section\" data-settings=\"{&quot;background_background&quot;:&quot;classic&quot;}\">\n\t\t\t\t\t\t\t<div class=\"elementor-background-overlay\"><\/div>\n\t\t\t\t\t\t\t<div class=\"elementor-container elementor-column-gap-default\">\n\t\t\t\t\t<div class=\"elementor-column elementor-col-50 elementor-top-column elementor-element elementor-element-791e7aa4\" data-id=\"791e7aa4\" data-element_type=\"column\" data-e-type=\"column\">\n\t\t\t<div class=\"elementor-widget-wrap elementor-element-populated\">\n\t\t\t\t\t\t<div class=\"elementor-element elementor-element-77447848 elementor-widget-tablet__width-initial elementor-widget elementor-widget-text-editor\" data-id=\"77447848\" data-element_type=\"widget\" data-e-type=\"widget\" data-widget_type=\"text-editor.default\">\n\t\t\t\t\t\t\t\t\t<p>Bij Multicl\u00ednica do Algarve bieden we natuurlijke en eeuwenoude behandelingen uit de Traditionele Chinese Geneeskunde (TCM), waarbij de nadruk ligt op het in balans brengen van lichaam en geest. Met technieken als acupunctuur, kruidengeneeskunde en moxibustie helpen we onze pati\u00ebnten op holistische wijze pijn te verlichten, stress te verminderen en de kwaliteit van hun leven te verbeteren.<\/p>\t\t\t\t\t\t\t\t<\/div>\n\t\t\t\t<div class=\"elementor-element elementor-element-1caf9350 elementor-widget-tablet__width-initial elementor-widget elementor-widget-heading\" data-id=\"1caf9350\" data-element_type=\"widget\" data-e-type=\"widget\" data-widget_type=\"heading.default\">\n\t\t\t\t\t<h2 class=\"elementor-heading-title elementor-size-default\">Voordelen en aanpak<\/h2>\t\t\t\t<\/div>\n\t\t\t\t<div class=\"elementor-element elementor-element-13733df7 elementor-widget-tablet__width-initial elementor-widget elementor-widget-text-editor\" data-id=\"13733df7\" data-element_type=\"widget\" data-e-type=\"widget\" data-widget_type=\"text-editor.default\">\n\t\t\t\t\t\t\t\t\t<p>Met een geschiedenis van meer dan tweeduizend jaar is TCM een compleet gezondheidssysteem dat erop gericht is de energiebalans van het lichaam te herstellen. Erkend door <a href=\"https:\/\/www.who.int\/traditional-complementary-integrative-medicine\" target=\"_blank\" rel=\"noopener\">Wereldgezondheidsorganisatie<\/a>Traditionele Chinese Geneeskunde integreert praktijken zoals:<\/p><ul><li><strong>Acupunctuur:<\/strong> Het stimuleert specifieke punten om pijn en angst te verlichten en welzijn te bevorderen.<\/li><li><strong>Chinese kruidengeneeskunde:<\/strong> Gebruik van geneeskrachtige kruiden om interne onevenwichtigheden te behandelen.<\/li><li><strong>Moxibustie:<\/strong> Energiepunten verwarmen met moxa om de vitaliteit te verhogen.<\/li><li><strong>Zuignappen:<\/strong> Techniek die de bloedsomloop verbetert en spierspanning vermindert.<\/li><\/ul><p>Deze therapie\u00ebn worden aangepast aan de individuele behoeften van elke pati\u00ebnt en werken zowel preventief als behandelend.<\/p>\t\t\t\t\t\t\t\t<\/div>\n\t\t\t\t<div class=\"elementor-element elementor-element-4cc3041d elementor-widget-tablet__width-initial elementor-widget elementor-widget-heading\" data-id=\"4cc3041d\" data-element_type=\"widget\" data-e-type=\"widget\" data-widget_type=\"heading.default\">\n\t\t\t\t\t<h2 class=\"elementor-heading-title elementor-size-default\"> Wat we behandelen met Traditionele Chinese Geneeskunde <\/h2>\t\t\t\t<\/div>\n\t\t\t\t<div class=\"elementor-element elementor-element-15f9c990 elementor-widget-tablet__width-initial elementor-widget elementor-widget-text-editor\" data-id=\"15f9c990\" data-element_type=\"widget\" data-e-type=\"widget\" data-widget_type=\"text-editor.default\">\n\t\t\t\t\t\t\t\t\t<p>TCM-therapie\u00ebn zijn effectief voor een breed scala aan klinische aandoeningen. Hier zijn enkele van de behandelde aandoeningen:<\/p><ul><li>\u2714\ufe0f Chronische pijn (lumbaal, cervicaal, gewrichten)<\/li><li>\u2714\ufe0f Angst, slapeloosheid en stress<\/li><li>\u2714\ufe0f Spijsverteringsproblemen (reflux, vastzittende darmen)<\/li><li>\u2714\ufe0f Migraine en hoofdpijn<\/li><li>\u2714\ufe0f Vermoeidheid, lage immuniteit en gebrek aan energie<\/li><\/ul>\t\t\t\t\t\t\t\t<\/div>\n\t\t\t\t<div class=\"elementor-element elementor-element-799dd43 elementor-widget-tablet__width-initial elementor-widget elementor-widget-heading\" data-id=\"799dd43\" data-element_type=\"widget\" data-e-type=\"widget\" data-widget_type=\"heading.default\">\n\t\t\t\t\t<h2 class=\"elementor-heading-title elementor-size-default\">Waarom kiezen voor Traditionele Chinese Geneeskunde?<\/h2>\t\t\t\t<\/div>\n\t\t\t\t<div class=\"elementor-element elementor-element-3ac89af elementor-widget-tablet__width-initial elementor-widget elementor-widget-text-editor\" data-id=\"3ac89af\" data-element_type=\"widget\" data-e-type=\"widget\" data-widget_type=\"text-editor.default\">\n\t\t\t\t\t\t\t\t\t<div class=\"vc_row wpb_row vc_row-fluid page-margin-top-section-vlarge\"><div class=\"wpb_column vc_column_container vc_col-sm-6\"><div class=\"wpb_wrapper\"><div class=\"wpb_text_column wpb_content_element large margin-top-10\"><div class=\"wpb_wrapper\"><p data-start=\"1547\" data-end=\"1655\">\u2705\u00a0<strong data-start=\"1549\" data-end=\"1591\">Ontstekingsremmende en antioxiderende werking:<\/strong>\u00a0Vermindert oxidatieve stress en helpt chronische ziekten voorkomen.<\/p><p data-start=\"1658\" data-end=\"1767\">\u2705\u00a0<strong data-start=\"1660\" data-end=\"1683\">Hormonale regulatie:<\/strong>\u00a0Het stimuleert de evenwichtige productie van cortisol, insuline, oestrogeen en testosteron.<\/p><p data-start=\"1770\" data-end=\"1878\">\u2705\u00a0<strong data-start=\"1772\" data-end=\"1806\">Vermindering van stress en angst:<\/strong>\u00a0Verbetert de slaap, verlaagt de bloeddruk en verhoogt de levensenergie.<\/p><p data-start=\"1881\" data-end=\"1980\">\u2705\u00a0<strong data-start=\"1883\" data-end=\"1903\">Verlichting van pijn:<\/strong>\u00a0Effectief tegen spier- en gewrichtspijn, hoofdpijn en andere aandoeningen.<\/p><p><em data-start=\"1985\" data-end=\"2143\">De WHO erkent de effectiviteit van TCM bij de behandeling van meer dan 40 aandoeningen, waaronder bronchitis, hoge bloeddruk, angst, onvruchtbaarheid, menopauze en nog veel meer.<\/em><\/p><\/div><\/div><\/div><\/div><\/div><div class=\"vc_row wpb_row vc_row-fluid padding-top-89 padding-bottom-100 vc_custom_1750869404951 vc_row-has-fill page-margin-top-section full-width\"><div class=\"wpb_column vc_column_container vc_col-sm-12\"><div class=\"wpb_wrapper\">\u00a0<\/div><\/div><\/div>\t\t\t\t\t\t\t\t<\/div>\n\t\t\t\t<div class=\"elementor-element elementor-element-5389d47e elementor-widget-tablet__width-initial elementor-widget elementor-widget-heading\" data-id=\"5389d47e\" data-element_type=\"widget\" data-e-type=\"widget\" data-widget_type=\"heading.default\">\n\t\t\t\t\t<h2 class=\"elementor-heading-title elementor-size-default\">Waarom kiezen voor Multicl\u00ednica do Algarve?<\/h2>\t\t\t\t<\/div>\n\t\t\t\t<div class=\"elementor-element elementor-element-69246e96 elementor-widget-tablet__width-initial elementor-widget elementor-widget-text-editor\" data-id=\"69246e96\" data-element_type=\"widget\" data-e-type=\"widget\" data-widget_type=\"text-editor.default\">\n\t\t\t\t\t\t\t\t\t<p>\u2705 <strong>Gespecialiseerde professionals:<\/strong> Het team is opgeleid in TCM en heeft uitgebreide klinische ervaring.<\/p><p>\u2705 <strong>Persoonlijke benadering:<\/strong> Individuele beoordeling om de meest geschikte behandeling aan te bieden.<\/p><p>\u2705 <strong>Gezellige sfeer:<\/strong> Een vredige ruimte die ontspanning en herstel bevordert.<\/p><p>\u2705 <strong>Integratie met andere therapie\u00ebn:<\/strong> Mogelijkheid tot combinatie met voeding, psychologie en fysiotherapie.<\/p>\t\t\t\t\t\t\t\t<\/div>\n\t\t\t\t\t<\/div>\n\t\t<\/div>\n\t\t\t\t<div class=\"elementor-column elementor-col-50 elementor-top-column elementor-element elementor-element-3bc02cad\" data-id=\"3bc02cad\" data-element_type=\"column\" data-e-type=\"column\">\n\t\t\t<div class=\"elementor-widget-wrap elementor-element-populated\">\n\t\t\t\t<div class=\"elementor-element elementor-element-3180bbf e-grid e-con-boxed e-con e-parent\" data-id=\"3180bbf\" data-element_type=\"container\" data-e-type=\"container\">\n\t\t\t\t\t<div class=\"e-con-inner\">\n\t\t\t\t<div class=\"elementor-element elementor-element-56f34114 elementor-widget elementor-widget-image\" data-id=\"56f34114\" data-element_type=\"widget\" data-e-type=\"widget\" data-widget_type=\"image.default\">\n\t\t\t\t\t\t\t\t\t\t\t\t\t\t\t<img fetchpriority=\"high\" decoding=\"async\" width=\"800\" height=\"800\" src=\"https:\/\/multiclinicadoalgarve.com\/wp-content\/uploads\/2025\/07\/Acupuntura-terapeutica-em-Quarteira---Multiclinica-do-Algarve.webp\" class=\"attachment-large size-large wp-image-727\" alt=\"Traditionele Chinese Geneeskunde in Quarteira, Acupunctuurtechniek toegepast door een therapeut gespecialiseerd in Traditionele Chinese Geneeskunde\" srcset=\"\" sizes=\"(max-width: 800px) 100vw, 800px\" data-srcset=\"\" \/>\t\t\t\t\t\t\t\t\t\t\t\t\t\t\t<\/div>\n\t\t\t\t<div class=\"elementor-element elementor-element-1330e8d5 elementor-widget elementor-widget-image\" data-id=\"1330e8d5\" data-element_type=\"widget\" data-e-type=\"widget\" data-widget_type=\"image.default\">\n\t\t\t\t\t\t\t\t\t\t\t\t\t\t\t<img decoding=\"async\" width=\"800\" height=\"800\" src=\"https:\/\/multiclinicadoalgarve.com\/wp-content\/uploads\/2025\/07\/Sesion-de-Acupuntura-Tradicional-China-para-el-Alivio-del-Estres-y-Dolor.webp\" class=\"attachment-large size-large wp-image-728\" alt=\"Therapeut past acupunctuur toe op het oor van een pati\u00ebnt tijdens een sessie traditionele Chinese geneeskunde in een wellnesskliniek\" srcset=\"https:\/\/multiclinicadoalgarve.com\/wp-content\/uploads\/2025\/07\/Sesion-de-Acupuntura-Tradicional-China-para-el-Alivio-del-Estres-y-Dolor.webp 1024w, https:\/\/multiclinicadoalgarve.com\/wp-content\/uploads\/2025\/07\/Sesion-de-Acupuntura-Tradicional-China-para-el-Alivio-del-Estres-y-Dolor-300x300.webp 300w, https:\/\/multiclinicadoalgarve.com\/wp-content\/uploads\/2025\/07\/Sesion-de-Acupuntura-Tradicional-China-para-el-Alivio-del-Estres-y-Dolor-150x150.webp 150w, https:\/\/multiclinicadoalgarve.com\/wp-content\/uploads\/2025\/07\/Sesion-de-Acupuntura-Tradicional-China-para-el-Alivio-del-Estres-y-Dolor-768x768.webp 768w, https:\/\/multiclinicadoalgarve.com\/wp-content\/uploads\/2025\/07\/Sesion-de-Acupuntura-Tradicional-China-para-el-Alivio-del-Estres-y-Dolor-700x700.webp 700w, https:\/\/multiclinicadoalgarve.com\/wp-content\/uploads\/2025\/07\/Sesion-de-Acupuntura-Tradicional-China-para-el-Alivio-del-Estres-y-Dolor-800x800.webp 800w, https:\/\/multiclinicadoalgarve.com\/wp-content\/uploads\/2025\/07\/Sesion-de-Acupuntura-Tradicional-China-para-el-Alivio-del-Estres-y-Dolor-500x500.webp 500w\" sizes=\"(max-width: 800px) 100vw, 800px\" \/>\t\t\t\t\t\t\t\t\t\t\t\t\t\t\t<\/div>\n\t\t\t\t<div class=\"elementor-element elementor-element-67ffa8b0 elementor-widget elementor-widget-image\" data-id=\"67ffa8b0\" data-element_type=\"widget\" data-e-type=\"widget\" data-widget_type=\"image.default\">\n\t\t\t\t\t\t\t\t\t\t\t\t\t\t\t<img decoding=\"async\" width=\"800\" height=\"800\" src=\"https:\/\/multiclinicadoalgarve.com\/wp-content\/uploads\/2025\/07\/Terapia-de-Ventosas-na-Multiclinica-do-Algarve.webp\" class=\"attachment-large size-large wp-image-731\" alt=\"Traditionele Chinese cupping-therapiesessie om spierpijn te verlichten.\" srcset=\"https:\/\/multiclinicadoalgarve.com\/wp-content\/uploads\/2025\/07\/Terapia-de-Ventosas-na-Multiclinica-do-Algarve.webp 1024w, https:\/\/multiclinicadoalgarve.com\/wp-content\/uploads\/2025\/07\/Terapia-de-Ventosas-na-Multiclinica-do-Algarve-300x300.webp 300w, https:\/\/multiclinicadoalgarve.com\/wp-content\/uploads\/2025\/07\/Terapia-de-Ventosas-na-Multiclinica-do-Algarve-150x150.webp 150w, https:\/\/multiclinicadoalgarve.com\/wp-content\/uploads\/2025\/07\/Terapia-de-Ventosas-na-Multiclinica-do-Algarve-768x768.webp 768w, https:\/\/multiclinicadoalgarve.com\/wp-content\/uploads\/2025\/07\/Terapia-de-Ventosas-na-Multiclinica-do-Algarve-700x700.webp 700w, https:\/\/multiclinicadoalgarve.com\/wp-content\/uploads\/2025\/07\/Terapia-de-Ventosas-na-Multiclinica-do-Algarve-800x800.webp 800w, https:\/\/multiclinicadoalgarve.com\/wp-content\/uploads\/2025\/07\/Terapia-de-Ventosas-na-Multiclinica-do-Algarve-500x500.webp 500w\" sizes=\"(max-width: 800px) 100vw, 800px\" \/>\t\t\t\t\t\t\t\t\t\t\t\t\t\t\t<\/div>\n\t\t\t\t<div class=\"elementor-element elementor-element-e93ace7 elementor-widget elementor-widget-image\" data-id=\"e93ace7\" data-element_type=\"widget\" data-e-type=\"widget\" data-widget_type=\"image.default\">\n\t\t\t\t\t\t\t\t\t\t\t\t\t\t\t<img loading=\"lazy\" decoding=\"async\" width=\"800\" height=\"800\" src=\"https:\/\/multiclinicadoalgarve.com\/wp-content\/uploads\/2025\/07\/Acupuntura-e-Moxabustao-na-Multiclinica-do-Algarve.webp\" class=\"attachment-large size-large wp-image-729\" alt=\"Traditionele Chinese acupunctuursessie met moxibustie in Quarteira\" srcset=\"https:\/\/multiclinicadoalgarve.com\/wp-content\/uploads\/2025\/07\/Acupuntura-e-Moxabustao-na-Multiclinica-do-Algarve.webp 1024w, https:\/\/multiclinicadoalgarve.com\/wp-content\/uploads\/2025\/07\/Acupuntura-e-Moxabustao-na-Multiclinica-do-Algarve-300x300.webp 300w, https:\/\/multiclinicadoalgarve.com\/wp-content\/uploads\/2025\/07\/Acupuntura-e-Moxabustao-na-Multiclinica-do-Algarve-150x150.webp 150w, https:\/\/multiclinicadoalgarve.com\/wp-content\/uploads\/2025\/07\/Acupuntura-e-Moxabustao-na-Multiclinica-do-Algarve-768x768.webp 768w, https:\/\/multiclinicadoalgarve.com\/wp-content\/uploads\/2025\/07\/Acupuntura-e-Moxabustao-na-Multiclinica-do-Algarve-700x700.webp 700w, https:\/\/multiclinicadoalgarve.com\/wp-content\/uploads\/2025\/07\/Acupuntura-e-Moxabustao-na-Multiclinica-do-Algarve-800x800.webp 800w, https:\/\/multiclinicadoalgarve.com\/wp-content\/uploads\/2025\/07\/Acupuntura-e-Moxabustao-na-Multiclinica-do-Algarve-500x500.webp 500w\" sizes=\"(max-width: 800px) 100vw, 800px\" \/>\t\t\t\t\t\t\t\t\t\t\t\t\t\t\t<\/div>\n\t\t\t\t<div class=\"elementor-element elementor-element-14fcba7 elementor-widget elementor-widget-image\" data-id=\"14fcba7\" data-element_type=\"widget\" data-e-type=\"widget\" data-widget_type=\"image.default\">\n\t\t\t\t\t\t\t\t\t\t\t\t\t\t\t<img loading=\"lazy\" decoding=\"async\" width=\"800\" height=\"800\" src=\"https:\/\/multiclinicadoalgarve.com\/wp-content\/uploads\/2025\/07\/Tratamiento-de-Acupuntura-Auricular-en-Clinica-de-Medicina-Tradicional-China.webp\" class=\"attachment-large size-large wp-image-730\" alt=\"Specialist in Chinese geneeskunde plaatst acupunctuurnaalden op de arm van een pati\u00ebnt die een behandeling ondergaat\" srcset=\"https:\/\/multiclinicadoalgarve.com\/wp-content\/uploads\/2025\/07\/Tratamiento-de-Acupuntura-Auricular-en-Clinica-de-Medicina-Tradicional-China.webp 1024w, https:\/\/multiclinicadoalgarve.com\/wp-content\/uploads\/2025\/07\/Tratamiento-de-Acupuntura-Auricular-en-Clinica-de-Medicina-Tradicional-China-300x300.webp 300w, https:\/\/multiclinicadoalgarve.com\/wp-content\/uploads\/2025\/07\/Tratamiento-de-Acupuntura-Auricular-en-Clinica-de-Medicina-Tradicional-China-150x150.webp 150w, https:\/\/multiclinicadoalgarve.com\/wp-content\/uploads\/2025\/07\/Tratamiento-de-Acupuntura-Auricular-en-Clinica-de-Medicina-Tradicional-China-768x768.webp 768w, https:\/\/multiclinicadoalgarve.com\/wp-content\/uploads\/2025\/07\/Tratamiento-de-Acupuntura-Auricular-en-Clinica-de-Medicina-Tradicional-China-700x700.webp 700w, https:\/\/multiclinicadoalgarve.com\/wp-content\/uploads\/2025\/07\/Tratamiento-de-Acupuntura-Auricular-en-Clinica-de-Medicina-Tradicional-China-800x800.webp 800w, https:\/\/multiclinicadoalgarve.com\/wp-content\/uploads\/2025\/07\/Tratamiento-de-Acupuntura-Auricular-en-Clinica-de-Medicina-Tradicional-China-500x500.webp 500w\" sizes=\"(max-width: 800px) 100vw, 800px\" \/>\t\t\t\t\t\t\t\t\t\t\t\t\t\t\t<\/div>\n\t\t\t\t<div class=\"elementor-element elementor-element-55951ff1 elementor-align-center elementor-mobile-align-center elementor-widget elementor-widget-button\" data-id=\"55951ff1\" data-element_type=\"widget\" data-e-type=\"widget\" data-widget_type=\"button.default\">\n\t\t\t\t\t\t\t\t\t\t<a class=\"elementor-button elementor-button-link elementor-size-lg elementor-animation-float\" href=\"https:\/\/multiclinicadoalgarve.com\/marcacao-de-consultas-quarteira\/?area=medica\">\n\t\t\t\t\t\t<span class=\"elementor-button-content-wrapper\">\n\t\t\t\t\t\t\t\t\t<span class=\"elementor-button-text\">Afspraak maken<\/span>\n\t\t\t\t\t<\/span>\n\t\t\t\t\t<\/a>\n\t\t\t\t\t\t\t\t<\/div>\n\t\t\t\t\t<\/div>\n\t\t\t\t<\/div>\n\t\t\t\t\t<\/div>\n\t\t<\/div>\n\t\t\t\t\t<\/div>\n\t\t<\/section>\n\t\t<div class=\"elementor-element elementor-element-2d5c3dd e-flex e-con-boxed e-con e-parent\" data-id=\"2d5c3dd\" data-element_type=\"container\" data-e-type=\"container\">\n\t\t\t\t\t<div class=\"e-con-inner\">\n\t\t<div class=\"elementor-element elementor-element-ef256c7 e-con-full e-flex e-con e-child\" data-id=\"ef256c7\" data-element_type=\"container\" data-e-type=\"container\">\n\t\t\t\t<\/div>\n\t\t<div class=\"elementor-element elementor-element-93dc72a e-con-full e-flex e-con e-child\" data-id=\"93dc72a\" data-element_type=\"container\" data-e-type=\"container\">\n\t\t\t\t<\/div>\n\t\t<div class=\"elementor-element elementor-element-468f587 e-con-full e-flex e-con e-child\" data-id=\"468f587\" data-element_type=\"container\" data-e-type=\"container\">\n\t\t\t\t<\/div>\n\t\t<div class=\"elementor-element elementor-element-eea58a7 e-con-full e-flex e-con e-child\" data-id=\"eea58a7\" data-element_type=\"container\" data-e-type=\"container\">\n\t\t\t\t<\/div>\n\t\t<div class=\"elementor-element elementor-element-d1c7cef e-con-full e-flex e-con e-child\" data-id=\"d1c7cef\" data-element_type=\"container\" data-e-type=\"container\">\n\t\t\t\t<\/div>\n\t\t<div class=\"elementor-element elementor-element-1eb8604 e-con-full e-flex e-con e-child\" data-id=\"1eb8604\" data-element_type=\"container\" data-e-type=\"container\">\n\t\t\t\t<\/div>\n\t\t\t\t\t<\/div>\n\t\t\t\t<\/div>\n\t\t<div class=\"elementor-element elementor-element-47abcbd0 e-flex e-con-boxed e-con e-parent\" data-id=\"47abcbd0\" data-element_type=\"container\" data-e-type=\"container\" data-settings=\"{&quot;background_background&quot;:&quot;gradient&quot;}\">\n\t\t\t\t\t<div class=\"e-con-inner\">\n\t\t\t\t<div class=\"elementor-element elementor-element-1dfe09ce elementor-widget elementor-widget-text-editor\" data-id=\"1dfe09ce\" data-element_type=\"widget\" data-e-type=\"widget\" data-widget_type=\"text-editor.default\">\n\t\t\t\t\t\t\t\t\t<p>Traditionele Chinese Geneeskunde wordt wereldwijd erkend om haar effectiviteit en bijdrage aan de volksgezondheid. Volgens <a href=\"https:\/\/www.who.int\/traditional-complementary-integrative-medicine\" target=\"_blank\" rel=\"noopener\">Wereldgezondheidsorganisatie (WHO)<\/a>Deze eeuwenoude praktijk wordt beschouwd als een veilige en effectieve aanvullende benadering, vooral op gebieden zoals de behandeling van chronische pijn, angst, hoge bloeddruk, onvruchtbaarheid en spijsverteringsstoornissen. Deze internationale validatie versterkt het vertrouwen in de therapeutische voordelen van TCM, dat eeuwenoude kennis combineert met moderne wetenschap om ge\u00efntegreerde en gepersonaliseerde zorg te bieden.<\/p>\t\t\t\t\t\t\t\t<\/div>\n\t\t\t\t\t<\/div>\n\t\t\t\t<\/div>\n\t\t<div class=\"elementor-element elementor-element-5c418bf6 e-flex e-con-boxed e-con e-parent\" data-id=\"5c418bf6\" data-element_type=\"container\" data-e-type=\"container\">\n\t\t\t\t\t<div class=\"e-con-inner\">\n\t\t<div class=\"elementor-element elementor-element-11fc6a9c e-flex e-con-boxed e-con e-child\" data-id=\"11fc6a9c\" data-element_type=\"container\" data-e-type=\"container\" data-settings=\"{&quot;background_background&quot;:&quot;gradient&quot;}\">\n\t\t\t\t\t<div class=\"e-con-inner\">\n\t\t\t\t<div class=\"elementor-element elementor-element-2d6f3876 elementor-widget elementor-widget-heading\" data-id=\"2d6f3876\" data-element_type=\"widget\" data-e-type=\"widget\" data-widget_type=\"heading.default\">\n\t\t\t\t\t<h2 class=\"elementor-heading-title elementor-size-default\">Boek uw chiropractische afspraak in Quarteira<\/h2>\t\t\t\t<\/div>\n\t\t\t\t<div class=\"elementor-element elementor-element-659d9329 elementor-widget elementor-widget-text-editor\" data-id=\"659d9329\" data-element_type=\"widget\" data-e-type=\"widget\" data-widget_type=\"text-editor.default\">\n\t\t\t\t\t\t\t\t\t<p>Stel je welzijn niet langer uit. Boek nu je chiropractische sessie met onze specialisten en voel het verschil!<\/p>\t\t\t\t\t\t\t\t<\/div>\n\t\t\t\t<div class=\"elementor-element elementor-element-1c17a9a6 elementor-align-center elementor-mobile-align-center elementor-widget elementor-widget-button\" data-id=\"1c17a9a6\" data-element_type=\"widget\" data-e-type=\"widget\" data-widget_type=\"button.default\">\n\t\t\t\t\t\t\t\t\t\t<a class=\"elementor-button elementor-button-link elementor-size-lg elementor-animation-float\" href=\"https:\/\/multiclinicadoalgarve.com\/marcacao-de-consultas-quarteira\/?area=medica\">\n\t\t\t\t\t\t<span class=\"elementor-button-content-wrapper\">\n\t\t\t\t\t\t\t\t\t<span class=\"elementor-button-text\">Afspraak maken<\/span>\n\t\t\t\t\t<\/span>\n\t\t\t\t\t<\/a>\n\t\t\t\t\t\t\t\t<\/div>\n\t\t\t\t\t<\/div>\n\t\t\t\t<\/div>\n\t\t\t\t\t<\/div>\n\t\t\t\t<\/div>\n\t\t\t\t<\/div>","protected":false},"excerpt":{"rendered":"<p>Medicina Tradicional Chinesa em Quarteira Home Consultas M\u00e9dicas em Quarteira Medicina Tradicional Chinesa em Quarteira Na Multicl\u00ednica do Algarve, oferecemos tratamentos naturais e milenares da Medicina Tradicional Chinesa (MTC), com foco no equil\u00edbrio entre corpo e mente. Atrav\u00e9s de t\u00e9cnicas como acupuntura, fitoterapia e moxabust\u00e3o, ajudamos os nossos pacientes a aliviar dores, reduzir o stress [&hellip;]<\/p>\n","protected":false},"author":1,"featured_media":0,"parent":0,"menu_order":0,"comment_status":"closed","ping_status":"closed","template":"elementor_header_footer","meta":{"footnotes":""},"class_list":["post-689","page","type-page","status-publish","hentry"],"_links":{"self":[{"href":"https:\/\/multiclinicadoalgarve.com\/nl\/wp-json\/wp\/v2\/pages\/689","targetHints":{"allow":["GET"]}}],"collection":[{"href":"https:\/\/multiclinicadoalgarve.com\/nl\/wp-json\/wp\/v2\/pages"}],"about":[{"href":"https:\/\/multiclinicadoalgarve.com\/nl\/wp-json\/wp\/v2\/types\/page"}],"author":[{"embeddable":true,"href":"https:\/\/multiclinicadoalgarve.com\/nl\/wp-json\/wp\/v2\/users\/1"}],"replies":[{"embeddable":true,"href":"https:\/\/multiclinicadoalgarve.com\/nl\/wp-json\/wp\/v2\/comments?post=689"}],"version-history":[{"count":0,"href":"https:\/\/multiclinicadoalgarve.com\/nl\/wp-json\/wp\/v2\/pages\/689\/revisions"}],"wp:attachment":[{"href":"https:\/\/multiclinicadoalgarve.com\/nl\/wp-json\/wp\/v2\/media?parent=689"}],"curies":[{"name":"wp","href":"https:\/\/api.w.org\/{rel}","templated":true}]}}