{"id":7,"date":"2025-07-17T14:48:17","date_gmt":"2025-07-17T14:48:17","guid":{"rendered":"https:\/\/multiclinicadoalgarve.com\/?page_id=3"},"modified":"2025-11-04T21:00:28","modified_gmt":"2025-11-04T21:00:28","slug":"privacybeleid-2","status":"publish","type":"page","link":"https:\/\/multiclinicadoalgarve.com\/nl\/politica-de-privacidade\/","title":{"rendered":"Privacybeleid"},"content":{"rendered":"<div data-elementor-type=\"wp-page\" data-elementor-id=\"7\" class=\"elementor elementor-7\" data-elementor-post-type=\"page\">\n\t\t\t\t<div class=\"elementor-element elementor-element-d493722 e-flex e-con-boxed e-con e-parent\" data-id=\"d493722\" data-element_type=\"container\" data-e-type=\"container\">\n\t\t\t\t\t<div class=\"e-con-inner\">\n\t\t\t\t<div class=\"elementor-element elementor-element-f9b4930 elementor-widget elementor-widget-heading\" data-id=\"f9b4930\" data-element_type=\"widget\" data-e-type=\"widget\" data-widget_type=\"heading.default\">\n\t\t\t\t\t<h2 class=\"elementor-heading-title elementor-size-default\">Privacybeleid<\/h2>\t\t\t\t<\/div>\n\t\t\t\t\t<\/div>\n\t\t\t\t<\/div>\n\t\t<div class=\"elementor-element elementor-element-5177160e e-flex e-con-boxed e-con e-parent\" data-id=\"5177160e\" data-element_type=\"container\" data-e-type=\"container\">\n\t\t\t\t\t<div class=\"e-con-inner\">\n\t\t\t\t<div class=\"elementor-element elementor-element-7c1f07fc elementor-widget elementor-widget-text-editor\" data-id=\"7c1f07fc\" data-element_type=\"widget\" data-e-type=\"widget\" data-widget_type=\"text-editor.default\">\n\t\t\t\t\t\t\t\t\t<p data-start=\"276\" data-end=\"367\"><strong data-start=\"276\" data-end=\"330\">Privacybeleid Multicl\u00ednica do Algarve<\/strong><br data-start=\"330\" data-end=\"333\" \/>Laatst bijgewerkt op: 04\/11\/2025<\/p>\n<p data-start=\"369\" data-end=\"677\">Uw privacy is een prioriteit voor ons. Dit Privacybeleid legt uit wie we zijn, hoe we je persoonlijke gegevens verzamelen en verwerken, met wie we deze delen en hoe je je rechten kunt uitoefenen, in overeenstemming met Verordening (EU) 2016\/679 - Algemene Verordening Gegevensbescherming (GDPR).<\/p>\n<h3 data-start=\"679\" data-end=\"715\">1. Verantwoordelijk voor behandeling<\/h3>\n<p data-start=\"716\" data-end=\"855\"><strong data-start=\"716\" data-end=\"749\">Multicl\u00ednica do Algarve, Lda.<\/strong><br data-start=\"749\" data-end=\"752\" \/>Adres: <a href=\"https:\/\/www.google.com\/maps?q=EN+125,+Benfarras,+8125-017+Quarteira\" target=\"_blank\" rel=\"noopener\">EN 125, Benfarras, 8125-017 Quarteira<\/a><br data-start=\"777\" data-end=\"780\" \/>E-mail: <strong data-start=\"787\" data-end=\"822\"><a class=\"decorated-link cursor-pointer\" rel=\"noopener\" data-start=\"789\" data-end=\"820\">geral@multiclinicadoalgarve.com<\/a><\/strong><br data-start=\"822\" data-end=\"825\" \/>Telefoon:<a href=\"tel:+351289366266\">\u00a0289 366 266<\/a><\/p>\n<div class=\"elementor-column elementor-col-50 elementor-inner-column elementor-element elementor-element-7303ceff\" data-id=\"7303ceff\" data-element_type=\"column\">\n<div class=\"elementor-widget-wrap elementor-element-populated\">\n<div class=\"elementor-element elementor-element-7171c1b3 e-grid-align-right elementor-shape-rounded elementor-grid-0 elementor-widget elementor-widget-social-icons\" data-id=\"7171c1b3\" data-element_type=\"widget\" data-widget_type=\"social-icons.default\">\n<div class=\"elementor-social-icons-wrapper elementor-grid\" role=\"list\">\u00a0<\/div>\n<\/div>\n<\/div>\n<\/div>\n<h3 data-start=\"857\" data-end=\"886\">2. Gegevens die we verzamelen<\/h3>\n<p data-start=\"887\" data-end=\"934\">We kunnen de volgende persoonlijke gegevens verzamelen:<\/p>\n<ul data-start=\"935\" data-end=\"1174\">\n<li data-start=\"935\" data-end=\"1032\">\n<p data-start=\"937\" data-end=\"1032\">Naam, e-mail, telefoon en bericht via de contact- of afspraakformulieren;<\/p>\n<\/li>\n<li data-start=\"1033\" data-end=\"1174\">\n<p data-start=\"1035\" data-end=\"1174\">Technische gegevens zoals IP-adres, gebruikte browser, bezochte pagina's en browsetijd (via cookies en analytische tools).<\/p>\n<\/li>\n<\/ul>\n<h3 data-start=\"1176\" data-end=\"1209\">3. Doeleinden en rechtsgrondslag<\/h3>\n<p data-start=\"1210\" data-end=\"1244\">De verzamelde gegevens worden gebruikt voor<\/p>\n<ul data-start=\"1245\" data-end=\"1502\">\n<li data-start=\"1245\" data-end=\"1353\">\n<p data-start=\"1247\" data-end=\"1353\"><strong data-start=\"1247\" data-end=\"1308\">Reageren op verzoeken om contact of afspraken<\/strong>, gebaseerd op <strong data-start=\"1322\" data-end=\"1350\">toestemming van de houder<\/strong>;<\/p>\n<\/li>\n<li data-start=\"1354\" data-end=\"1407\">\n<p data-start=\"1356\" data-end=\"1407\"><strong data-start=\"1356\" data-end=\"1385\">Voldoen aan wettelijke verplichtingen<\/strong> of administratief;<\/p>\n<\/li>\n<li data-start=\"1408\" data-end=\"1502\">\n<p data-start=\"1410\" data-end=\"1502\"><strong data-start=\"1410\" data-end=\"1446\">De werking van de site verbeteren<\/strong>, gebaseerd op <strong data-start=\"1460\" data-end=\"1501\">toestemming voor analyse cookies<\/strong>.<\/p>\n<\/li>\n<\/ul>\n<h3 data-start=\"1504\" data-end=\"1534\">4. Bewaren van gegevens<\/h3>\n<p data-start=\"1535\" data-end=\"1695\">Gegevens worden niet langer bewaard dan nodig is voor de doeleinden waarvoor ze zijn verzameld of zolang er een wettelijke verplichting is om ze te bewaren.<\/p>\n<h3 data-start=\"1697\" data-end=\"1723\">5. Delen van gegevens<\/h3>\n<p data-start=\"1724\" data-end=\"1996\">Uw gegevens kunnen worden gedeeld met serviceproviders die ons helpen de website te beheren en verzoeken te verwerken, zoals webhosting, e-mailverzending en analysetools. Zij handelen allemaal in overeenstemming met vertrouwelijkheids- en gegevensbeschermingsovereenkomsten.<\/p>\n<h3 data-start=\"1998\" data-end=\"2026\">6. Rechten van de houder<\/h3>\n<p data-start=\"2027\" data-end=\"2078\">De gebruiker kan dit op elk moment aanvragen:<\/p>\n<ul data-start=\"2079\" data-end=\"2253\">\n<li data-start=\"2079\" data-end=\"2132\">\n<p data-start=\"2081\" data-end=\"2132\">Toegang tot, rectificatie of verwijdering van uw gegevens;<\/p>\n<\/li>\n<li data-start=\"2133\" data-end=\"2173\">\n<p data-start=\"2135\" data-end=\"2173\">Beperking van of verzet tegen behandeling;<\/p>\n<\/li>\n<li data-start=\"2174\" data-end=\"2207\">\n<p data-start=\"2176\" data-end=\"2207\">Draagbaarheid van uw gegevens;<\/p>\n<\/li>\n<li data-start=\"2208\" data-end=\"2253\">\n<p data-start=\"2210\" data-end=\"2253\">Eerder gegeven toestemming intrekken.<\/p>\n<\/li>\n<\/ul>\n<p data-start=\"2255\" data-end=\"2458\">Om uw rechten uit te oefenen, kunt u een verzoek sturen naar <strong data-start=\"2314\" data-end=\"2349\"><a class=\"decorated-link cursor-pointer\" rel=\"noopener\" data-start=\"2316\" data-end=\"2347\">geral@multiclinicadoalgarve.com<\/a><\/strong>.<br data-start=\"2350\" data-end=\"2353\" \/>U hebt ook het recht om een klacht in te dienen bij de <strong data-start=\"2408\" data-end=\"2457\">Nationale Commissie Gegevensbescherming (CNPD)<\/strong>.<\/p>\n<h3 data-start=\"2460\" data-end=\"2488\">7. Beveiliging van gegevens<\/h3>\n<p data-start=\"2489\" data-end=\"2642\">We passen gepaste technische en organisatorische maatregelen toe om uw persoonlijke gegevens te beschermen tegen verlies, misbruik, ongeautoriseerde toegang en vernietiging.<\/p>\n<h3 data-start=\"2644\" data-end=\"2674\">8. Wijzigingen in het beleid<\/h3>\n<p data-start=\"2675\" data-end=\"2819\">We kunnen dit Privacybeleid van tijd tot tijd bijwerken. We raden u aan dit beleid regelmatig te raadplegen om op de hoogte te blijven van wijzigingen.<\/p>\t\t\t\t\t\t\t\t<\/div>\n\t\t\t\t\t<\/div>\n\t\t\t\t<\/div>\n\t\t\t\t<\/div>","protected":false},"excerpt":{"rendered":"<p>Pol\u00edtica de Privacidade Pol\u00edtica de Privacidade da Multicl\u00ednica do Algarve\u00daltima atualiza\u00e7\u00e3o: 04\/11\/2025 A sua privacidade \u00e9 uma prioridade para n\u00f3s. Esta Pol\u00edtica de Privacidade explica quem somos, como recolhemos e tratamos os seus dados pessoais, com quem os partilhamos e como pode exercer os seus direitos, em conformidade com o Regulamento (UE) 2016\/679 \u2013 Regulamento [&hellip;]<\/p>\n","protected":false},"author":1,"featured_media":0,"parent":0,"menu_order":0,"comment_status":"closed","ping_status":"open","template":"elementor_header_footer","meta":{"footnotes":""},"class_list":["post-7","page","type-page","status-publish","hentry"],"_links":{"self":[{"href":"https:\/\/multiclinicadoalgarve.com\/nl\/wp-json\/wp\/v2\/pages\/7","targetHints":{"allow":["GET"]}}],"collection":[{"href":"https:\/\/multiclinicadoalgarve.com\/nl\/wp-json\/wp\/v2\/pages"}],"about":[{"href":"https:\/\/multiclinicadoalgarve.com\/nl\/wp-json\/wp\/v2\/types\/page"}],"author":[{"embeddable":true,"href":"https:\/\/multiclinicadoalgarve.com\/nl\/wp-json\/wp\/v2\/users\/1"}],"replies":[{"embeddable":true,"href":"https:\/\/multiclinicadoalgarve.com\/nl\/wp-json\/wp\/v2\/comments?post=7"}],"version-history":[{"count":0,"href":"https:\/\/multiclinicadoalgarve.com\/nl\/wp-json\/wp\/v2\/pages\/7\/revisions"}],"wp:attachment":[{"href":"https:\/\/multiclinicadoalgarve.com\/nl\/wp-json\/wp\/v2\/media?parent=7"}],"curies":[{"name":"wp","href":"https:\/\/api.w.org\/{rel}","templated":true}]}}