{"id":843,"date":"2025-07-25T17:45:35","date_gmt":"2025-07-25T17:45:35","guid":{"rendered":"https:\/\/multiclinicadoalgarve.com\/?page_id=843"},"modified":"2026-01-08T22:58:01","modified_gmt":"2026-01-08T22:58:01","slug":"voedingsdeskundige","status":"publish","type":"page","link":"https:\/\/multiclinicadoalgarve.com\/nl\/nutricionista\/","title":{"rendered":"Voedingsdeskundige in Quarteira"},"content":{"rendered":"<div data-elementor-type=\"wp-page\" data-elementor-id=\"843\" class=\"elementor elementor-843\" data-elementor-post-type=\"page\">\n\t\t\t\t\t\t<section class=\"elementor-section elementor-top-section elementor-element elementor-element-6842dc2c elementor-section-boxed elementor-section-height-default elementor-section-height-default\" data-id=\"6842dc2c\" data-element_type=\"section\" data-e-type=\"section\" data-settings=\"{&quot;background_background&quot;:&quot;gradient&quot;}\">\n\t\t\t\t\t\t\t<div class=\"elementor-background-overlay\"><\/div>\n\t\t\t\t\t\t\t<div class=\"elementor-container elementor-column-gap-default\">\n\t\t\t\t\t<div class=\"elementor-column elementor-col-100 elementor-top-column elementor-element elementor-element-1849f2c8\" data-id=\"1849f2c8\" data-element_type=\"column\" data-e-type=\"column\">\n\t\t\t<div class=\"elementor-widget-wrap elementor-element-populated\">\n\t\t\t\t\t\t<div class=\"elementor-element elementor-element-3723026b elementor-widget elementor-widget-heading\" data-id=\"3723026b\" data-element_type=\"widget\" data-e-type=\"widget\" data-widget_type=\"heading.default\">\n\t\t\t\t\t<h1 class=\"elementor-heading-title elementor-size-default\">Voedingsdeskundige in Quarteira - Gepersonaliseerd klinisch voedingsadvies<\/h1>\t\t\t\t<\/div>\n\t\t\t\t<div class=\"elementor-element elementor-element-527f892 elementor-icon-list--layout-inline elementor-align-center elementor-list-item-link-full_width elementor-widget elementor-widget-icon-list\" data-id=\"527f892\" data-element_type=\"widget\" data-e-type=\"widget\" data-widget_type=\"icon-list.default\">\n\t\t\t\t\t\t\t<ul class=\"elementor-icon-list-items elementor-inline-items\">\n\t\t\t\t\t\t\t<li class=\"elementor-icon-list-item elementor-inline-item\">\n\t\t\t\t\t\t\t\t\t\t\t<a href=\"https:\/\/multiclinicadoalgarve.com\/\">\n\n\t\t\t\t\t\t\t\t\t\t\t\t<span class=\"elementor-icon-list-icon\">\n\t\t\t\t\t\t\t<i aria-hidden=\"true\" class=\"icon icon-home\"><\/i>\t\t\t\t\t\t<\/span>\n\t\t\t\t\t\t\t\t\t\t<span class=\"elementor-icon-list-text\">Home<\/span>\n\t\t\t\t\t\t\t\t\t\t\t<\/a>\n\t\t\t\t\t\t\t\t\t<\/li>\n\t\t\t\t\t\t\t\t<li class=\"elementor-icon-list-item elementor-inline-item\">\n\t\t\t\t\t\t\t\t\t\t\t<a href=\"https:\/\/multiclinicadoalgarve.com\/pt_pt\/consultas-medicas-em-quarteira\/\">\n\n\t\t\t\t\t\t\t\t\t\t\t\t<span class=\"elementor-icon-list-icon\">\n\t\t\t\t\t\t\t<svg aria-hidden=\"true\" class=\"e-font-icon-svg e-fas-chevron-right\" viewbox=\"0 0 320 512\" xmlns=\"http:\/\/www.w3.org\/2000\/svg\"><path d=\"M285.476 272.971L91.132 467.314c-9.373 9.373-24.569 9.373-33.941 0l-22.667-22.667c-9.357-9.357-9.375-24.522-.04-33.901L188.505 256 34.484 101.255c-9.335-9.379-9.317-24.544.04-33.901l22.667-22.667c9.373-9.373 24.569-9.373 33.941 0L285.475 239.03c9.373 9.372 9.373 24.568.001 33.941z\"><\/path><\/svg>\t\t\t\t\t\t<\/span>\n\t\t\t\t\t\t\t\t\t\t<span class=\"elementor-icon-list-text\">Medische consulten in Quarteira<\/span>\n\t\t\t\t\t\t\t\t\t\t\t<\/a>\n\t\t\t\t\t\t\t\t\t<\/li>\n\t\t\t\t\t\t\t\t<li class=\"elementor-icon-list-item elementor-inline-item\">\n\t\t\t\t\t\t\t\t\t\t\t<span class=\"elementor-icon-list-icon\">\n\t\t\t\t\t\t\t<svg aria-hidden=\"true\" class=\"e-font-icon-svg e-fas-chevron-right\" viewbox=\"0 0 320 512\" xmlns=\"http:\/\/www.w3.org\/2000\/svg\"><path d=\"M285.476 272.971L91.132 467.314c-9.373 9.373-24.569 9.373-33.941 0l-22.667-22.667c-9.357-9.357-9.375-24.522-.04-33.901L188.505 256 34.484 101.255c-9.335-9.379-9.317-24.544.04-33.901l22.667-22.667c9.373-9.373 24.569-9.373 33.941 0L285.475 239.03c9.373 9.372 9.373 24.568.001 33.941z\"><\/path><\/svg>\t\t\t\t\t\t<\/span>\n\t\t\t\t\t\t\t\t\t\t<span class=\"elementor-icon-list-text\">Voedingsdeskundige in Quarteira<\/span>\n\t\t\t\t\t\t\t\t\t<\/li>\n\t\t\t\t\t\t<\/ul>\n\t\t\t\t\t\t<\/div>\n\t\t\t\t\t<\/div>\n\t\t<\/div>\n\t\t\t\t\t<\/div>\n\t\t<\/section>\n\t\t\t\t<section class=\"elementor-section elementor-top-section elementor-element elementor-element-268c0903 elementor-section-boxed elementor-section-height-default elementor-section-height-default\" data-id=\"268c0903\" data-element_type=\"section\" data-e-type=\"section\" data-settings=\"{&quot;background_background&quot;:&quot;classic&quot;}\">\n\t\t\t\t\t\t\t<div class=\"elementor-background-overlay\"><\/div>\n\t\t\t\t\t\t\t<div class=\"elementor-container elementor-column-gap-default\">\n\t\t\t\t\t<div class=\"elementor-column elementor-col-50 elementor-top-column elementor-element elementor-element-7a04ee2f\" data-id=\"7a04ee2f\" data-element_type=\"column\" data-e-type=\"column\">\n\t\t\t<div class=\"elementor-widget-wrap elementor-element-populated\">\n\t\t\t\t\t\t<div class=\"elementor-element elementor-element-75d69ee4 elementor-widget-tablet__width-initial elementor-widget elementor-widget-text-editor\" data-id=\"75d69ee4\" data-element_type=\"widget\" data-e-type=\"widget\" data-widget_type=\"text-editor.default\">\n\t\t\t\t\t\t\t\t\t<p>In <strong data-start=\"865\" data-end=\"892\">Multiklinisch<\/strong>Wij bieden <strong data-start=\"905\" data-end=\"951\">consulten klinische voeding in de Algarve en Quarteira<\/strong>We helpen iedereen om zijn of haar gezondheidsdoelen te bereiken door middel van een <strong data-start=\"1025\" data-end=\"1058\">Persoonlijk dieetplan<\/strong>. Als je op zoek bent naar een voedingsconsult voor gewichtsverlies, gezonde voeding of ondersteuning bij specifieke aandoeningen zoals diabetes of intoleranties, dan staat ons team klaar om je te begeleiden met professionaliteit, nabijheid en resultaten.<\/p>\t\t\t\t\t\t\t\t<\/div>\n\t\t\t\t<div class=\"elementor-element elementor-element-3a797d4d elementor-widget-tablet__width-initial elementor-widget elementor-widget-heading\" data-id=\"3a797d4d\" data-element_type=\"widget\" data-e-type=\"widget\" data-widget_type=\"heading.default\">\n\t\t\t\t\t<h2 class=\"elementor-heading-title elementor-size-default\">Wat we bieden in onze consulten <\/h2>\t\t\t\t<\/div>\n\t\t\t\t<div class=\"elementor-element elementor-element-c5051e7 elementor-widget-tablet__width-initial elementor-widget elementor-widget-heading\" data-id=\"c5051e7\" data-element_type=\"widget\" data-e-type=\"widget\" data-widget_type=\"heading.default\">\n\t\t\t\t\t<h3 class=\"elementor-heading-title elementor-size-default\">Volledige voedingsbeoordeling<\/h3>\t\t\t\t<\/div>\n\t\t\t\t<div class=\"elementor-element elementor-element-330586d7 elementor-widget-tablet__width-initial elementor-widget elementor-widget-text-editor\" data-id=\"330586d7\" data-element_type=\"widget\" data-e-type=\"widget\" data-widget_type=\"text-editor.default\">\n\t\t\t\t\t\t\t\t\t<p>\u00a0We analyseren je medische geschiedenis, eetgewoonten, routine en doelen om een <strong>effectief dieetplan<\/strong>. A <strong>klinische voeding<\/strong> begint met een grondige en individuele diagnose.<\/p>\t\t\t\t\t\t\t\t<\/div>\n\t\t\t\t<div class=\"elementor-element elementor-element-4267d29 elementor-widget-tablet__width-initial elementor-widget elementor-widget-heading\" data-id=\"4267d29\" data-element_type=\"widget\" data-e-type=\"widget\" data-widget_type=\"heading.default\">\n\t\t\t\t\t<h3 class=\"elementor-heading-title elementor-size-default\">Gespecialiseerd advies<\/h3>\t\t\t\t<\/div>\n\t\t\t\t<div class=\"elementor-element elementor-element-4e7fc80 elementor-widget-tablet__width-initial elementor-widget elementor-widget-text-editor\" data-id=\"4e7fc80\" data-element_type=\"widget\" data-e-type=\"widget\" data-widget_type=\"text-editor.default\">\n\t\t\t\t\t\t\t\t\t<p>We behandelen zaken zoals <strong>diabetes, hypertensie, spijsverteringsstoornissen en voedselintoleranties<\/strong>. Ons team is voorbereid op specifieke dieetwensen.<\/p>\t\t\t\t\t\t\t\t<\/div>\n\t\t\t\t<div class=\"elementor-element elementor-element-09d2a71 elementor-widget-tablet__width-initial elementor-widget elementor-widget-heading\" data-id=\"09d2a71\" data-element_type=\"widget\" data-e-type=\"widget\" data-widget_type=\"heading.default\">\n\t\t\t\t\t<h3 class=\"elementor-heading-title elementor-size-default\">Follow-up en motivatie<\/h3>\t\t\t\t<\/div>\n\t\t\t\t<div class=\"elementor-element elementor-element-dbfe6bf elementor-widget-tablet__width-initial elementor-widget elementor-widget-text-editor\" data-id=\"dbfe6bf\" data-element_type=\"widget\" data-e-type=\"widget\" data-widget_type=\"text-editor.default\">\n\t\t\t\t\t\t\t\t\t<p>We volgen je vooruitgang en passen het dieetplan aan waar nodig. Voortdurende follow-up is de sleutel tot blijvende resultaten.<\/p>\t\t\t\t\t\t\t\t<\/div>\n\t\t\t\t<div class=\"elementor-element elementor-element-2169f4d elementor-widget-tablet__width-initial elementor-widget elementor-widget-heading\" data-id=\"2169f4d\" data-element_type=\"widget\" data-e-type=\"widget\" data-widget_type=\"heading.default\">\n\t\t\t\t\t<h3 class=\"elementor-heading-title elementor-size-default\">Follow-up en motivatie<\/h3>\t\t\t\t<\/div>\n\t\t\t\t<div class=\"elementor-element elementor-element-2c22d40 elementor-widget-tablet__width-initial elementor-widget elementor-widget-text-editor\" data-id=\"2c22d40\" data-element_type=\"widget\" data-e-type=\"widget\" data-widget_type=\"text-editor.default\">\n\t\t\t\t\t\t\t\t\t<p>We leggen de grondbeginselen uit van <strong>gezond eten<\/strong> zodat je weloverwogen beslissingen kunt nemen. Wij geloven dat kennis essentieel is om gewoonten met vertrouwen te veranderen.<\/p>\t\t\t\t\t\t\t\t<\/div>\n\t\t\t\t<div class=\"elementor-element elementor-element-c248f9b elementor-widget-tablet__width-initial elementor-widget elementor-widget-heading\" data-id=\"c248f9b\" data-element_type=\"widget\" data-e-type=\"widget\" data-widget_type=\"heading.default\">\n\t\t\t\t\t<h3 class=\"elementor-heading-title elementor-size-default\">Persoonlijke maaltijdplannen<\/h3>\t\t\t\t<\/div>\n\t\t\t\t<div class=\"elementor-element elementor-element-58d5aa6 elementor-widget-tablet__width-initial elementor-widget elementor-widget-text-editor\" data-id=\"58d5aa6\" data-element_type=\"widget\" data-e-type=\"widget\" data-widget_type=\"text-editor.default\">\n\t\t\t\t\t\t\t\t\t<p>\u00a0We passen de plannen aan jouw doelen aan: <strong>gewicht verliezen, spiermassa winnen<\/strong> of gewoon je gezondheid verbeteren. Allemaal gebaseerd op bewijs en zonder extreme di\u00ebten.<\/p>\t\t\t\t\t\t\t\t<\/div>\n\t\t\t\t<div class=\"elementor-element elementor-element-7725d69 elementor-widget-tablet__width-initial elementor-widget elementor-widget-heading\" data-id=\"7725d69\" data-element_type=\"widget\" data-e-type=\"widget\" data-widget_type=\"heading.default\">\n\t\t\t\t\t<h2 class=\"elementor-heading-title elementor-size-default\">Waarom kiezen voor Multicl\u00ednica do Algarve?<\/h2>\t\t\t\t<\/div>\n\t\t\t\t<div class=\"elementor-element elementor-element-fb9681a elementor-widget-tablet__width-initial elementor-widget elementor-widget-text-editor\" data-id=\"fb9681a\" data-element_type=\"widget\" data-e-type=\"widget\" data-widget_type=\"text-editor.default\">\n\t\t\t\t\t\t\t\t\t<ul data-start=\"2480\" data-end=\"2747\"><li data-start=\"2480\" data-end=\"2524\"><p data-start=\"2482\" data-end=\"2524\"><strong data-start=\"2482\" data-end=\"2524\">Gediplomeerde voedingsdeskundigen in de Algarve<\/strong><\/p><\/li><li data-start=\"2525\" data-end=\"2565\"><p data-start=\"2527\" data-end=\"2565\"><strong data-start=\"2527\" data-end=\"2565\">Nauwe en motiverende ondersteuning<\/strong><\/p><\/li><li data-start=\"2566\" data-end=\"2609\"><p data-start=\"2568\" data-end=\"2609\"><strong data-start=\"2568\" data-end=\"2609\">Plannen aangepast aan jouw routine en gezondheid<\/strong><\/p><\/li><li data-start=\"2610\" data-end=\"2650\"><p data-start=\"2612\" data-end=\"2650\"><strong data-start=\"2612\" data-end=\"2650\">Holistische benadering: lichaam en geest<\/strong><\/p><\/li><li data-start=\"2651\" data-end=\"2696\"><p data-start=\"2653\" data-end=\"2696\"><strong data-start=\"2653\" data-end=\"2696\">Focus op echte en duurzame resultaten<\/strong><\/p><\/li><li data-start=\"2697\" data-end=\"2747\"><p data-start=\"2699\" data-end=\"2747\"><strong data-start=\"2699\" data-end=\"2747\">Snel een afspraak maken in Quarteira<\/strong><\/p><\/li><\/ul>\t\t\t\t\t\t\t\t<\/div>\n\t\t\t\t\t<\/div>\n\t\t<\/div>\n\t\t\t\t<div class=\"elementor-column elementor-col-50 elementor-top-column elementor-element elementor-element-68b95a6\" data-id=\"68b95a6\" data-element_type=\"column\" data-e-type=\"column\">\n\t\t\t<div class=\"elementor-widget-wrap elementor-element-populated\">\n\t\t\t\t<div class=\"elementor-element elementor-element-6add7d28 e-grid e-con-boxed e-con e-parent\" data-id=\"6add7d28\" data-element_type=\"container\" data-e-type=\"container\">\n\t\t\t\t\t<div class=\"e-con-inner\">\n\t\t\t\t<div class=\"elementor-element elementor-element-a2eb9cf elementor-widget elementor-widget-image\" data-id=\"a2eb9cf\" data-element_type=\"widget\" data-e-type=\"widget\" data-widget_type=\"image.default\">\n\t\t\t\t\t\t\t\t\t\t\t\t\t\t\t<img fetchpriority=\"high\" decoding=\"async\" width=\"800\" height=\"800\" src=\"https:\/\/multiclinicadoalgarve.com\/wp-content\/uploads\/2025\/07\/Consulta-com-nutricionista-em-Quarteira.webp\" class=\"attachment-large size-large wp-image-864\" alt=\"Voedingsdeskundige begeleidt pati\u00ebnt tijdens klinisch voedingsconsult in Multicl\u00ednica do Algarve\" srcset=\"https:\/\/multiclinicadoalgarve.com\/wp-content\/uploads\/2025\/07\/Consulta-com-nutricionista-em-Quarteira.webp 1024w, https:\/\/multiclinicadoalgarve.com\/wp-content\/uploads\/2025\/07\/Consulta-com-nutricionista-em-Quarteira-300x300.webp 300w, https:\/\/multiclinicadoalgarve.com\/wp-content\/uploads\/2025\/07\/Consulta-com-nutricionista-em-Quarteira-150x150.webp 150w, https:\/\/multiclinicadoalgarve.com\/wp-content\/uploads\/2025\/07\/Consulta-com-nutricionista-em-Quarteira-768x768.webp 768w, https:\/\/multiclinicadoalgarve.com\/wp-content\/uploads\/2025\/07\/Consulta-com-nutricionista-em-Quarteira-700x700.webp 700w, https:\/\/multiclinicadoalgarve.com\/wp-content\/uploads\/2025\/07\/Consulta-com-nutricionista-em-Quarteira-800x800.webp 800w, https:\/\/multiclinicadoalgarve.com\/wp-content\/uploads\/2025\/07\/Consulta-com-nutricionista-em-Quarteira-500x500.webp 500w\" sizes=\"(max-width: 800px) 100vw, 800px\" \/>\t\t\t\t\t\t\t\t\t\t\t\t\t\t\t<\/div>\n\t\t\t\t<div class=\"elementor-element elementor-element-599dc151 elementor-widget elementor-widget-image\" data-id=\"599dc151\" data-element_type=\"widget\" data-e-type=\"widget\" data-widget_type=\"image.default\">\n\t\t\t\t\t\t\t\t\t\t\t\t\t\t\t<img decoding=\"async\" width=\"800\" height=\"800\" src=\"https:\/\/multiclinicadoalgarve.com\/wp-content\/uploads\/2025\/07\/Plano-alimentar-personalizado-com-nutricionista.webp\" class=\"attachment-large size-large wp-image-866\" alt=\"Voedingsdeskundige legt individueel dieetplan uit bij Multicl\u00ednica do Algarve\" srcset=\"https:\/\/multiclinicadoalgarve.com\/wp-content\/uploads\/2025\/07\/Plano-alimentar-personalizado-com-nutricionista.webp 1024w, https:\/\/multiclinicadoalgarve.com\/wp-content\/uploads\/2025\/07\/Plano-alimentar-personalizado-com-nutricionista-300x300.webp 300w, https:\/\/multiclinicadoalgarve.com\/wp-content\/uploads\/2025\/07\/Plano-alimentar-personalizado-com-nutricionista-150x150.webp 150w, https:\/\/multiclinicadoalgarve.com\/wp-content\/uploads\/2025\/07\/Plano-alimentar-personalizado-com-nutricionista-768x768.webp 768w, https:\/\/multiclinicadoalgarve.com\/wp-content\/uploads\/2025\/07\/Plano-alimentar-personalizado-com-nutricionista-700x700.webp 700w, https:\/\/multiclinicadoalgarve.com\/wp-content\/uploads\/2025\/07\/Plano-alimentar-personalizado-com-nutricionista-800x800.webp 800w, https:\/\/multiclinicadoalgarve.com\/wp-content\/uploads\/2025\/07\/Plano-alimentar-personalizado-com-nutricionista-500x500.webp 500w, https:\/\/multiclinicadoalgarve.com\/wp-content\/uploads\/2025\/07\/elementor\/thumbs\/Plano-alimentar-personalizado-com-nutricionista-r9ahskntdhn0xqusme76s6gtrdxxh7twxswiwmxvhc.webp 400w\" sizes=\"(max-width: 800px) 100vw, 800px\" \/>\t\t\t\t\t\t\t\t\t\t\t\t\t\t\t<\/div>\n\t\t\t\t<div class=\"elementor-element elementor-element-339ce290 elementor-widget elementor-widget-image\" data-id=\"339ce290\" data-element_type=\"widget\" data-e-type=\"widget\" data-widget_type=\"image.default\">\n\t\t\t\t\t\t\t\t\t\t\t\t\t\t\t<img decoding=\"async\" width=\"800\" height=\"800\" src=\"https:\/\/multiclinicadoalgarve.com\/wp-content\/uploads\/2025\/07\/Nutricao-para-familias-em-Quarteira.webp\" class=\"attachment-large size-large wp-image-865\" alt=\"Voedingsconsult voor gezinnen met gezonde richtlijnen bij Multicl\u00ednica do Algarve\" srcset=\"https:\/\/multiclinicadoalgarve.com\/wp-content\/uploads\/2025\/07\/Nutricao-para-familias-em-Quarteira.webp 1024w, https:\/\/multiclinicadoalgarve.com\/wp-content\/uploads\/2025\/07\/Nutricao-para-familias-em-Quarteira-300x300.webp 300w, https:\/\/multiclinicadoalgarve.com\/wp-content\/uploads\/2025\/07\/Nutricao-para-familias-em-Quarteira-150x150.webp 150w, https:\/\/multiclinicadoalgarve.com\/wp-content\/uploads\/2025\/07\/Nutricao-para-familias-em-Quarteira-768x768.webp 768w, https:\/\/multiclinicadoalgarve.com\/wp-content\/uploads\/2025\/07\/Nutricao-para-familias-em-Quarteira-700x700.webp 700w, https:\/\/multiclinicadoalgarve.com\/wp-content\/uploads\/2025\/07\/Nutricao-para-familias-em-Quarteira-800x800.webp 800w, https:\/\/multiclinicadoalgarve.com\/wp-content\/uploads\/2025\/07\/Nutricao-para-familias-em-Quarteira-500x500.webp 500w\" sizes=\"(max-width: 800px) 100vw, 800px\" \/>\t\t\t\t\t\t\t\t\t\t\t\t\t\t\t<\/div>\n\t\t\t\t<div class=\"elementor-element elementor-element-efe31dc elementor-widget elementor-widget-image\" data-id=\"efe31dc\" data-element_type=\"widget\" data-e-type=\"widget\" data-widget_type=\"image.default\">\n\t\t\t\t\t\t\t\t\t\t\t\t\t\t\t<img loading=\"lazy\" decoding=\"async\" width=\"800\" height=\"800\" src=\"https:\/\/multiclinicadoalgarve.com\/wp-content\/uploads\/2025\/07\/Avaliacao-nutricional-com-especialista-em-Quarteira.webp\" class=\"attachment-large size-large wp-image-863\" alt=\"Voedingsdeskundige voert een gewichtsbepaling uit tijdens een voedingsconsult bij Multicl\u00ednica do Algarve. Klinische voeding in de Algarve\" srcset=\"https:\/\/multiclinicadoalgarve.com\/wp-content\/uploads\/2025\/07\/Avaliacao-nutricional-com-especialista-em-Quarteira.webp 1024w, https:\/\/multiclinicadoalgarve.com\/wp-content\/uploads\/2025\/07\/Avaliacao-nutricional-com-especialista-em-Quarteira-300x300.webp 300w, https:\/\/multiclinicadoalgarve.com\/wp-content\/uploads\/2025\/07\/Avaliacao-nutricional-com-especialista-em-Quarteira-150x150.webp 150w, https:\/\/multiclinicadoalgarve.com\/wp-content\/uploads\/2025\/07\/Avaliacao-nutricional-com-especialista-em-Quarteira-768x768.webp 768w, https:\/\/multiclinicadoalgarve.com\/wp-content\/uploads\/2025\/07\/Avaliacao-nutricional-com-especialista-em-Quarteira-700x700.webp 700w, https:\/\/multiclinicadoalgarve.com\/wp-content\/uploads\/2025\/07\/Avaliacao-nutricional-com-especialista-em-Quarteira-800x800.webp 800w, https:\/\/multiclinicadoalgarve.com\/wp-content\/uploads\/2025\/07\/Avaliacao-nutricional-com-especialista-em-Quarteira-500x500.webp 500w\" sizes=\"(max-width: 800px) 100vw, 800px\" \/>\t\t\t\t\t\t\t\t\t\t\t\t\t\t\t<\/div>\n\t\t\t\t<div class=\"elementor-element elementor-element-543e6b00 elementor-align-center elementor-mobile-align-center elementor-widget elementor-widget-button\" data-id=\"543e6b00\" data-element_type=\"widget\" data-e-type=\"widget\" data-widget_type=\"button.default\">\n\t\t\t\t\t\t\t\t\t\t<a class=\"elementor-button elementor-button-link elementor-size-lg elementor-animation-float\" href=\"https:\/\/multiclinicadoalgarve.com\/marcacao-de-consultas-quarteira\/?area=medica\">\n\t\t\t\t\t\t<span class=\"elementor-button-content-wrapper\">\n\t\t\t\t\t\t\t\t\t<span class=\"elementor-button-text\">Afspraak maken<\/span>\n\t\t\t\t\t<\/span>\n\t\t\t\t\t<\/a>\n\t\t\t\t\t\t\t\t<\/div>\n\t\t\t\t\t<\/div>\n\t\t\t\t<\/div>\n\t\t\t\t\t<\/div>\n\t\t<\/div>\n\t\t\t\t\t<\/div>\n\t\t<\/section>\n\t\t<div class=\"elementor-element elementor-element-57607d12 e-flex e-con-boxed e-con e-parent\" data-id=\"57607d12\" data-element_type=\"container\" data-e-type=\"container\" data-settings=\"{&quot;background_background&quot;:&quot;gradient&quot;}\">\n\t\t\t\t\t<div class=\"e-con-inner\">\n\t\t\t\t<div class=\"elementor-element elementor-element-430c3572 elementor-widget elementor-widget-text-editor\" data-id=\"430c3572\" data-element_type=\"widget\" data-e-type=\"widget\" data-widget_type=\"text-editor.default\">\n\t\t\t\t\t\t\t\t\t<p>In <strong>Algarve Kliniek<\/strong>Wij geloven dat een uitgebalanceerd dieet essentieel is voor een volwaardig en gezond leven. Of het nu je doel is <strong>gewicht verliezen<\/strong>, <strong>omgaan met een gezondheidstoestand<\/strong> of gewoon <strong>je eetgewoonten verbeteren<\/strong>Onze <strong>voedingsdeskundigen in Quarteira<\/strong> staan klaar om je te ondersteunen met een persoonlijk en effectief plan. We werken in lijn met de <a href=\"https:\/\/nutrimento.pt\/\" target=\"_blank\" rel=\"noopener\">Nationaal programma voor de bevordering van gezonde voeding (PNPAS)<\/a> van het directoraat-generaal Gezondheid, dat kwaliteit en vertrouwen garandeert bij elke raadpleging.<\/p>\t\t\t\t\t\t\t\t<\/div>\n\t\t\t\t<div class=\"elementor-element elementor-element-a44c1ee elementor-widget elementor-widget-text-editor\" data-id=\"a44c1ee\" data-element_type=\"widget\" data-e-type=\"widget\" data-widget_type=\"text-editor.default\">\n\t\t\t\t\t\t\t\t\t<p data-start=\"150\" data-end=\"718\"><strong data-start=\"723\" data-end=\"823\">Maak vandaag nog een afspraak en zet de eerste stap naar een betere gezondheid met de juiste ondersteuning.<\/strong><\/p>\t\t\t\t\t\t\t\t<\/div>\n\t\t\t\t\t<\/div>\n\t\t\t\t<\/div>\n\t\t<div class=\"elementor-element elementor-element-13ce4ecc e-flex e-con-boxed e-con e-parent\" data-id=\"13ce4ecc\" data-element_type=\"container\" data-e-type=\"container\">\n\t\t\t\t\t<div class=\"e-con-inner\">\n\t\t<div class=\"elementor-element elementor-element-3d51aa12 e-flex e-con-boxed e-con e-child\" data-id=\"3d51aa12\" data-element_type=\"container\" data-e-type=\"container\" data-settings=\"{&quot;background_background&quot;:&quot;gradient&quot;}\">\n\t\t\t\t\t<div class=\"e-con-inner\">\n\t\t\t\t<div class=\"elementor-element elementor-element-4d60c326 elementor-widget elementor-widget-heading\" data-id=\"4d60c326\" data-element_type=\"widget\" data-e-type=\"widget\" data-widget_type=\"heading.default\">\n\t\t\t\t\t<h2 class=\"elementor-heading-title elementor-size-default\">Maak vandaag nog een afspraak met onze voedingsdeskundige<\/h2>\t\t\t\t<\/div>\n\t\t\t\t<div class=\"elementor-element elementor-element-498413c0 elementor-widget elementor-widget-text-editor\" data-id=\"498413c0\" data-element_type=\"widget\" data-e-type=\"widget\" data-widget_type=\"text-editor.default\">\n\t\t\t\t\t\t\t\t\t<p>We zijn gevestigd in Quarteira en bedienen pati\u00ebnten uit de hele Algarve. U kunt uw afspraak snel en veilig online boeken. We werken met een focus op je welzijn, met respect voor je individualiteit.<\/p>\t\t\t\t\t\t\t\t<\/div>\n\t\t\t\t<div class=\"elementor-element elementor-element-628257f8 elementor-align-center elementor-mobile-align-center elementor-widget elementor-widget-button\" data-id=\"628257f8\" data-element_type=\"widget\" data-e-type=\"widget\" data-widget_type=\"button.default\">\n\t\t\t\t\t\t\t\t\t\t<a class=\"elementor-button elementor-button-link elementor-size-lg elementor-animation-float\" href=\"https:\/\/multiclinicadoalgarve.com\/marcacao-de-consultas-quarteira\/?area=medica\">\n\t\t\t\t\t\t<span class=\"elementor-button-content-wrapper\">\n\t\t\t\t\t\t\t\t\t<span class=\"elementor-button-text\">Afspraak maken<\/span>\n\t\t\t\t\t<\/span>\n\t\t\t\t\t<\/a>\n\t\t\t\t\t\t\t\t<\/div>\n\t\t\t\t\t<\/div>\n\t\t\t\t<\/div>\n\t\t\t\t\t<\/div>\n\t\t\t\t<\/div>\n\t\t\t\t<\/div>","protected":false},"excerpt":{"rendered":"<p>Nutricionista em Quarteira \u2013 Consulta de Nutri\u00e7\u00e3o Cl\u00ednica Personalizada Home Consultas M\u00e9dicas em Quarteira Nutricionista em Quarteira Na Multicl\u00ednica, oferecemos consultas de nutri\u00e7\u00e3o cl\u00ednica no Algarve e Quarteira, ajudando cada pessoa a atingir os seus objetivos de sa\u00fade atrav\u00e9s de um plano alimentar personalizado. Se procura consulta de nutricionismo para emagrecimento, alimenta\u00e7\u00e3o saud\u00e1vel, ou apoio [&hellip;]<\/p>\n","protected":false},"author":1,"featured_media":0,"parent":0,"menu_order":0,"comment_status":"closed","ping_status":"closed","template":"elementor_header_footer","meta":{"footnotes":""},"class_list":["post-843","page","type-page","status-publish","hentry"],"_links":{"self":[{"href":"https:\/\/multiclinicadoalgarve.com\/nl\/wp-json\/wp\/v2\/pages\/843","targetHints":{"allow":["GET"]}}],"collection":[{"href":"https:\/\/multiclinicadoalgarve.com\/nl\/wp-json\/wp\/v2\/pages"}],"about":[{"href":"https:\/\/multiclinicadoalgarve.com\/nl\/wp-json\/wp\/v2\/types\/page"}],"author":[{"embeddable":true,"href":"https:\/\/multiclinicadoalgarve.com\/nl\/wp-json\/wp\/v2\/users\/1"}],"replies":[{"embeddable":true,"href":"https:\/\/multiclinicadoalgarve.com\/nl\/wp-json\/wp\/v2\/comments?post=843"}],"version-history":[{"count":0,"href":"https:\/\/multiclinicadoalgarve.com\/nl\/wp-json\/wp\/v2\/pages\/843\/revisions"}],"wp:attachment":[{"href":"https:\/\/multiclinicadoalgarve.com\/nl\/wp-json\/wp\/v2\/media?parent=843"}],"curies":[{"name":"wp","href":"https:\/\/api.w.org\/{rel}","templated":true}]}}