{"id":877,"date":"2025-07-26T17:38:43","date_gmt":"2025-07-26T17:38:43","guid":{"rendered":"https:\/\/multiclinicadoalgarve.com\/?page_id=877"},"modified":"2026-01-08T22:55:02","modified_gmt":"2026-01-08T22:55:02","slug":"psicologo-infantil","status":"publish","type":"page","link":"https:\/\/multiclinicadoalgarve.com\/psicologo-infantil\/","title":{"rendered":"Psicologia Cl\u00ednica da Crian\u00e7a e do Adolescente em Quarteira"},"content":{"rendered":"\t\t<div data-elementor-type=\"wp-page\" data-elementor-id=\"877\" class=\"elementor elementor-877\" data-elementor-post-type=\"page\">\n\t\t\t\t\t\t<section class=\"elementor-section elementor-top-section elementor-element elementor-element-3f6f15c4 elementor-section-boxed elementor-section-height-default elementor-section-height-default\" data-id=\"3f6f15c4\" data-element_type=\"section\" data-e-type=\"section\" data-settings=\"{&quot;background_background&quot;:&quot;gradient&quot;}\">\n\t\t\t\t\t\t\t<div class=\"elementor-background-overlay\"><\/div>\n\t\t\t\t\t\t\t<div class=\"elementor-container elementor-column-gap-default\">\n\t\t\t\t\t<div class=\"elementor-column elementor-col-100 elementor-top-column elementor-element elementor-element-bdfc6a6\" data-id=\"bdfc6a6\" data-element_type=\"column\" data-e-type=\"column\">\n\t\t\t<div class=\"elementor-widget-wrap elementor-element-populated\">\n\t\t\t\t\t\t<div class=\"elementor-element elementor-element-52f04338 elementor-widget elementor-widget-heading\" data-id=\"52f04338\" data-element_type=\"widget\" data-e-type=\"widget\" data-widget_type=\"heading.default\">\n\t\t\t\t\t<h1 class=\"elementor-heading-title elementor-size-default\">Psic\u00f3logo Infantil em Quarteira<\/h1>\t\t\t\t<\/div>\n\t\t\t\t<div class=\"elementor-element elementor-element-f4f2fdc elementor-icon-list--layout-inline elementor-align-center elementor-list-item-link-full_width elementor-widget elementor-widget-icon-list\" data-id=\"f4f2fdc\" data-element_type=\"widget\" data-e-type=\"widget\" data-widget_type=\"icon-list.default\">\n\t\t\t\t\t\t\t<ul class=\"elementor-icon-list-items elementor-inline-items\">\n\t\t\t\t\t\t\t<li class=\"elementor-icon-list-item elementor-inline-item\">\n\t\t\t\t\t\t\t\t\t\t\t<a href=\"https:\/\/multiclinicadoalgarve.com\/\">\n\n\t\t\t\t\t\t\t\t\t\t\t\t<span class=\"elementor-icon-list-icon\">\n\t\t\t\t\t\t\t<i aria-hidden=\"true\" class=\"icon icon-home\"><\/i>\t\t\t\t\t\t<\/span>\n\t\t\t\t\t\t\t\t\t\t<span class=\"elementor-icon-list-text\">Home<\/span>\n\t\t\t\t\t\t\t\t\t\t\t<\/a>\n\t\t\t\t\t\t\t\t\t<\/li>\n\t\t\t\t\t\t\t\t<li class=\"elementor-icon-list-item elementor-inline-item\">\n\t\t\t\t\t\t\t\t\t\t\t<a href=\"https:\/\/multiclinicadoalgarve.com\/pt_pt\/consultas-medicas-em-quarteira\/\">\n\n\t\t\t\t\t\t\t\t\t\t\t\t<span class=\"elementor-icon-list-icon\">\n\t\t\t\t\t\t\t<svg aria-hidden=\"true\" class=\"e-font-icon-svg e-fas-chevron-right\" viewBox=\"0 0 320 512\" xmlns=\"http:\/\/www.w3.org\/2000\/svg\"><path d=\"M285.476 272.971L91.132 467.314c-9.373 9.373-24.569 9.373-33.941 0l-22.667-22.667c-9.357-9.357-9.375-24.522-.04-33.901L188.505 256 34.484 101.255c-9.335-9.379-9.317-24.544.04-33.901l22.667-22.667c9.373-9.373 24.569-9.373 33.941 0L285.475 239.03c9.373 9.372 9.373 24.568.001 33.941z\"><\/path><\/svg>\t\t\t\t\t\t<\/span>\n\t\t\t\t\t\t\t\t\t\t<span class=\"elementor-icon-list-text\">Consultas M\u00e9dicas em Quarteira<\/span>\n\t\t\t\t\t\t\t\t\t\t\t<\/a>\n\t\t\t\t\t\t\t\t\t<\/li>\n\t\t\t\t\t\t\t\t<li class=\"elementor-icon-list-item elementor-inline-item\">\n\t\t\t\t\t\t\t\t\t\t\t<span class=\"elementor-icon-list-icon\">\n\t\t\t\t\t\t\t<svg aria-hidden=\"true\" class=\"e-font-icon-svg e-fas-chevron-right\" viewBox=\"0 0 320 512\" xmlns=\"http:\/\/www.w3.org\/2000\/svg\"><path d=\"M285.476 272.971L91.132 467.314c-9.373 9.373-24.569 9.373-33.941 0l-22.667-22.667c-9.357-9.357-9.375-24.522-.04-33.901L188.505 256 34.484 101.255c-9.335-9.379-9.317-24.544.04-33.901l22.667-22.667c9.373-9.373 24.569-9.373 33.941 0L285.475 239.03c9.373 9.372 9.373 24.568.001 33.941z\"><\/path><\/svg>\t\t\t\t\t\t<\/span>\n\t\t\t\t\t\t\t\t\t\t<span class=\"elementor-icon-list-text\">Psicologia Infantil e do Adolescente em Quarteira<\/span>\n\t\t\t\t\t\t\t\t\t<\/li>\n\t\t\t\t\t\t<\/ul>\n\t\t\t\t\t\t<\/div>\n\t\t\t\t\t<\/div>\n\t\t<\/div>\n\t\t\t\t\t<\/div>\n\t\t<\/section>\n\t\t\t\t<section class=\"elementor-section elementor-top-section elementor-element elementor-element-6c9e676f elementor-section-boxed elementor-section-height-default elementor-section-height-default\" data-id=\"6c9e676f\" data-element_type=\"section\" data-e-type=\"section\" data-settings=\"{&quot;background_background&quot;:&quot;classic&quot;}\">\n\t\t\t\t\t\t\t<div class=\"elementor-background-overlay\"><\/div>\n\t\t\t\t\t\t\t<div class=\"elementor-container elementor-column-gap-default\">\n\t\t\t\t\t<div class=\"elementor-column elementor-col-50 elementor-top-column elementor-element elementor-element-61e5405d\" data-id=\"61e5405d\" data-element_type=\"column\" data-e-type=\"column\">\n\t\t\t<div class=\"elementor-widget-wrap elementor-element-populated\">\n\t\t\t\t\t\t<div class=\"elementor-element elementor-element-79d8fb08 elementor-widget-tablet__width-initial elementor-widget elementor-widget-text-editor\" data-id=\"79d8fb08\" data-element_type=\"widget\" data-e-type=\"widget\" data-widget_type=\"text-editor.default\">\n\t\t\t\t\t\t\t\t\t<p data-start=\"838\" data-end=\"1182\">Na <strong data-start=\"841\" data-end=\"868\">Multicl\u00ednica do Algarve<\/strong>, oferecemos atendimento especializado em <strong data-start=\"910\" data-end=\"933\">psicologia infantil<\/strong> e do adolescente, focado no bem-estar emocional e comportamental de crian\u00e7as e jovens. Nossa equipa de psic\u00f3logos avalia e acompanha casos de <strong data-start=\"1076\" data-end=\"1181\">ansiedade, depress\u00e3o, dificuldades de aprendizagem, traumas, problemas de relacionamento e muito mais<\/strong>.<\/p><p data-start=\"1184\" data-end=\"1463\">A <strong data-start=\"1186\" data-end=\"1236\">Psicologia Cl\u00ednica da Crian\u00e7a e do Adolescente<\/strong> \u00e9 uma \u00e1rea fundamental para o desenvolvimento saud\u00e1vel dos mais novos. Aqui, ajudamos fam\u00edlias a identificar e tratar quest\u00f5es emocionais desde a inf\u00e2ncia at\u00e9 \u00e0 adolesc\u00eancia, com planos personalizados e acompanhamento pr\u00f3ximo.<\/p>\t\t\t\t\t\t\t\t<\/div>\n\t\t\t\t<div class=\"elementor-element elementor-element-5acf9862 elementor-widget-tablet__width-initial elementor-widget elementor-widget-heading\" data-id=\"5acf9862\" data-element_type=\"widget\" data-e-type=\"widget\" data-widget_type=\"heading.default\">\n\t\t\t\t\t<h2 class=\"elementor-heading-title elementor-size-default\">O que tratamos nas consultas ?<\/h2>\t\t\t\t<\/div>\n\t\t\t\t<div class=\"elementor-element elementor-element-1733f024 elementor-widget-tablet__width-initial elementor-widget elementor-widget-text-editor\" data-id=\"1733f024\" data-element_type=\"widget\" data-e-type=\"widget\" data-widget_type=\"text-editor.default\">\n\t\t\t\t\t\t\t\t\t<p data-start=\"2011\" data-end=\"2100\">Durante a consulta com o <strong data-start=\"2036\" data-end=\"2058\">psic\u00f3logo infantil<\/strong>, avaliamos e intervimos em quest\u00f5es como:<\/p><ul data-start=\"2102\" data-end=\"2339\"><li data-start=\"2102\" data-end=\"2132\"><p data-start=\"2104\" data-end=\"2132\"><strong data-start=\"2104\" data-end=\"2130\">Ansiedade e depress\u00e3o.<\/strong><\/p><\/li><li data-start=\"2133\" data-end=\"2198\"><p data-start=\"2135\" data-end=\"2198\"><strong data-start=\"2135\" data-end=\"2196\">Transtorno do D\u00e9ficit de Aten\u00e7\u00e3o e Hiperatividade (TDAH).<\/strong><\/p><\/li><li data-start=\"2199\" data-end=\"2244\"><p data-start=\"2201\" data-end=\"2244\"><strong data-start=\"2201\" data-end=\"2242\">Transtorno do Espectro Autista (TEA).<\/strong><\/p><\/li><li data-start=\"2245\" data-end=\"2305\"><p data-start=\"2247\" data-end=\"2305\"><strong data-start=\"2247\" data-end=\"2303\">Dificuldades escolares e problemas de comportamento.<\/strong><\/p><\/li><li data-start=\"2306\" data-end=\"2339\"><p data-start=\"2308\" data-end=\"2339\"><strong data-start=\"2308\" data-end=\"2339\">Traumas e eventos dif\u00edceis.<\/strong><\/p><\/li><\/ul><p data-start=\"2341\" data-end=\"2459\">O objetivo \u00e9 sempre oferecer um espa\u00e7o seguro e acolhedor onde a crian\u00e7a ou adolescente possa expressar-se livremente.<\/p>\t\t\t\t\t\t\t\t<\/div>\n\t\t\t\t<div class=\"elementor-element elementor-element-3b4cbc85 elementor-widget-tablet__width-initial elementor-widget elementor-widget-heading\" data-id=\"3b4cbc85\" data-element_type=\"widget\" data-e-type=\"widget\" data-widget_type=\"heading.default\">\n\t\t\t\t\t<h2 class=\"elementor-heading-title elementor-size-default\">Servi\u00e7os dispon\u00edveis na Multicl\u00ednica <\/h2>\t\t\t\t<\/div>\n\t\t\t\t<div class=\"elementor-element elementor-element-4b2b2a1e elementor-widget-tablet__width-initial elementor-widget elementor-widget-text-editor\" data-id=\"4b2b2a1e\" data-element_type=\"widget\" data-e-type=\"widget\" data-widget_type=\"text-editor.default\">\n\t\t\t\t\t\t\t\t\t<p data-start=\"2519\" data-end=\"2593\">A nossa consulta de Psicologia Cl\u00ednica da Crian\u00e7a e do Adolescente inclui:<\/p><p data-start=\"2597\" data-end=\"2655\">\u2705 Acompanhamento psicol\u00f3gico da crian\u00e7a e do adolescente<\/p><p data-start=\"2658\" data-end=\"2692\">\u2705 Acompanhamento psicopedag\u00f3gico<\/p><p data-start=\"2695\" data-end=\"2734\">\u2705 Aconselhamento psicol\u00f3gico parental<\/p><p data-start=\"2737\" data-end=\"2783\">\u2705 Avalia\u00e7\u00e3o psicol\u00f3gica e do desenvolvimento<\/p><p data-start=\"2786\" data-end=\"2814\">\u2705 Consulta do sono do beb\u00e9<\/p><p data-start=\"2817\" data-end=\"2852\">\u2705 Orienta\u00e7\u00e3o escolar e profissional<\/p><p data-start=\"2854\" data-end=\"2949\">A atua\u00e7\u00e3o conjunta com os pais \u00e9 essencial para garantir resultados mais eficazes e duradouros.<\/p>\t\t\t\t\t\t\t\t<\/div>\n\t\t\t\t<div class=\"elementor-element elementor-element-1fc6c04e elementor-widget-tablet__width-initial elementor-widget elementor-widget-heading\" data-id=\"1fc6c04e\" data-element_type=\"widget\" data-e-type=\"widget\" data-widget_type=\"heading.default\">\n\t\t\t\t\t<h2 class=\"elementor-heading-title elementor-size-default\">Psicologia infantil com aten\u00e7\u00e3o e empatia<\/h2>\t\t\t\t<\/div>\n\t\t\t\t<div class=\"elementor-element elementor-element-387c5203 elementor-widget-tablet__width-initial elementor-widget elementor-widget-text-editor\" data-id=\"387c5203\" data-element_type=\"widget\" data-e-type=\"widget\" data-widget_type=\"text-editor.default\">\n\t\t\t\t\t\t\t\t\t<p>Trabalhamos com um modelo centrado na crian\u00e7a, respeitando as suas fases de desenvolvimento, e com forte envolvimento dos pais e cuidadores. Nosso objetivo \u00e9 <strong data-start=\"3161\" data-end=\"3204\">promover o bem-estar mental e emocional<\/strong> dos mais novos, ajudando-os a superar desafios e a desenvolver compet\u00eancias socioemocionais.<\/p>\t\t\t\t\t\t\t\t<\/div>\n\t\t\t\t<div class=\"elementor-element elementor-element-0188a5e elementor-widget-tablet__width-initial elementor-widget elementor-widget-heading\" data-id=\"0188a5e\" data-element_type=\"widget\" data-e-type=\"widget\" data-widget_type=\"heading.default\">\n\t\t\t\t\t<h2 class=\"elementor-heading-title elementor-size-default\">Como saber se o seu filho precisa de avalia\u00e7\u00e3o psicol\u00f3gica?<\/h2>\t\t\t\t<\/div>\n\t\t\t\t<div class=\"elementor-element elementor-element-a786b82 elementor-widget-tablet__width-initial elementor-widget elementor-widget-text-editor\" data-id=\"a786b82\" data-element_type=\"widget\" data-e-type=\"widget\" data-widget_type=\"text-editor.default\">\n\t\t\t\t\t\t\t\t\t<p>Os sinais que podem indicar a necessidade de consultar um <strong>psic\u00f3logo infantil em Quarteira<\/strong> incluem mudan\u00e7as de humor s\u00fabitas, isolamento, dificuldades escolares persistentes, baixa autoestima ou comportamentos regressivos. Se est\u00e1 preocupado com o bem-estar emocional do seu filho, marque uma avalia\u00e7\u00e3o connosco.<\/p>\t\t\t\t\t\t\t\t<\/div>\n\t\t\t\t\t<\/div>\n\t\t<\/div>\n\t\t\t\t<div class=\"elementor-column elementor-col-50 elementor-top-column elementor-element elementor-element-4dd0f667\" data-id=\"4dd0f667\" data-element_type=\"column\" data-e-type=\"column\">\n\t\t\t<div class=\"elementor-widget-wrap elementor-element-populated\">\n\t\t\t\t<div class=\"elementor-element elementor-element-706658f0 e-flex e-con-boxed e-con e-parent\" data-id=\"706658f0\" data-element_type=\"container\" data-e-type=\"container\">\n\t\t\t\t\t<div class=\"e-con-inner\">\n\t\t\t\t<div class=\"elementor-element elementor-element-7fde7599 elementor-widget elementor-widget-image\" data-id=\"7fde7599\" data-element_type=\"widget\" data-e-type=\"widget\" data-widget_type=\"image.default\">\n\t\t\t\t\t\t\t\t\t\t\t\t\t\t\t<img decoding=\"async\" src=\"https:\/\/multiclinicadoalgarve.com\/wp-content\/uploads\/elementor\/thumbs\/Psicologa-infantil-em-sessao-com-criancas-em-Quarteira-r9cajpcj4oeot33nal5atwk95tvf75m7bve0zl37e0.webp\" title=\"Psic\u00f3loga infantil em sess\u00e3o com crian\u00e7as em Quarteira\" alt=\"Psic\u00f3logo Infantil com atividades l\u00fadicas em Quarteira\" loading=\"lazy\" \/>\t\t\t\t\t\t\t\t\t\t\t\t\t\t\t<\/div>\n\t\t\t\t<div class=\"elementor-element elementor-element-4b0a1a1c elementor-widget elementor-widget-image\" data-id=\"4b0a1a1c\" data-element_type=\"widget\" data-e-type=\"widget\" data-widget_type=\"image.default\">\n\t\t\t\t\t\t\t\t\t\t\t\t\t\t\t<img decoding=\"async\" src=\"https:\/\/multiclinicadoalgarve.com\/wp-content\/uploads\/2025\/07\/Psicologia-Clinica-da-Crianca-e-do-Adolescente-na-Multiclinica-do-Algarve-800x800.webp\" title=\"Psicologia Cl\u00ednica da Crian\u00e7a e do Adolescente na Multicl\u00ednica do Algarve\" alt=\"Consulta psicol\u00f3gica para crian\u00e7a no Algarve y Atendimento psicol\u00f3gico infantil com apoio familiar em Quarteira.\" loading=\"lazy\" \/>\t\t\t\t\t\t\t\t\t\t\t\t\t\t\t<\/div>\n\t\t\t\t<div class=\"elementor-element elementor-element-44a151b6 elementor-widget elementor-widget-image\" data-id=\"44a151b6\" data-element_type=\"widget\" data-e-type=\"widget\" data-widget_type=\"image.default\">\n\t\t\t\t\t\t\t\t\t\t\t\t\t\t\t<img decoding=\"async\" src=\"https:\/\/multiclinicadoalgarve.com\/wp-content\/uploads\/elementor\/thumbs\/Sessao-de-psicologia-com-crianca-em-ambiente-acolhedor-r9cajyqulb4zfednxnfupd03vgt86yaj5491eo5wgw.webp\" title=\"Sess\u00e3o de psicologia com crian\u00e7a em ambiente acolhedor\" alt=\"Psicologia Cl\u00ednica da Crian\u00e7a e do Adolescente escutando menina em Quarteira\" loading=\"lazy\" \/>\t\t\t\t\t\t\t\t\t\t\t\t\t\t\t<\/div>\n\t\t\t\t<div class=\"elementor-element elementor-element-0e18f97 elementor-widget elementor-widget-image\" data-id=\"0e18f97\" data-element_type=\"widget\" data-e-type=\"widget\" data-widget_type=\"image.default\">\n\t\t\t\t\t\t\t\t\t\t\t\t\t\t\t<img decoding=\"async\" src=\"https:\/\/multiclinicadoalgarve.com\/wp-content\/uploads\/elementor\/thumbs\/Psicologo-infantil-em-Quarteira-em-consulta-com-crianca-r9cajuzh81lmbyg9c5drdcj2z97y0a9qupciev2v58.webp\" title=\"Psic\u00f3logo infantil em Quarteira em consulta com crian\u00e7a\" alt=\"Sess\u00e3o de Psicologia Cl\u00ednica da Crian\u00e7a e do Adolescente com psic\u00f3logo masculino em Quarteira na Multicl\u00ednica do Algarve\" loading=\"lazy\" \/>\t\t\t\t\t\t\t\t\t\t\t\t\t\t\t<\/div>\n\t\t\t\t<div class=\"elementor-element elementor-element-425cefc4 elementor-align-center elementor-mobile-align-center elementor-widget elementor-widget-button\" data-id=\"425cefc4\" data-element_type=\"widget\" data-e-type=\"widget\" data-widget_type=\"button.default\">\n\t\t\t\t\t\t\t\t\t\t<a class=\"elementor-button elementor-button-link elementor-size-lg elementor-animation-float\" href=\"https:\/\/multiclinicadoalgarve.com\/marcacao-de-consultas-quarteira\/?area=medica\">\n\t\t\t\t\t\t<span class=\"elementor-button-content-wrapper\">\n\t\t\t\t\t\t\t\t\t<span class=\"elementor-button-text\">Marcar Consulta<\/span>\n\t\t\t\t\t<\/span>\n\t\t\t\t\t<\/a>\n\t\t\t\t\t\t\t\t<\/div>\n\t\t\t\t\t<\/div>\n\t\t\t\t<\/div>\n\t\t\t\t\t<\/div>\n\t\t<\/div>\n\t\t\t\t\t<\/div>\n\t\t<\/section>\n\t\t<div class=\"elementor-element elementor-element-165293c9 e-flex e-con-boxed e-con e-parent\" data-id=\"165293c9\" data-element_type=\"container\" data-e-type=\"container\" data-settings=\"{&quot;background_background&quot;:&quot;gradient&quot;}\">\n\t\t\t\t\t<div class=\"e-con-inner\">\n\t\t\t\t<div class=\"elementor-element elementor-element-1ee1c76d elementor-widget elementor-widget-text-editor\" data-id=\"1ee1c76d\" data-element_type=\"widget\" data-e-type=\"widget\" data-widget_type=\"text-editor.default\">\n\t\t\t\t\t\t\t\t\t<p>Na Multicl\u00ednica do Algarve, oferecemos acompanhamento especializado com <strong>psic\u00f3logo infantil em Quarteira<\/strong>, dedicado ao bem-estar emocional e comportamental das crian\u00e7as e adolescentes. A nossa atua\u00e7\u00e3o em <strong>Psicologia Cl\u00ednica da Crian\u00e7a e do Adolescente<\/strong> visa compreender e apoiar cada etapa do desenvolvimento, num ambiente seguro, acolhedor e prop\u00edcio \u00e0 express\u00e3o emocional. Se procura uma <strong>consulta psicol\u00f3gica para crian\u00e7a no Algarve<\/strong>, estamos aqui para ajudar com empatia, profissionalismo e experi\u00eancia.<\/p><p>A sa\u00fade mental das crian\u00e7as merece tanta aten\u00e7\u00e3o quanto a sa\u00fade f\u00edsica. Problemas como ansiedade, dificuldades escolares, baixa autoestima, luto ou separa\u00e7\u00f5es familiares podem afetar profundamente o comportamento infantil. O acompanhamento psicol\u00f3gico ajuda a identificar essas quest\u00f5es e trabalhar estrat\u00e9gias que favore\u00e7am o equil\u00edbrio emocional e a autonomia da crian\u00e7a ou adolescente. Na Multicl\u00ednica do Algarve, valorizamos a escuta ativa, o respeito pelo tempo de cada um e o envolvimento familiar como parte essencial do processo terap\u00eautico.<\/p><p>O nosso servi\u00e7o de <strong>Psicologia Cl\u00ednica da Crian\u00e7a e do Adolescente<\/strong> adapta-se \u00e0s necessidades individuais de cada jovem. Utilizamos m\u00e9todos terap\u00eauticos adequados \u00e0 faixa et\u00e1ria, como o uso de jogos terap\u00eauticos, desenhos, dramatiza\u00e7\u00f5es e din\u00e2micas de grupo. Para adolescentes, abordamos tamb\u00e9m temas como identidade, autoestima, orienta\u00e7\u00e3o vocacional e gest\u00e3o de emo\u00e7\u00f5es, sempre respeitando o seu espa\u00e7o e confidencialidade.<\/p><p>Al\u00e9m das sess\u00f5es com o jovem, oferecemos tamb\u00e9m apoio aos pais, ajudando-os a compreender melhor os sinais comportamentais, a lidar com desafios e a fortalecer os v\u00ednculos familiares. Essa abordagem integrada aumenta significativamente os resultados positivos da terapia e contribui para um ambiente familiar mais equilibrado e acolhedor.<\/p><p>A Multicl\u00ednica do Algarve conta com uma equipa multidisciplinar e experiente, preparada para oferecer atendimento humanizado e individualizado. Atuamos alinhados com as diretrizes da <a href=\"https:\/\/www.ordemdospsicologos.pt\/pt\" target=\"_blank\" rel=\"noopener\">Ordem dos Psic\u00f3logos Portugueses<\/a>, garantindo \u00e9tica, rigor e confian\u00e7a em cada sess\u00e3o.<\/p>\t\t\t\t\t\t\t\t<\/div>\n\t\t\t\t\t<\/div>\n\t\t\t\t<\/div>\n\t\t<div class=\"elementor-element elementor-element-4132143c e-flex e-con-boxed e-con e-parent\" data-id=\"4132143c\" data-element_type=\"container\" data-e-type=\"container\">\n\t\t\t\t\t<div class=\"e-con-inner\">\n\t\t<div class=\"elementor-element elementor-element-63e04bca e-flex e-con-boxed e-con e-child\" data-id=\"63e04bca\" data-element_type=\"container\" data-e-type=\"container\" data-settings=\"{&quot;background_background&quot;:&quot;gradient&quot;}\">\n\t\t\t\t\t<div class=\"e-con-inner\">\n\t\t\t\t<div class=\"elementor-element elementor-element-4f3bf5f2 elementor-widget elementor-widget-heading\" data-id=\"4f3bf5f2\" data-element_type=\"widget\" data-e-type=\"widget\" data-widget_type=\"heading.default\">\n\t\t\t\t\t<h2 class=\"elementor-heading-title elementor-size-default\">Agende uma consulta hoje mesmo<\/h2>\t\t\t\t<\/div>\n\t\t\t\t<div class=\"elementor-element elementor-element-1f28b3d0 elementor-widget elementor-widget-text-editor\" data-id=\"1f28b3d0\" data-element_type=\"widget\" data-e-type=\"widget\" data-widget_type=\"text-editor.default\">\n\t\t\t\t\t\t\t\t\t<p>Se procura um <strong data-start=\"3616\" data-end=\"3651\">psic\u00f3logo infantil em Quarteira<\/strong>, entre em contacto com a nossa equipa. A Multicl\u00ednica do Algarve est\u00e1 pronta para ajudar a sua fam\u00edlia com um acompanhamento profissional, humano e dedicado.<\/p>\t\t\t\t\t\t\t\t<\/div>\n\t\t\t\t<div class=\"elementor-element elementor-element-63cfccd7 elementor-align-center elementor-mobile-align-center elementor-widget elementor-widget-button\" data-id=\"63cfccd7\" data-element_type=\"widget\" data-e-type=\"widget\" data-widget_type=\"button.default\">\n\t\t\t\t\t\t\t\t\t\t<a class=\"elementor-button elementor-button-link elementor-size-lg elementor-animation-float\" href=\"https:\/\/multiclinicadoalgarve.com\/marcacao-de-consultas-quarteira\/?area=medica\">\n\t\t\t\t\t\t<span class=\"elementor-button-content-wrapper\">\n\t\t\t\t\t\t\t\t\t<span class=\"elementor-button-text\">Marcar Consulta<\/span>\n\t\t\t\t\t<\/span>\n\t\t\t\t\t<\/a>\n\t\t\t\t\t\t\t\t<\/div>\n\t\t\t\t\t<\/div>\n\t\t\t\t<\/div>\n\t\t\t\t\t<\/div>\n\t\t\t\t<\/div>\n\t\t\t\t<\/div>\n\t\t","protected":false},"excerpt":{"rendered":"<p>Psic\u00f3logo Infantil em Quarteira Home Consultas M\u00e9dicas em Quarteira Psicologia Infantil e do Adolescente em Quarteira Na Multicl\u00ednica do Algarve, oferecemos atendimento especializado em psicologia infantil e do adolescente, focado no bem-estar emocional e comportamental de crian\u00e7as e jovens. Nossa equipa de psic\u00f3logos avalia e acompanha casos de ansiedade, depress\u00e3o, dificuldades de aprendizagem, traumas, problemas [&hellip;]<\/p>\n","protected":false},"author":1,"featured_media":0,"parent":0,"menu_order":0,"comment_status":"closed","ping_status":"closed","template":"elementor_header_footer","meta":{"footnotes":""},"class_list":["post-877","page","type-page","status-publish","hentry"],"_links":{"self":[{"href":"https:\/\/multiclinicadoalgarve.com\/wp-json\/wp\/v2\/pages\/877","targetHints":{"allow":["GET"]}}],"collection":[{"href":"https:\/\/multiclinicadoalgarve.com\/wp-json\/wp\/v2\/pages"}],"about":[{"href":"https:\/\/multiclinicadoalgarve.com\/wp-json\/wp\/v2\/types\/page"}],"author":[{"embeddable":true,"href":"https:\/\/multiclinicadoalgarve.com\/wp-json\/wp\/v2\/users\/1"}],"replies":[{"embeddable":true,"href":"https:\/\/multiclinicadoalgarve.com\/wp-json\/wp\/v2\/comments?post=877"}],"version-history":[{"count":0,"href":"https:\/\/multiclinicadoalgarve.com\/wp-json\/wp\/v2\/pages\/877\/revisions"}],"wp:attachment":[{"href":"https:\/\/multiclinicadoalgarve.com\/wp-json\/wp\/v2\/media?parent=877"}],"curies":[{"name":"wp","href":"https:\/\/api.w.org\/{rel}","templated":true}]}}